{"id":11618,"date":"2017-01-26T11:03:54","date_gmt":"2017-01-26T11:03:54","guid":{"rendered":"https:\/\/gaia-essen.de\/?page_id=11618"},"modified":"2026-03-24T08:31:14","modified_gmt":"2026-03-24T07:31:14","slug":"kommunistischer-bund-essen","status":"publish","type":"page","link":"https:\/\/orexis.io\/clone_gaia-essen15-11-20\/kommunistischer-bund-essen\/","title":{"rendered":"Kommunistischer Bund Essen"},"content":{"rendered":"<p>(18\/02\/20, aktuell) <strong>Der Einstieg in den Kommunismus: <\/strong>Wirtschaftordung, Entfremdung, Sozialismus, Konzentrationstheorie und Liberalismus. Die KPD (Maoisten) organisiert sich in kommunalen B\u00fcnden, die auf den entelechischen Wachsamkeitskomitees aufgebaut sind. Das aus den jeweiligen Letztbegr\u00fcndungsinstanzen heraus wirksame \u201eStreben&#8221; (Goethe), der \u201etotalexistierenden Individualit\u00e4t&#8221; (Rudolf Steiner) erreicht im Gebrauch seines Verstandes f\u00fcr den \u00dcberlebenskampf sein erstes Entwicklungsziel. Das Tier im Menschen ist aber nicht der Hauptzweck seines irdischen Daseins! Es muss sich noch mit der Sonne vereinigen, und zwar mit der, die mittags weit oben steht (Nietzsche)! Gr\u00f6\u00dfte W\u00e4rme, reine Selbsturspr\u00fcnglichkeit! Der Zarathustra, die ungest\u00f6rte Selbstbewegung kann auf diese Weise vom transzendentalen Ich beobachtet werden.<\/p>\n<p><strong>Methodischer Hinweis: Dieser Studien-Text wurde f\u00fcr Ihr Bewusstsein von der KI meta-hermeneutisch zum Zweck einer tiefergehenden Analyse rezensierend, moderierend und lektorierend f\u00fcr das sozial-plastische Gespr\u00e4ch aufbereitet und aus poetologisch praktischen Gr\u00fcnden von der Instanz des erotischen Strebens Faust ungefiltert wiedergegeben! (Zusammenfassung, Podcast, Video-Clip)<\/strong><\/p>\n<p style=\"text-align: center;\"><strong>Die Synthese von kommunistischem Idealismus und transzendentaler Philosophie<br \/>\n<\/strong>Zusammenfassung des Studientextes<\/p>\n<p>Dieser Text entwirft eine philosophisch unterlegte Neuausrichtung des Kommunismus, die den \u00f6konomischen Materialismus durch eine\u00a0<strong>spirituelle und individualistische Dimension<\/strong>\u00a0erweitert. Der Verfasser verkn\u00fcpft maoistische Organisationsformen mit den Idealen der\u00a0<strong>deutschen Klassik und Lebensphilosophie<\/strong>, um den Menschen aus einer rein tierischen Existenz zur geistigen Selbstbestimmung zu f\u00fchren. Ein zentrales Anliegen ist die Warnung vor einer\u00a0<strong>oligarchischen Despotie<\/strong>, die aus der problematischen Schnittmenge von Liberalismus, Kapitalismus und Kommunismus resultiert. Um einen kulturellen Verfall zu verhindern, fordert das Manifest eine\u00a0<strong>Renaissance der kommunistischen Idee<\/strong>, welche die rein objektive Arbeitswelt \u00fcberwindet und das\u00a0<strong>subjektive Streben des Individuums<\/strong>\u00a0wieder in das Zentrum der gesellschaftlichen Erneuerung r\u00fcckt.<\/p>\n<p style=\"text-align: center;\"><strong>Maoismus als Brutkasten f\u00fcr \u00dcbermenschen<br \/>\n<\/strong>Podcast<\/p>\n<audio class=\"wp-audio-shortcode\" id=\"audio-11618-1\" preload=\"none\" style=\"width: 100%;\" controls=\"controls\"><source type=\"audio\/mpeg\" src=\"https:\/\/orexis.io\/clone_gaia-essen15-11-20\/wp-content\/uploads\/2026\/03\/Bund-Maoismus_als_Brutkasten_fur_Ubermenschen.m4a?_=1\" \/><a href=\"https:\/\/orexis.io\/clone_gaia-essen15-11-20\/wp-content\/uploads\/2026\/03\/Bund-Maoismus_als_Brutkasten_fur_Ubermenschen.m4a\">https:\/\/orexis.io\/clone_gaia-essen15-11-20\/wp-content\/uploads\/2026\/03\/Bund-Maoismus_als_Brutkasten_fur_Ubermenschen.m4a<\/a><\/audio>\n<p style=\"text-align: center;\">Studientext (Fortsetzung)<\/p>\n<p>Zwar kann der allgemeine Begriff bei Platon abgetrennt auch rassistisch als Gattungsbezeichnung gelesen werden, aber schon Aristoteles l\u00e4\u00dft ihn nur in Verbindung mit dem Besonderen zu. Hier aber besteht die Gefahr des monolithischen Missbrauches jenes \u00fcbergreifenden Gedankens, wenn er nicht prozesshaft eingesetzt wird. Er kann als Modellbegriff in Seinsgebiete eingreifen, wo er nur begrenzt zust\u00e4ndig ist. Er kann als Vernunftschluss f\u00fcr das Toleranzgebot in der Politik zur blo\u00dfen Machtstabilisierung eingesetzt werden. Er kann als lebendige Idee in der nicht mehr zeitgem\u00e4\u00dfen Ideologie erstarren.<\/p>\n<p>Immer wieder wird dem \u201eabsolut guten Willen&#8221; (Kant) in der individuellen Verk\u00f6rperung sein sinnlich-sittliches Wollen heteronom gewaltt\u00e4tig oder auch nur verf\u00fchrerisch verzweckt und damit der kulturrevolution\u00e4ren Kunst entzogen. In besonders krassen F\u00e4llen wird er komplett zerst\u00f6rt und das allein \u00fcbrigbleibende tierische Wesen h\u00f6llenhaft zur Sklavenarbeit verdammt.<\/p>\n<p style=\"text-align: center;\">Video-Clip<\/p>\n<div style=\"width: 480px;\" class=\"wp-video\"><video class=\"wp-video-shortcode\" id=\"video-11618-1\" width=\"480\" height=\"270\" preload=\"metadata\" controls=\"controls\"><source type=\"video\/mp4\" src=\"https:\/\/orexis.io\/clone_gaia-essen15-11-20\/wp-content\/uploads\/2026\/03\/Bund-Die_kommunistische_Idee.mp4?_=1\" \/><a href=\"https:\/\/orexis.io\/clone_gaia-essen15-11-20\/wp-content\/uploads\/2026\/03\/Bund-Die_kommunistische_Idee.mp4\">https:\/\/orexis.io\/clone_gaia-essen15-11-20\/wp-content\/uploads\/2026\/03\/Bund-Die_kommunistische_Idee.mp4<\/a><\/video><\/div>\n<p style=\"text-align: center;\">Studientext (Fortsetzung)<\/p>\n<p>(26\/01\/17) Ein Wirtschaftslexikon im Netz bringt den Kommunismus in einer ersten Ann\u00e4herung auf die oben genannten f\u00fcnf Hauptpunkte in einer <a href=\"http:\/\/wirtschaftslexikon.gabler.de\/Archiv\/5306\/kommunismus-v8.html\">Mindmap-Vollansicht.<\/a> Danach bestehen Wechselwirkungen zwischen der Wirtschaftsordnung und dem Sozialismus, besteht eine einseitige Einwirkung der Entfremdung auf die Entstehung des Kommunismus, wozu auch die Konzentrationstheorie geh\u00f6rt und eine Sto\u00dfrichtung vom Kommunismus aus in Richtung des Liberalismus.<\/p>\n<p>Zu dieser ersten \u00dcbersicht mit ihren f\u00fcnf Feldern kann knapp im ersten Anlauf folgendes gesagt werden: F\u00fcr unser Vorhaben wichtig ist die \u00dcberschneidung der Interessen des Kapitalismus und des Kommunismus im Liberalismus, was die Ausbildung einer oligarchischen Despotie beg\u00fcnstigt. Auch Mao zedong warnte vor b\u00fcrgerlichen Rechtsabweichler-innen, aber auch vor ultralinken Spalter-innen. Das untr\u00fcgliche Zeichen der Einrichtung eines konterrevolution\u00e4ren Systems ist eine Apartheid, die sich hinter unz\u00e4hligen Masken verstecken kann.<\/p>\n<p>Deshalb muss wieder eine Renaissance der kommunistischen Idee her, die das Gemeinsame nicht ohne das Besondere erneut verteidigt, die Feudalbourgeoisie entmachtet, denn die wahre Ursache f\u00fcr das Verfehlen der &#8220;Arbeiteridylle&#8221; ist die von jener Erzreaktion stur beibehaltene &#8220;laboristische Unternehmensverfassung&#8221;. Es ist der Objektivismus unter Ausschaltung des subjektiven Strebens, der letztendlich zum Kulturabbruch trotz Anfangserfolge f\u00fchrt, was jede aufmerksame B\u00fcrger-in zur Zeit in Deutschland beobachten kann. (wird fortgesetzt) 1)<br \/>\n_______________________________<br \/>\n1) Dieser Text wurde am und 16\/01\/17 erstellt, am 18\/02\/20 \u00fcberarbeitet und am 08\/08\/21 erneut stilistisch angepasst.<\/p>\n","protected":false},"excerpt":{"rendered":"<p>(18\/02\/20, aktuell) Der Einstieg in den Kommunismus: Wirtschaftordung, Entfremdung, Sozialismus, Konzentrationstheorie und Liberalismus. Die KPD (Maoisten) organisiert sich in kommunalen&#8230;<\/p>\n","protected":false},"author":1,"featured_media":0,"parent":0,"menu_order":0,"comment_status":"closed","ping_status":"closed","template":"","meta":{"footnotes":""},"class_list":["post-11618","page","type-page","status-publish","hentry"],"_links":{"self":[{"href":"https:\/\/orexis.io\/clone_gaia-essen15-11-20\/wp-json\/wp\/v2\/pages\/11618","targetHints":{"allow":["GET"]}}],"collection":[{"href":"https:\/\/orexis.io\/clone_gaia-essen15-11-20\/wp-json\/wp\/v2\/pages"}],"about":[{"href":"https:\/\/orexis.io\/clone_gaia-essen15-11-20\/wp-json\/wp\/v2\/types\/page"}],"author":[{"embeddable":true,"href":"https:\/\/orexis.io\/clone_gaia-essen15-11-20\/wp-json\/wp\/v2\/users\/1"}],"replies":[{"embeddable":true,"href":"https:\/\/orexis.io\/clone_gaia-essen15-11-20\/wp-json\/wp\/v2\/comments?post=11618"}],"version-history":[{"count":5,"href":"https:\/\/orexis.io\/clone_gaia-essen15-11-20\/wp-json\/wp\/v2\/pages\/11618\/revisions"}],"predecessor-version":[{"id":19491,"href":"https:\/\/orexis.io\/clone_gaia-essen15-11-20\/wp-json\/wp\/v2\/pages\/11618\/revisions\/19491"}],"wp:attachment":[{"href":"https:\/\/orexis.io\/clone_gaia-essen15-11-20\/wp-json\/wp\/v2\/media?parent=11618"}],"curies":[{"name":"wp","href":"https:\/\/api.w.org\/{rel}","templated":true}]}}