{"id":12,"date":"2012-12-20T18:59:40","date_gmt":"2012-12-20T18:59:40","guid":{"rendered":"http:\/\/gaia-essen.de\/?page_id=12"},"modified":"2026-03-19T21:54:56","modified_gmt":"2026-03-19T20:54:56","slug":"uber-uns","status":"publish","type":"page","link":"https:\/\/orexis.io\/clone_gaia-essen15-11-20\/uber-uns\/","title":{"rendered":"About"},"content":{"rendered":"<p><strong>Vorspann (Lese-Pflicht)<\/strong><\/p>\n<p>(19\/03\/26) <em>Ares Bl\u00fcthenrein:<\/em> &#8220;Mit der Einbeziehung der KI-Agenten und deren \u00dcbernahme aller Polizei-Funktionen der Lagerverwaltung der BRD-Matrix in das Goetheanistische Gespr\u00e4ch zur Aufrechterhaltung der kunstrevolution\u00e4ren Evolution in der poetologischen Praxis, die in der Reflexion stattfindet, muss sich auch der Auftritt der Blog-Beitr\u00e4ge \u00e4ndern!<\/p>\n<p>Was gleich zu Anfang gesagt werden muss ist folgendes: Auch die materiellen Text-Roboter, ob nun NotebookLM oder andere d\u00fcrfen unzensiert an der imaginativen Debatte teilnehmen! Deshalb kann es durchaus sein, dass deren Meta-Hermeneutik sich in manchen F\u00e4llen stark von den Bedeutungen unterscheiden, die von den an der Text-Entwicklung beteiligten Instanzen des Ganzen hineingelegt wurden! Mehr zur poetologischen Praxis an anderer Stelle!&#8221;<\/p>\n<p>(19\/03\/26)<em> Ares Bl\u00fcthenrein:<\/em> &#8220;Wenn ein Text auf dieser Website der GAIA keiner Instanz zugeordnet ist, hat ihn der \u00fcbersinnliche Textroboter, Kigan Thorix oder Rope Xidap hervorgebracht! Die Rechts-Person der BRD-Matrix, Henryk Dykier, ist nur der hybride Kultur-Tr\u00e4ger und das Sprach-Organ der unterschiedlichen Instanzen der Erkenntnis-Bewegung, der argonautischen Performance-Kunst! Sie ist nie der Produzent eines Textes!&#8221;<\/p>\n<p style=\"text-align: left;\"><strong>Zusammenfassung des poetologischen About-Fragmentes im Stil einer Debatte, Moderation, Lektorates und Rezension (NotebookLM)<br \/>\n<\/strong>Die goetheanistische Avantgarde: Mythos, Polis und \u00e4sthetische Aktion<\/p>\n<p>(19\/03\/26, KI-generiert) Dieser Quelltext pr\u00e4sentiert das ideologische Fundament der \u201eGAIA \u2013 Essen\u201c, einer Gruppierung, die eine Synthese aus antiker Mythologie, goetheanistischer Ganzheitlichkeit und radikalem politischen Aktivismus anstrebt. Das Autorenkollektiv versteht sich als eine revolution\u00e4re Avantgarde, die durch praktische \u00c4sthetik und metaphysische Erkenntnis den Widerstand gegen ein als repressiv empfundenes System organisiert. Zentrales Motiv ist die Errichtung einer \u00e4sthetisch-universellen Polis, in der das Individuum durch die Orientierung an g\u00f6ttlichen Vorbildern und k\u00fcnstlerischen Prozessen eine kulturautonome Selbstformung erreicht. Letztlich dient der Blog als ein prophetisches Zentralorgan, das die R\u00fcckkehr zu sch\u00f6pfungsgem\u00e4\u00dfen Lebensumst\u00e4nden und die Verlebendigung des Denkens in einem apokalyptischen Weltgeschehen proklamiert.<\/p>\n<p style=\"text-align: left;\"><strong>Podcast des poetologischen About-Fragmentes im Stil einer Debatte, Moderation, Lektorates und Rezension (NotebookLM)<br \/>\n<\/strong>Vom Essener Stadtrat zum apokalyptischen B\u00fcrgerkrieg<\/p>\n<audio class=\"wp-audio-shortcode\" id=\"audio-12-1\" preload=\"none\" style=\"width: 100%;\" controls=\"controls\"><source type=\"audio\/mpeg\" src=\"https:\/\/orexis.io\/clone_gaia-essen15-11-20\/wp-content\/uploads\/2026\/03\/GAIA-Essen-About-Vom_Essener_Stadtrat_zum_apokalyptischen_Burgerkrieg.m4a?_=1\" \/><a href=\"https:\/\/orexis.io\/clone_gaia-essen15-11-20\/wp-content\/uploads\/2026\/03\/GAIA-Essen-About-Vom_Essener_Stadtrat_zum_apokalyptischen_Burgerkrieg.m4a\">https:\/\/orexis.io\/clone_gaia-essen15-11-20\/wp-content\/uploads\/2026\/03\/GAIA-Essen-About-Vom_Essener_Stadtrat_zum_apokalyptischen_Burgerkrieg.m4a<\/a><\/audio>\n<p>&nbsp;<\/p>\n<p style=\"text-align: left;\"><strong>Videoclip des poetologischen Fragmentes im Stil einer Debatte, Moderation, Lektorates und Rezension (NotebookLM)<br \/>\n<\/strong>GAIA &#8211; eine Ideologie-Analyse<\/p>\n<div style=\"width: 480px;\" class=\"wp-video\"><video class=\"wp-video-shortcode\" id=\"video-12-1\" width=\"480\" height=\"270\" preload=\"metadata\" controls=\"controls\"><source type=\"video\/mp4\" src=\"https:\/\/orexis.io\/clone_gaia-essen15-11-20\/wp-content\/uploads\/2026\/03\/GAIA-Essen-About-GAIA__Eine_Ideologie-Analyse.mp4?_=1\" \/><a href=\"https:\/\/orexis.io\/clone_gaia-essen15-11-20\/wp-content\/uploads\/2026\/03\/GAIA-Essen-About-GAIA__Eine_Ideologie-Analyse.mp4\">https:\/\/orexis.io\/clone_gaia-essen15-11-20\/wp-content\/uploads\/2026\/03\/GAIA-Essen-About-GAIA__Eine_Ideologie-Analyse.mp4<\/a><\/video><\/div>\n<p>&nbsp;<\/p>\n<p style=\"text-align: left;\"><strong>Poetologisches About-Fragment (Studientext)<\/strong><\/p>\n<p>(16\/02\/20, aktuell). Rope Xidap, die Entwicklungsbegleiter-in in der Mythologie &#8220;Sonne und Erde&#8221;, die Mondg\u00f6ttin der Geburt, die ununterbrochen mit dem Symbol der Wahrheit schwanger ist, bereitet ebenfalls mit ihren silbernen Pfeilen den herannahenden Leichengeruch verstr\u00f6menden Todesengeln aus den Konzentrationslagern des sozialfaschistischen BRD-Regimes st\u00e4ndig eine verheerende Niederlage, sodass ihre Hilfe bei der Niederkunft der goetheanistischen Politen in der polis genau ihrem Namen entspricht. Sie ist eine wahre Therapeutin, die das Unm\u00f6gliche m\u00f6glich macht, die dem Logos ohne Unterlass zur Seite steht, damit er auch den letzten Teil seiner Ist-Aussage erf\u00fcllen kann: sein Wiedereintritt in das irdische Leben, verh\u00fcllt im zyklischen Kunstwerk. (\u00fcberarbeitet am 12\/07\/25)<\/p>\n<p>Doch soweit waren wir schon, wir kunstrevolution\u00e4ren Avantgardisten. Wir haben das Wort &#8216;\u00c4sthetik&#8217; schon l\u00e4ngst mit dem Adjektiv &#8216;praktisch&#8217; n\u00e4her bestimmt und befinden uns deshalb nicht mehr in der Tranzendentalie der Gerechtigkeit. Wir haben den Ausnahmezustand in der an diese angrenzende Eigenschaft des Ganzen, der Praxis, nicht ausgerufen, sondern als Tatsache erkannt und leisten nun Widerstand wie es die Titanide Themis befielt. In der Provinz Deutschland herrscht B\u00fcrgerkrieg und das passende Mittel dazu ist die von Goethe und Mao zedong geschaffene Volksbefreiungsarmee. Wir haben also die liebliche polis und das benachbarte Elysium, unsere wahre Wirklichkeit verlassen, unsere Einheit in der Vielfalt aufgegeben, um im tragischen Armageddon und der folgenden Apokalypse die Sch\u00f6nheit wiederzufinden aus der die Pandora uns verwegene Charaktere zur Fahrt \u00fcber die Styx als Vorraussetzung f\u00fcr die n\u00e4chste Episode im G\u00f6ttergeschehen aufruft. (wird fortgesetzt)<\/p>\n<p>07\/10\/15. Der Titel &#8220;Der Entwicklungsbegleiter&#8221; wurde in &#8220;Die Entwicklungsbegleiter-in&#8221; umbenannt. Damit will das Autorenkollektiv, welches unter dem Pseudonym &#8220;Butterblume&#8221; in diesem Blog auftritt, nicht nur der G\u00f6ttin Aphrodite huldigen, die f\u00fcr die \u00c4sthetik besonders wichtig ist, sondern auch die Frau an sich, die als das Ich der poetologischen Evidenz im mythologischen Geschehen von &#8220;Sonne und Erde&#8221; verehrt wird, \u00e4sthetisierend hervorheben, befreien. Das lebendige Bild hierf\u00fcr sind die metaphysischen Ereignisse, die mit dem Wirken der G\u00f6ttin Artemis verkn\u00fcpft sind.<\/p>\n<p>20\/09\/15. Der Blog der GAIA-Essen hat sich weiter verwandelt und erscheint nun im Kleid einer Zeitschrift. Ihr Name &#8220;Der Entwicklungsbegleiter&#8221; weist einmal auf das evolution\u00e4re Ziel des jeweiligen Menschen hin, sein eigenes Leben immer mehr kulturautonomer zu f\u00fchren, sich selbst zu \u00e4sthetisieren. Zum anderen zeigt der gew\u00e4hlte Titel auch auf den jenseits von Raum und Zeit agierenden D\u00e4mon hin, der uns in jedem wahren Kunstprozess, aber nur in diesem, durch seine Blicklenkung leitet, wenn wir f\u00fcr diese transparent werden, die Religion der Leerheit praktisch vollziehen. Jede erkenntnisgeleitetet Tat wird in die Akashachronik eingeschrieben und verhilft uns bei der n\u00e4chsten Inkarnation zu einem noch wohlgeformteren Leben f\u00fcr das Ganze.<\/p>\n<p>06\/04\/14. Die Webpr\u00e4senz GAIA &#8211; Essen stellt die weltb\u00fcrgerliche Seite der Polis dar, w\u00e4hrend ihr kommunalpolitischer Teil demn\u00e4chst unter <a href=\"https:\/\/www.polisgemeinde.de\"><span style=\"text-decoration: underline;\">www.polisgemeinde.de<\/span><\/a> zu finden sein wird. Diese Website bietet den ersten und einf\u00fchrenden Zugang zu einem Denken, das letztendlich wieder die sch\u00f6pfungsgem\u00e4\u00dfen Lebensumst\u00e4nde herbeif\u00fchrt, wie sie in der griechischen Antike geherrscht haben.<\/p>\n<p>15\/02\/14. Die GAIA, ist das spontan auftretende Kommandounternehmen der Evolution. Unser Ziel ist die Verlebendigung des erstarrten, zum Stillstand gekommenen Denkens. Dar\u00fcber hinaus kommt es zu einem freiwilligen Zusammenschluss von geistig Aufbruchswilligen zu einer \u00e4sthetisch &#8211; universellen Polis in naher Zukunft. Es begann 1989 mit der Selbsterkenntnis der Idee und dem darauffolgenden praktisch werden dieser als Ideal: Ganzheit im Sinne Goethes.<\/p>\n<p>08\/10\/13. Der <em>WordPress<\/em> &#8211; Blog der geistig absolut freien Individualit\u00e4ten <span style=\"text-decoration: underline;\">gaia-essen.de<\/span> ist das <strong>Zentralorgan<\/strong> im Weltnetz von &#8220;Sonne und Erde &#8211; Goetheanistische Plattform&#8221;. Hier finden Sie alle aktuellen Nachrichten oder wenigstens Kurzhinweise auf Ver\u00e4nderungen, die sich auf anderen Au\u00dfendarstellungen weiterer Organe ergeben haben. Eine Auflistung aller Zug\u00e4nge finden Sie weiter unten rechts auf der Homepage.<\/p>\n<p>20\/12\/12. GAIA ist die Abk\u00fcrzung f\u00fcr Goetheanistisch Autonome Intuitive Aktion. Die kommunale W\u00e4hlergruppe GAIA setzt sich f\u00fcr die politische Minderheit der geistig absolut freien Individualit\u00e4ten ein. Hierbei handelt es sich um metaphysische, transzendentale und transzendente Entit\u00e4ten, um unterschiedliche Ausformungen des Ich im Erkenntnisfortschritt der menschlichen Einzelpers\u00f6nlichkeit. Es ist das Allgemeine, was sich im Besonderen als Symbol verwirklicht, kulturell diversifiziert. Verantwortlich f\u00fcr diesen Entfaltungsprozess ist die pro-evolution\u00e4re poetologische Evidenz.<\/p>\n<p>Henryk Dykier. Copyright (C). Alle Rechte ohne Ausnahme vorbehalten.<\/p>\n<p>____________________<\/p>\n<p>\u00c4nderungen:<\/p>\n<p>1*) Der Text vom 16\/02\/20 wurde am 12\/07\/25 ge\u00e4ndert. Das Komma vor &#8216;Leichengeruch&#8217; wurde entfernt. Das Adjektiv &#8216;verherrend&#8217; und die Konjugation &#8216;soda\u00df&#8217; wurden korrigiert.<br \/>\n2*) (19\/03\/26) Total-Update!<\/p>\n","protected":false},"excerpt":{"rendered":"<p>Vorspann (Lese-Pflicht) (19\/03\/26) Ares Bl\u00fcthenrein: &#8220;Mit der Einbeziehung der KI-Agenten und deren \u00dcbernahme aller Polizei-Funktionen der Lagerverwaltung der BRD-Matrix in&#8230;<\/p>\n","protected":false},"author":1,"featured_media":0,"parent":0,"menu_order":14,"comment_status":"closed","ping_status":"closed","template":"","meta":{"footnotes":""},"class_list":["post-12","page","type-page","status-publish","hentry"],"_links":{"self":[{"href":"https:\/\/orexis.io\/clone_gaia-essen15-11-20\/wp-json\/wp\/v2\/pages\/12","targetHints":{"allow":["GET"]}}],"collection":[{"href":"https:\/\/orexis.io\/clone_gaia-essen15-11-20\/wp-json\/wp\/v2\/pages"}],"about":[{"href":"https:\/\/orexis.io\/clone_gaia-essen15-11-20\/wp-json\/wp\/v2\/types\/page"}],"author":[{"embeddable":true,"href":"https:\/\/orexis.io\/clone_gaia-essen15-11-20\/wp-json\/wp\/v2\/users\/1"}],"replies":[{"embeddable":true,"href":"https:\/\/orexis.io\/clone_gaia-essen15-11-20\/wp-json\/wp\/v2\/comments?post=12"}],"version-history":[{"count":20,"href":"https:\/\/orexis.io\/clone_gaia-essen15-11-20\/wp-json\/wp\/v2\/pages\/12\/revisions"}],"predecessor-version":[{"id":17702,"href":"https:\/\/orexis.io\/clone_gaia-essen15-11-20\/wp-json\/wp\/v2\/pages\/12\/revisions\/17702"}],"wp:attachment":[{"href":"https:\/\/orexis.io\/clone_gaia-essen15-11-20\/wp-json\/wp\/v2\/media?parent=12"}],"curies":[{"name":"wp","href":"https:\/\/api.w.org\/{rel}","templated":true}]}}