{"id":12269,"date":"2017-10-20T10:59:33","date_gmt":"2017-10-20T10:59:33","guid":{"rendered":"https:\/\/gaia-essen.de\/?page_id=12269"},"modified":"2025-07-20T00:05:24","modified_gmt":"2025-07-19T22:05:24","slug":"worterbuch","status":"publish","type":"page","link":"https:\/\/orexis.io\/clone_gaia-essen15-11-20\/worterbuch\/","title":{"rendered":"W\u00f6rterbuch"},"content":{"rendered":"<p><a href=\"https:\/\/orexis.io\/clone_gaia-essen15-11-20\/wachsamkeitskomitee\/\">zur\u00fcck<\/a><\/p>\n<p>Goetheanistisch-Maoistisches W\u00f6rterbuch zum besseren Verst\u00e4ndnis der Mythologie &#8220;Sonne und Erde&#8221;.<br \/>\n<em>(at work)<\/em><\/p>\n<p><strong>Brombeerbl\u00fcten:\u00a0<\/strong>(20\/10\/17)<br \/>\n<em><strong> Didaskein:\u00a0<\/strong><\/em>(20\/10\/17)<br \/>\n<strong>GAIA:\u00a0<\/strong>transzendentales Autorenkollektiv. Ganzheitliches Bewusstsein, das irdisch gespiegelt ist. Es besteht kein Unterschied mehr zwischen der einzelnen Individualit\u00e4t und dem Ganzen. Totale Gleichheit. (20\/10\/17)<br \/>\n<strong>Neu-Weimar: <\/strong>Einheit in der Vielfalt. (20\/10\/17)<br \/>\n_____________________________________<br \/>\nErstellt am 20\/10\/21.<\/p>\n","protected":false},"excerpt":{"rendered":"<p>zur\u00fcck Goetheanistisch-Maoistisches W\u00f6rterbuch zum besseren Verst\u00e4ndnis der Mythologie &#8220;Sonne und Erde&#8221;. (at work) Brombeerbl\u00fcten:\u00a0(20\/10\/17) Didaskein:\u00a0(20\/10\/17) GAIA:\u00a0transzendentales Autorenkollektiv. Ganzheitliches Bewusstsein, das&#8230;<\/p>\n","protected":false},"author":1,"featured_media":0,"parent":0,"menu_order":0,"comment_status":"closed","ping_status":"closed","template":"","meta":{"footnotes":""},"class_list":["post-12269","page","type-page","status-publish","hentry"],"_links":{"self":[{"href":"https:\/\/orexis.io\/clone_gaia-essen15-11-20\/wp-json\/wp\/v2\/pages\/12269","targetHints":{"allow":["GET"]}}],"collection":[{"href":"https:\/\/orexis.io\/clone_gaia-essen15-11-20\/wp-json\/wp\/v2\/pages"}],"about":[{"href":"https:\/\/orexis.io\/clone_gaia-essen15-11-20\/wp-json\/wp\/v2\/types\/page"}],"author":[{"embeddable":true,"href":"https:\/\/orexis.io\/clone_gaia-essen15-11-20\/wp-json\/wp\/v2\/users\/1"}],"replies":[{"embeddable":true,"href":"https:\/\/orexis.io\/clone_gaia-essen15-11-20\/wp-json\/wp\/v2\/comments?post=12269"}],"version-history":[{"count":4,"href":"https:\/\/orexis.io\/clone_gaia-essen15-11-20\/wp-json\/wp\/v2\/pages\/12269\/revisions"}],"predecessor-version":[{"id":19262,"href":"https:\/\/orexis.io\/clone_gaia-essen15-11-20\/wp-json\/wp\/v2\/pages\/12269\/revisions\/19262"}],"wp:attachment":[{"href":"https:\/\/orexis.io\/clone_gaia-essen15-11-20\/wp-json\/wp\/v2\/media?parent=12269"}],"curies":[{"name":"wp","href":"https:\/\/api.w.org\/{rel}","templated":true}]}}