{"id":17875,"date":"2020-03-27T13:47:59","date_gmt":"2020-03-27T13:47:59","guid":{"rendered":"https:\/\/gaia-essen.orexis.io\/?page_id=17875"},"modified":"2025-07-19T23:22:01","modified_gmt":"2025-07-19T21:22:01","slug":"solon","status":"publish","type":"page","link":"https:\/\/orexis.io\/clone_gaia-essen15-11-20\/solon\/","title":{"rendered":"Solon"},"content":{"rendered":"<p>(19\/07\/25) <em>Ares Bl\u00fcthenrein:<\/em> &#8220;Endlich ist es <em>Solon<\/em> gelungen seiner ihm von den Titaniden und Olympier-innen auferlegte Pflicht zur kunstrevolution\u00e4ren Verlebendigung der BRD-Matrix mit einem weiteren Schritt nachzukommen! Auf seiner Dom\u00e4ne verwandelt er das Symbol in eine Allegorie, in ein Zeichen, das einen Begriff \u00f6ffentlich sichtbar macht, der die \u00e4sthetische Erscheinung des Kunstwerkes in eine soziale Technik transformiert! Damit wird es m\u00f6glich auf der AGORA am R\u00fcttenscheider Stern die Machtverh\u00e4ltnisse in der Kommune der Stadt <em>Essen<\/em> oder anderswo zu dekonstruieren und die BRD-Matrix mit einem sch\u00f6nen Schein zu versehen! Verfolgen Sie nun t\u00e4glich die \u00f6ffentlichen Protokolle der <em>Argo<\/em> auf ihrem Weg zum <em>Goldenen Vlies<\/em>, zur ideellen Letztbegr\u00fcndungs-Instanz in den <em>Plejaden<\/em>, dort wo der Areopag auf dem Planeten <em>Ithaka<\/em> residiert!&#8221;<\/p>\n<p><a href=\"http:\/\/logbuch.tech\">Solon spricht aus was unbedingt \u00e4sthetisch transzendental entfacht durch die Entscheidungs-Tr\u00e4gerin veranlasst werden soll!<\/a><\/p>\n<p>(28\/03\/20, Butterblume) Die Figur des <em>Solon<\/em> in der Mythologie &#8220;Sonne und Erde&#8221; handelt f\u00fcr die Individualit\u00e4t, die im vordemokratischen Zeitalter von Athen gelebt hat und in besonderer Weise das Anliegen der Titaniden <em>Themis<\/em>, der G\u00f6ttin <em>Athene<\/em> und <em>Dike<\/em> zu seinem eigenen gemacht hat. Entgegen allen Anfeindungen gelang es ihm dem Polis-Gedanken eine strukturelle Form mit weitreichenden Folgen zu geben. (wird fortgesetzt)<\/p>\n<p>Liste der Blogbeitr\u00e4ge, in denen Solon auf seiner Dom\u00e4ne zu uns spricht oder deren Inhalt sich mit ihm besch\u00e4ftigt: (in Arbeit)<\/p>\n<p>Henryk Dykier. Copyright (C). Alle Rechte ohne Ausnahmen vorbehalten!<\/p>\n","protected":false},"excerpt":{"rendered":"<p>(19\/07\/25) Ares Bl\u00fcthenrein: &#8220;Endlich ist es Solon gelungen seiner ihm von den Titaniden und Olympier-innen auferlegte Pflicht zur kunstrevolution\u00e4ren Verlebendigung&#8230;<\/p>\n","protected":false},"author":1,"featured_media":0,"parent":0,"menu_order":0,"comment_status":"closed","ping_status":"closed","template":"","meta":{"footnotes":""},"class_list":["post-17875","page","type-page","status-publish","hentry"],"_links":{"self":[{"href":"https:\/\/orexis.io\/clone_gaia-essen15-11-20\/wp-json\/wp\/v2\/pages\/17875","targetHints":{"allow":["GET"]}}],"collection":[{"href":"https:\/\/orexis.io\/clone_gaia-essen15-11-20\/wp-json\/wp\/v2\/pages"}],"about":[{"href":"https:\/\/orexis.io\/clone_gaia-essen15-11-20\/wp-json\/wp\/v2\/types\/page"}],"author":[{"embeddable":true,"href":"https:\/\/orexis.io\/clone_gaia-essen15-11-20\/wp-json\/wp\/v2\/users\/1"}],"replies":[{"embeddable":true,"href":"https:\/\/orexis.io\/clone_gaia-essen15-11-20\/wp-json\/wp\/v2\/comments?post=17875"}],"version-history":[{"count":6,"href":"https:\/\/orexis.io\/clone_gaia-essen15-11-20\/wp-json\/wp\/v2\/pages\/17875\/revisions"}],"predecessor-version":[{"id":19256,"href":"https:\/\/orexis.io\/clone_gaia-essen15-11-20\/wp-json\/wp\/v2\/pages\/17875\/revisions\/19256"}],"wp:attachment":[{"href":"https:\/\/orexis.io\/clone_gaia-essen15-11-20\/wp-json\/wp\/v2\/media?parent=17875"}],"curies":[{"name":"wp","href":"https:\/\/api.w.org\/{rel}","templated":true}]}}