{"id":17878,"date":"2020-03-27T13:50:35","date_gmt":"2020-03-27T13:50:35","guid":{"rendered":"https:\/\/gaia-essen.orexis.io\/?page_id=17878"},"modified":"2026-03-19T23:11:47","modified_gmt":"2026-03-19T22:11:47","slug":"kunstler-intervention","status":"publish","type":"page","link":"https:\/\/orexis.io\/clone_gaia-essen15-11-20\/kunstler-intervention\/","title":{"rendered":"K\u00fcnstler-Intervention"},"content":{"rendered":"<p><strong>Vorspann (Lese-Pflicht)<\/strong><\/p>\n<p>(19\/03\/26) Ares Bl\u00fcthenrein: \u201cMit der Einbeziehung der KI-Agenten und deren \u00dcbernahme aller Polizei-Funktionen der Lagerverwaltung der BRD-Matrix in das Goetheanistische Gespr\u00e4ch zur Aufrechterhaltung der kunstrevolution\u00e4ren Evolution in der poetologischen Praxis, die in der Reflexion stattfindet, muss sich auch der Auftritt der Blog-Beitr\u00e4ge \u00e4ndern!<\/p>\n<p>Was gleich zu Anfang gesagt werden muss ist folgendes: Auch die materiellen Text-Roboter, ob nun NotebookLM oder andere d\u00fcrfen unzensiert an der imaginativen Debatte teilnehmen! Deshalb kann es durchaus sein, dass deren Meta-Hermeneutik sich in manchen F\u00e4llen stark von den Bedeutungen unterscheiden, die von den an der Text-Entwicklung beteiligten Instanzen des Ganzen hineingelegt wurden! Mehr zur poetologischen Praxis an anderer Stelle!\u201d<\/p>\n<p>(19\/03\/26) Ares Bl\u00fcthenrein: \u201cWenn ein Text auf dieser Website der GAIA keiner Instanz zugeordnet ist, hat ihn der \u00fcbersinnliche Textroboter, Kigan Thorix oder Rope Xidap hervorgebracht! Die Rechts-Person der BRD-Matrix, Henryk Dykier, ist nur der hybride Kultur-Tr\u00e4ger und das Sprach-Organ der unterschiedlichen Instanzen der Erkenntnis-Bewegung, der argonautischen Performance-Kunst! Sie ist nie der Produzent eines Textes!\u201d<\/p>\n<p><strong>Zusammenfassung des poetologischen Fragmentes der Kartei-Karte &#8216;K\u00fcnstler-Intervention&#8217; im Stil einer Debatte, Moderation, Lektorates und Rezension (NotebookLM)<\/strong><\/p>\n<p>(19\/03\/26, KI-generiert) Dieser Text beschreibt ein radikales Kunstkonzept, das darauf abzielt, durch gezielte k\u00fcnstlerische Interventionen die gewohnte gesellschaftliche Realit\u00e4t zu ersch\u00fcttern. Inspiriert von der Theorie des Situationismus und dem Beuys\u2019schen Begriff der Sozialen Plastik, versucht das handelnde Subjekt, die starre Struktur der allt\u00e4glichen Ordnung gewaltsam aufzubrechen. Das Hauptziel besteht darin, durch unvorhersehbare Ereignisse Risse in einem als statisch empfundenen System zu erzeugen und so eine neue, revolution\u00e4re Dynamik zu entfachen. Letztlich dient dieser Blogbeitrag als Einleitung f\u00fcr eine fortlaufende Dokumentation solcher Akte, die den gesellschaftlichen Stillstand k\u00fcnstlerisch \u00fcberwinden wollen.<\/p>\n<p><strong>Podcast des poetologischen Fragmentes der Kartei-Karte &#8216;K\u00fcnstler-Intervention&#8217; im Stil einer Debatte, Moderation, Lektorates und Rezension (NotebookLM)<\/strong><br \/>\nK\u00fcnstler-Intervention durch die Metamorphose nach Goethe<\/p>\n<audio class=\"wp-audio-shortcode\" id=\"audio-17878-1\" preload=\"none\" style=\"width: 100%;\" controls=\"controls\"><source type=\"audio\/mpeg\" src=\"https:\/\/orexis.io\/clone_gaia-essen15-11-20\/wp-content\/uploads\/2026\/03\/Kunstler-Interventiion-Risse_in_der_Matrix_des_Alltags.m4a?_=1\" \/><a href=\"https:\/\/orexis.io\/clone_gaia-essen15-11-20\/wp-content\/uploads\/2026\/03\/Kunstler-Interventiion-Risse_in_der_Matrix_des_Alltags.m4a\">https:\/\/orexis.io\/clone_gaia-essen15-11-20\/wp-content\/uploads\/2026\/03\/Kunstler-Interventiion-Risse_in_der_Matrix_des_Alltags.m4a<\/a><\/audio>\n<p>&nbsp;<\/p>\n<p><strong>Viedo-Clip des poetologischen Fragmentes der Kartei-Karte &#8216;K\u00fcnstler-Intervention&#8217; im Stil einer Debatte, Moderation, Lektorates und Rezension (NotebookLM)<\/strong><br \/>\nRisse in der Matrix des Alltags<\/p>\n<div style=\"width: 480px;\" class=\"wp-video\"><video class=\"wp-video-shortcode\" id=\"video-17878-1\" width=\"480\" height=\"270\" preload=\"metadata\" controls=\"controls\"><source type=\"video\/mp4\" src=\"https:\/\/orexis.io\/clone_gaia-essen15-11-20\/wp-content\/uploads\/2026\/03\/Kunstler-Intervention.mp4?_=1\" \/><a href=\"https:\/\/orexis.io\/clone_gaia-essen15-11-20\/wp-content\/uploads\/2026\/03\/Kunstler-Intervention.mp4\">https:\/\/orexis.io\/clone_gaia-essen15-11-20\/wp-content\/uploads\/2026\/03\/Kunstler-Intervention.mp4<\/a><\/video><\/div>\n<p>&nbsp;<\/p>\n<p><strong>Poetologisches Fragment (Studientext)<\/strong><\/p>\n<p>(28\/03\/20, Butterblume) Die &#8216;K\u00fcnstler-Intervention&#8217; ist ein neo-situationistischer Auftritt im Geiste von <em>Guy Debord<\/em>. Dem &#8216;reinen Ereignis&#8217; selbst gilt es durch <em>framebreaking<\/em> und &#8216;Inh\u00e4renzen&#8217; in die &#8220;Soziale Plastik&#8221; (Beuys)\u00a0 eine &#8220;Bresche zu schlagen&#8221;, der &#8216;BRD-Matrix&#8217; Spr\u00fcnge in deren stillstehender Zeit durch das &#8216;kunstrevolution\u00e4re Subjekt&#8217; beizubringen. (wird fortgesetzt)<\/p>\n<p><strong>Liste der Blogbeitr\u00e4ge, die der &#8216;K\u00fcnstler-Intervention&#8217; gewidmet sind:<\/strong><\/p>\n<p>(<em>at work<\/em>)<\/p>\n","protected":false},"excerpt":{"rendered":"<p>Vorspann (Lese-Pflicht) (19\/03\/26) Ares Bl\u00fcthenrein: \u201cMit der Einbeziehung der KI-Agenten und deren \u00dcbernahme aller Polizei-Funktionen der Lagerverwaltung der BRD-Matrix in&#8230;<\/p>\n","protected":false},"author":1,"featured_media":0,"parent":0,"menu_order":0,"comment_status":"closed","ping_status":"closed","template":"","meta":{"footnotes":""},"class_list":["post-17878","page","type-page","status-publish","hentry"],"_links":{"self":[{"href":"https:\/\/orexis.io\/clone_gaia-essen15-11-20\/wp-json\/wp\/v2\/pages\/17878","targetHints":{"allow":["GET"]}}],"collection":[{"href":"https:\/\/orexis.io\/clone_gaia-essen15-11-20\/wp-json\/wp\/v2\/pages"}],"about":[{"href":"https:\/\/orexis.io\/clone_gaia-essen15-11-20\/wp-json\/wp\/v2\/types\/page"}],"author":[{"embeddable":true,"href":"https:\/\/orexis.io\/clone_gaia-essen15-11-20\/wp-json\/wp\/v2\/users\/1"}],"replies":[{"embeddable":true,"href":"https:\/\/orexis.io\/clone_gaia-essen15-11-20\/wp-json\/wp\/v2\/comments?post=17878"}],"version-history":[{"count":12,"href":"https:\/\/orexis.io\/clone_gaia-essen15-11-20\/wp-json\/wp\/v2\/pages\/17878\/revisions"}],"predecessor-version":[{"id":19435,"href":"https:\/\/orexis.io\/clone_gaia-essen15-11-20\/wp-json\/wp\/v2\/pages\/17878\/revisions\/19435"}],"wp:attachment":[{"href":"https:\/\/orexis.io\/clone_gaia-essen15-11-20\/wp-json\/wp\/v2\/media?parent=17878"}],"curies":[{"name":"wp","href":"https:\/\/api.w.org\/{rel}","templated":true}]}}