{"id":2545,"date":"2014-03-03T18:10:28","date_gmt":"2014-03-03T18:10:28","guid":{"rendered":"http:\/\/gaia-essen.de\/?page_id=2545"},"modified":"2021-08-08T09:09:20","modified_gmt":"2021-08-08T09:09:20","slug":"blutezeit","status":"publish","type":"page","link":"https:\/\/orexis.io\/clone_gaia-essen15-11-20\/blutezeit\/","title":{"rendered":"&#8216;Bl\u00fcthezeit&#8217;"},"content":{"rendered":"<div id=\"attachment_3099\" style=\"width: 310px\" class=\"wp-caption alignleft\"><a href=\"https:\/\/gaia-essen.de\/wp-content\/uploads\/2014\/04\/P1030170.jpg\"><img loading=\"lazy\" decoding=\"async\" aria-describedby=\"caption-attachment-3099\" class=\"wp-image-3099 size-medium\" title=\"P1030170\" src=\"https:\/\/orexis.io\/clone_gaia-essen15-11-20\/wp-content\/uploads\/2014\/04\/P1030170-300x225.jpg\" alt=\"\" width=\"300\" height=\"225\" border=\"0\" srcset=\"https:\/\/orexis.io\/clone_gaia-essen15-11-20\/wp-content\/uploads\/2014\/04\/P1030170-300x225.jpg 300w, https:\/\/orexis.io\/clone_gaia-essen15-11-20\/wp-content\/uploads\/2014\/04\/P1030170-768x576.jpg 768w, https:\/\/orexis.io\/clone_gaia-essen15-11-20\/wp-content\/uploads\/2014\/04\/P1030170-1024x768.jpg 1024w\" sizes=\"auto, (max-width: 300px) 100vw, 300px\" \/><\/a><p id=\"caption-attachment-3099\" class=\"wp-caption-text\">HAIKU: Kirschbl\u00fcten, fallt nicht! Doch sie fallen und fallen nicht! Ewige Sch\u00f6nheit! Kigan Thorix (15\/04\/14)<\/p><\/div>\n<p><strong>(08\/04\/17, aktuell)<\/strong> Fast drei Jahre sind nun hier seit dem letzten Eintrag vergangen. Die Kirschbl\u00fcten als Symbol der zerbrechlichen Sch\u00f6nheit, die sich im rosafarbenen Bl\u00fctenbl\u00e4tterschnee zeigt, rufen dazu auf, sich des Paradoxes der Verg\u00e4nglichkeit in der Dingwelt bei gleichzeitiger Unsterblichkeit des entelechischen Urbildes jederzeit bewusst zu sein. Was uns allen fehlt, immer mehr ungefragt genommen wird, das ist unsere &#8216;Bl\u00fcthezeit&#8217;. Schenken wir diese denen, die davon am wenigsten erhalten haben: den Opfern des BRD-Regimes, den ungeborenen Individualit\u00e4ten, den k\u00fcnstlerisch T\u00e4tigen, den Lohnempf\u00e4nger-innen, den Rentner-innen. (wird fortgesetzt)<\/p>\n<p><strong>26\/08\/14.<\/strong> Die Kampagne OMA+OPA! zur Errichtung eines Seniorenrates in der Stadt Essen wurde der Dauerkampagne &#8220;Mehr Netto-Mehr Freiheit&#8221; untergeordnet und bezieht nun neben den vernachl\u00e4ssigten Themen der Rentner-innen auch die der Lohnempf\u00e4nger-innen mit ein. (wird fortgesetzt)<\/p>\n<p><strong>08\/08\/14.<\/strong> Sie befinden sich auf der Karteikarte der Kampagnen zur \u00c4sthetisierung des BRD-Regimes (Vorh\u00f6lle). Sie k\u00f6nnen sich im Augenblick folgenden erkenntniskritischen Daueraktionen zur Herbeif\u00fchrung des Primates der Kunst im kulturrevolution\u00e4ren Menschwerdungsprozess anschlie\u00dfen: 1) Macht braucht Kontrolle!, 2) Primat der Kunst!, 3) OPA+OMA!, 4) Rentner-innen w\u00e4hlen KPD (Maoisten)!, 5) Vatikan ohne Schavan!, 6) Gauck mu\u00df gehen!, 7) Souver\u00e4nit\u00e4t f\u00fcr das Goethevolk!. (wird fortgesetzt)<\/p>\n<p><strong>22\/03\/14.<\/strong> Mit dem Beginn des Goethejahres 182 startet w\u00e4hrend des dreit\u00e4gigen Periagogenfestes die <strong>Kampagne &#8220;OPA+OMA!&#8221;<\/strong> zur Errichtung eines Seniorenrates in Essen. Die \u00c4lteren in der Stadt Essen wollen sich kulturautonom selbst regieren. Dies geht nur \u00fcber ein Altenparlament. Das volle Menschenrecht gibt es f\u00fcr die \u00c4lteren nur, wenn auch sie das politische Instrument besitzen, um \u00fcber ihre eigenen Belange selbst bestimmen zu k\u00f6nnen. Der Kampagnenleiter \u00fcbernimmt solange die Koordinationsaufgabe, bis der \u00c4sthetisierungsimpuls zur Bildung einer st\u00e4ndigen Initiativgruppe gef\u00fchrt hat. <strong>Kontakt: <\/strong>apo@ganzheit.de. (wird fortgesetzt)<\/p>\n<p><strong>03\/03\/14.<\/strong> Die Initiative &#8216;Bl\u00fcthezeit&#8217; erm\u00f6glicht der <em>entelechia<\/em> ihr Eingreifen zugunsten der Kunstwahrheit. Dies geschieht durch ihre konkret-utopische Kunstpraxis. Aus dem Spektrum der sich anbietenden \u00c4sthetisierungsma\u00dfnahmen zur Wiederherstellung einer dem vern\u00fcnftigen Wesen entsprechenden Entwicklungsgrundlage in Deutschland bietet sich im ersten Schritt der Aufbau eines webgest\u00fctzten Informationsportals an. Ihre freiwillig erbrachte finanzielle Unterst\u00fctzung in einer H\u00f6he, die Sie selbst w\u00e4hlen k\u00f6nnen, tr\u00e4gt direkt zur St\u00e4rkung dieses Kulturimpulses bei. (wird fortgesetzt)<\/p>\n","protected":false},"excerpt":{"rendered":"<p>(08\/04\/17, aktuell) Fast drei Jahre sind nun hier seit dem letzten Eintrag vergangen. Die Kirschbl\u00fcten als Symbol der zerbrechlichen Sch\u00f6nheit,&#8230;<\/p>\n","protected":false},"author":1,"featured_media":0,"parent":0,"menu_order":10,"comment_status":"closed","ping_status":"closed","template":"","meta":{"footnotes":""},"class_list":["post-2545","page","type-page","status-publish","hentry"],"_links":{"self":[{"href":"https:\/\/orexis.io\/clone_gaia-essen15-11-20\/wp-json\/wp\/v2\/pages\/2545","targetHints":{"allow":["GET"]}}],"collection":[{"href":"https:\/\/orexis.io\/clone_gaia-essen15-11-20\/wp-json\/wp\/v2\/pages"}],"about":[{"href":"https:\/\/orexis.io\/clone_gaia-essen15-11-20\/wp-json\/wp\/v2\/types\/page"}],"author":[{"embeddable":true,"href":"https:\/\/orexis.io\/clone_gaia-essen15-11-20\/wp-json\/wp\/v2\/users\/1"}],"replies":[{"embeddable":true,"href":"https:\/\/orexis.io\/clone_gaia-essen15-11-20\/wp-json\/wp\/v2\/comments?post=2545"}],"version-history":[{"count":5,"href":"https:\/\/orexis.io\/clone_gaia-essen15-11-20\/wp-json\/wp\/v2\/pages\/2545\/revisions"}],"predecessor-version":[{"id":18624,"href":"https:\/\/orexis.io\/clone_gaia-essen15-11-20\/wp-json\/wp\/v2\/pages\/2545\/revisions\/18624"}],"wp:attachment":[{"href":"https:\/\/orexis.io\/clone_gaia-essen15-11-20\/wp-json\/wp\/v2\/media?parent=2545"}],"curies":[{"name":"wp","href":"https:\/\/api.w.org\/{rel}","templated":true}]}}