{"id":2634,"date":"2014-03-06T10:16:25","date_gmt":"2014-03-06T10:16:25","guid":{"rendered":"http:\/\/gaia-essen.de\/?page_id=2634"},"modified":"2021-10-30T15:41:05","modified_gmt":"2021-10-30T15:41:05","slug":"periagoge","status":"publish","type":"page","link":"https:\/\/orexis.io\/clone_gaia-essen15-11-20\/periagoge\/","title":{"rendered":"Periagoge"},"content":{"rendered":"<div id=\"attachment_3090\" style=\"width: 310px\" class=\"wp-caption alignleft\"><a href=\"https:\/\/gaia-essen.de\/wp-content\/uploads\/2014\/04\/P1030185.jpg\"><img loading=\"lazy\" decoding=\"async\" aria-describedby=\"caption-attachment-3090\" class=\"wp-image-3090 size-medium\" title=\"P1030185\" src=\"https:\/\/gaia-essen.de\/wp-content\/uploads\/2014\/04\/P1030185-300x225.jpg\" alt=\"\" width=\"300\" height=\"225\" border=\"0\" srcset=\"https:\/\/orexis.io\/clone_gaia-essen15-11-20\/wp-content\/uploads\/2014\/04\/P1030185-300x225.jpg 300w, https:\/\/orexis.io\/clone_gaia-essen15-11-20\/wp-content\/uploads\/2014\/04\/P1030185-768x576.jpg 768w, https:\/\/orexis.io\/clone_gaia-essen15-11-20\/wp-content\/uploads\/2014\/04\/P1030185-1024x768.jpg 1024w\" sizes=\"auto, (max-width: 300px) 100vw, 300px\" \/><\/a><p id=\"caption-attachment-3090\" class=\"wp-caption-text\"><strong>Haiku: Bote des Fr\u00fchlings | Schneegl\u00f6ckchen, lautlos l\u00e4utend | Bote der Hoffnung Kigan Thorix (02\/04\/17)<\/strong><\/p><\/div>\n<p><strong>(02\/02\/15, aktuell)<\/strong> Zuerst noch etwas Grunds\u00e4tzliches zu diesem objektiv idealistischen Unternehmen. Das ambitionierte Bauvorhaben ist Bestandteil eines gr\u00f6\u00dferen universit\u00e4ren Gemeinschaftsprojektes auf zen-buddhistischer (Wachsamkeitskomitee), goetheanistischer (Periagoge) und radikaldemokratischer (GAIA) Basis, entsprechend der von Rudolf Steiner propagierten Einteilung in der &#8220;Sozialen Dreigliederung&#8221;, die dann von Joseph Beuys zur &#8220;Sozialen Plastik&#8221; weiterentwickelt wurde. Hierbei wird der transzendenten Individualit\u00e4t durch ihr Vorrecht auf ihre arteigene Spontanit\u00e4t das monarchische Element artgerecht zugewiesen. Auf transzendentaler Ebene (Imagination) herrscht aber das aristokratische Prinzip und im naturwissenschaftlichen Geschehen auf dem Erdenplan das radikaldemokratische <a href=\"https:\/\/gaia-essen.de\/?p=8132\">(Armutsgel\u00fcbde)<\/a>.<\/p>\n<p><strong>(24\/03\/14)<\/strong> Die aus mehreren Wachsamkeitskomitees bestehende Periagoge ist eine kunstreligi\u00f6se Verwaltungseinheit der mittleren Ebene einer GAIA. Um einen Erkenntnisgegenstand herum gruppiert sich eine wahlverwandtschaftlich organisierte Lebensgemeinschaft. Die Goethea-Aktivistinnen und Goethe-Aktivisten wissen, da\u00df die Mittel, die zeitgen\u00f6ssischen Kunstwerke, vom absoluten Zweck, dem romantischen Ideal, zu unterscheiden sind. Das Entwicklungsziel ist Neu-Weimar. Das relative Ziel ist die Periagoge. 1)<\/p>\n<p><strong>(06\/03\/14)<\/strong> Das Wesen der Paideia hat sich auch als Mythologie &#8220;Sonne und Erde&#8221; in der gleichnamigen Einrichtung mit dem Namenszusatz &#8220;Entwicklungsbegleitung&#8221; in der Stadt Essen verk\u00f6rpert. Grundbedingung f\u00fcr die Herabkunft dieser Idee aus einer Zeit, die weit vor uns liegt, ist notwendigerweise die Umwendung der Seele <em>(psyches periagoge)<\/em> der Goethe-Aktivistin, des Goethe-Aktivisten. Das goetheanistische Konzept des Selbstbildungsinstitutes vereinigt Platon und Aristoteles, Kunst und Wissenschaft in der Religion der \u00e4sthetischen Erkenntniskritik (= anschauende Urteilskraft) in der Tat.<\/p>\n<p>Auf dem Fundament dieser allgemeinmenschlichen Weltanschauung, die in der Anthroposophie eine weithin bekannte Gestalt gefunden hat, suchen wir Individualit\u00e4ten, die den Erkenntnismut f\u00fcr die Gr\u00fcndung einer wahlverwandtschaftlich organisierten Lebensgemeinschaft aufbringen und in einer eigenen Immobilie in Essen-R\u00fcttenscheid oder Umgebung, der Periagoge &#8220;Schneegl\u00f6ckchen&#8221; leben wollen. Sollte ein Interesse bestehen, dann melden sich doch bitte unter: neue E-Mail-Adresse <em>(at work)<\/em><br \/>\n________________________________<br \/>\n1) (06\/03\/15) Diese Aufspaltung geschieht nur aus erkenntniskritischen Gr\u00fcnden. In der Naturwirklichkeit fallen beide zusammen. Samsara und Nirvana bilden auch im Zen eine paradoxe Einheit, und die gerade wegen dieser permanenten Trennung und Wiederverbindung das lebendige Ganze in seiner Vielfalt hervorbringt.<\/p>\n","protected":false},"excerpt":{"rendered":"<p>(02\/02\/15, aktuell) Zuerst noch etwas Grunds\u00e4tzliches zu diesem objektiv idealistischen Unternehmen. Das ambitionierte Bauvorhaben ist Bestandteil eines gr\u00f6\u00dferen universit\u00e4ren Gemeinschaftsprojektes&#8230;<\/p>\n","protected":false},"author":1,"featured_media":0,"parent":0,"menu_order":9,"comment_status":"closed","ping_status":"closed","template":"","meta":{"footnotes":""},"class_list":["post-2634","page","type-page","status-publish","hentry"],"_links":{"self":[{"href":"https:\/\/orexis.io\/clone_gaia-essen15-11-20\/wp-json\/wp\/v2\/pages\/2634","targetHints":{"allow":["GET"]}}],"collection":[{"href":"https:\/\/orexis.io\/clone_gaia-essen15-11-20\/wp-json\/wp\/v2\/pages"}],"about":[{"href":"https:\/\/orexis.io\/clone_gaia-essen15-11-20\/wp-json\/wp\/v2\/types\/page"}],"author":[{"embeddable":true,"href":"https:\/\/orexis.io\/clone_gaia-essen15-11-20\/wp-json\/wp\/v2\/users\/1"}],"replies":[{"embeddable":true,"href":"https:\/\/orexis.io\/clone_gaia-essen15-11-20\/wp-json\/wp\/v2\/comments?post=2634"}],"version-history":[{"count":5,"href":"https:\/\/orexis.io\/clone_gaia-essen15-11-20\/wp-json\/wp\/v2\/pages\/2634\/revisions"}],"predecessor-version":[{"id":18863,"href":"https:\/\/orexis.io\/clone_gaia-essen15-11-20\/wp-json\/wp\/v2\/pages\/2634\/revisions\/18863"}],"wp:attachment":[{"href":"https:\/\/orexis.io\/clone_gaia-essen15-11-20\/wp-json\/wp\/v2\/media?parent=2634"}],"curies":[{"name":"wp","href":"https:\/\/api.w.org\/{rel}","templated":true}]}}