{"id":3923,"date":"2014-05-28T21:57:45","date_gmt":"2014-05-28T21:57:45","guid":{"rendered":"http:\/\/gaia-essen.de\/?page_id=3923"},"modified":"2021-08-08T09:19:00","modified_gmt":"2021-08-08T09:19:00","slug":"nymphaion","status":"publish","type":"page","link":"https:\/\/orexis.io\/clone_gaia-essen15-11-20\/nymphaion\/","title":{"rendered":"Nymphaion"},"content":{"rendered":"<div id=\"attachment_3930\" style=\"width: 310px\" class=\"wp-caption alignleft\"><a href=\"https:\/\/gaia-essen.de\/wp-content\/uploads\/2014\/05\/P1030599.jpg\"><img loading=\"lazy\" decoding=\"async\" aria-describedby=\"caption-attachment-3930\" class=\"wp-image-3930 size-medium\" title=\"Tempel Artemis\" src=\"https:\/\/gaia-essen.de\/wp-content\/uploads\/2014\/05\/P1030599-300x225.jpg\" alt=\"\" width=\"300\" height=\"225\" border=\"0\" srcset=\"https:\/\/orexis.io\/clone_gaia-essen15-11-20\/wp-content\/uploads\/2014\/05\/P1030599-300x225.jpg 300w, https:\/\/orexis.io\/clone_gaia-essen15-11-20\/wp-content\/uploads\/2014\/05\/P1030599-768x576.jpg 768w, https:\/\/orexis.io\/clone_gaia-essen15-11-20\/wp-content\/uploads\/2014\/05\/P1030599-1024x768.jpg 1024w\" sizes=\"auto, (max-width: 300px) 100vw, 300px\" \/><\/a><p id=\"caption-attachment-3930\" class=\"wp-caption-text\">HAIKU: Herrin der Nymphen | die Sinnlichkeit untersteht Dir | Oh, Artemis, hilf! Kigan Thorix (02\/04\/17)<\/p><\/div>\n<p>(28\/05\/14) Die G\u00f6ttin Artemis und ihre Begleiterinnen fordern f\u00fcr sich von dem Goethevolk ein erstes Quellhaus. Es soll im &#8220;Weimarer Land&#8221; errichtet werden. Die von ihr gew\u00fcnschten dionysischen Festspiele, die kunstreligi\u00f6sen Handlungen, die in Neu &#8211; Weimar t\u00e4glich, fast zu jeder Zeit und an jedem Ort ausgef\u00fchrt werden, k\u00f6nnen hier in Deutschland unter den ikonoklastischen Bedingungen nur in einer besonders vorbereiteten Idylle vollzogen werden. Lesen Sie dazu auch die Impulsfragmente, die Sie unter dem Suchbegriff &#8220;Nymphaion&#8221; auf der Eingangsseite finden.<\/p>\n<p>&nbsp;<\/p>\n","protected":false},"excerpt":{"rendered":"<p>(28\/05\/14) Die G\u00f6ttin Artemis und ihre Begleiterinnen fordern f\u00fcr sich von dem Goethevolk ein erstes Quellhaus. Es soll im &#8220;Weimarer&#8230;<\/p>\n","protected":false},"author":1,"featured_media":0,"parent":0,"menu_order":2,"comment_status":"closed","ping_status":"closed","template":"","meta":{"footnotes":""},"class_list":["post-3923","page","type-page","status-publish","hentry"],"_links":{"self":[{"href":"https:\/\/orexis.io\/clone_gaia-essen15-11-20\/wp-json\/wp\/v2\/pages\/3923","targetHints":{"allow":["GET"]}}],"collection":[{"href":"https:\/\/orexis.io\/clone_gaia-essen15-11-20\/wp-json\/wp\/v2\/pages"}],"about":[{"href":"https:\/\/orexis.io\/clone_gaia-essen15-11-20\/wp-json\/wp\/v2\/types\/page"}],"author":[{"embeddable":true,"href":"https:\/\/orexis.io\/clone_gaia-essen15-11-20\/wp-json\/wp\/v2\/users\/1"}],"replies":[{"embeddable":true,"href":"https:\/\/orexis.io\/clone_gaia-essen15-11-20\/wp-json\/wp\/v2\/comments?post=3923"}],"version-history":[{"count":1,"href":"https:\/\/orexis.io\/clone_gaia-essen15-11-20\/wp-json\/wp\/v2\/pages\/3923\/revisions"}],"predecessor-version":[{"id":18626,"href":"https:\/\/orexis.io\/clone_gaia-essen15-11-20\/wp-json\/wp\/v2\/pages\/3923\/revisions\/18626"}],"wp:attachment":[{"href":"https:\/\/orexis.io\/clone_gaia-essen15-11-20\/wp-json\/wp\/v2\/media?parent=3923"}],"curies":[{"name":"wp","href":"https:\/\/api.w.org\/{rel}","templated":true}]}}