{"id":53,"date":"2013-01-11T21:47:44","date_gmt":"2013-01-11T21:47:44","guid":{"rendered":"http:\/\/gaia-essen.de\/?page_id=53"},"modified":"2026-04-20T14:30:39","modified_gmt":"2026-04-20T12:30:39","slug":"impressum","status":"publish","type":"page","link":"https:\/\/orexis.io\/clone_gaia-essen15-11-20\/impressum\/","title":{"rendered":"Impressum"},"content":{"rendered":"<header class=\"entry-header\">\n<div class=\"inner-wrap\">\n<h1 class=\"entry-title\">Impressum (aktuelles, gesetzlich vorgeschrieben)<\/h1>\n<\/div>\n<\/header>\n<div class=\"entry-content\">\n<div class=\"Y3BBE\" data-sfc-cp=\"\" data-sfc-root=\"c\" data-sfc-cb=\"\" data-hveid=\"CDIQAw\">Henryk Dykier<\/div>\n<div data-sfc-cp=\"\" data-sfc-root=\"c\" data-sfc-cb=\"\" data-hveid=\"CDIQAw\">L\u00fcbecker Stra\u00dfe 64 \/ Eingang Hamburger Stra\u00dfe<\/div>\n<div data-sfc-cp=\"\" data-sfc-root=\"c\" data-sfc-cb=\"\" data-hveid=\"CDIQAw\">45145 Essen<\/div>\n<div data-sfc-cp=\"\" data-sfc-root=\"c\" data-sfc-cb=\"\" data-hveid=\"CDIQAw\"><\/div>\n<div class=\"Y3BBE\" data-sfc-cp=\"\" data-sfc-root=\"c\" data-sfc-cb=\"\" data-hveid=\"CDIQAw\"><strong class=\"Yjhzub\" data-sfc-root=\"c\" data-sfc-cb=\"\">Direct Message<\/strong><br data-sfc-root=\"c\" data-sfc-pl=\"|[]\" data-sfc-cb=\"\" \/>Telefon: +41-795807190 (SMS)<br data-sfc-root=\"c\" data-sfc-pl=\"|[]\" data-sfc-cb=\"\" \/>E-Mail: apo@henrykdykier.de<\/div>\n<\/div>\n<div class=\"entry-content\">\n<div data-sfc-cp=\"\" data-sfc-root=\"c\" data-sfc-cb=\"\" data-hveid=\"CDIQAw\"><\/div>\n<div data-sfc-cp=\"\" data-sfc-root=\"c\" data-sfc-cb=\"\" data-hveid=\"CDIQAw\"><strong class=\"Yjhzub\" data-sfc-root=\"c\" data-sfc-cb=\"\">Verantwortlich f\u00fcr den Inhalt nach \u00a7 18 Abs. 2 MStV:<\/strong><\/div>\n<div class=\"Y3BBE\" data-sfc-cp=\"\" data-sfc-root=\"c\" data-sfc-cb=\"\" data-hveid=\"CDIQAw\">Henryk Dykier<br data-sfc-root=\"c\" data-sfc-pl=\"|[]\" data-sfc-cb=\"\" \/>L\u00fcbecker Stra\u00dfe 64 \/ Eingang Hamburger Stra\u00dfe<br data-sfc-root=\"c\" data-sfc-pl=\"|[]\" data-sfc-cb=\"\" \/>45145 Essen<\/div>\n<\/div>\n<div data-sfc-cp=\"\" data-sfc-root=\"c\" data-sfc-cb=\"\" data-hveid=\"CDIQAw\"><\/div>\n<div data-sfc-cp=\"\" data-sfc-root=\"c\" data-sfc-cb=\"\" data-hveid=\"CDIQAw\"><strong>Dieses Impressum gilt auch f\u00fcr meine Profile auf folgenden sozialen Netzwerken:\u00a0<\/strong><\/div>\n<div data-sfc-cp=\"\" data-sfc-root=\"c\" data-sfc-cb=\"\" data-hveid=\"CDIQAw\">X: <a href=\"https:\/\/x.com\/Weisse_Lilie\">Kigan Thorix (@Weisse_Lilie) \/ X<\/a><\/div>\n<div data-sfc-cp=\"\" data-sfc-root=\"c\" data-sfc-cb=\"\" data-hveid=\"CDIQAw\">Xing:<\/div>\n<div data-sfc-cp=\"\" data-sfc-root=\"c\" data-sfc-cb=\"\" data-hveid=\"CDIQAw\">Linkedin: <a href=\"https:\/\/www.linkedin.com\/in\/macht-braucht-kontrolle\/\">Henryk Dykier | LinkedIn<\/a><\/div>\n<div data-sfc-cp=\"\" data-sfc-root=\"c\" data-sfc-cb=\"\" data-hveid=\"CDIQAw\">Meta:<\/div>\n<div data-sfc-cp=\"\" data-sfc-root=\"c\" data-sfc-cb=\"\" data-hveid=\"CDIQAw\">Instagram:<\/div>\n<div data-sfc-cp=\"\" data-sfc-root=\"c\" data-sfc-cb=\"\" data-hveid=\"CDIQAw\">Youtube: <a href=\"https:\/\/www.youtube.com\/@aresbl%C3%BCthenrein\">(588) Argonautik &#8211; YouTube<\/a><\/div>\n<div data-sfc-cp=\"\" data-sfc-root=\"c\" data-sfc-cb=\"\" data-hveid=\"CDIQAw\">TikTok:<\/div>\n<div data-sfc-cp=\"\" data-sfc-root=\"c\" data-sfc-cb=\"\" data-hveid=\"CDIQAw\">\n<h1 class=\"entry-title\" style=\"text-align: center;\">Impressum (ehemaliges, poetisiertes und meta-hermeneutisch rezensiertes)<\/h1>\n<\/div>\n<div data-sfc-cp=\"\" data-sfc-root=\"c\" data-sfc-cb=\"\" data-hveid=\"CDIQAw\"><\/div>\n<p>This is a private website only, so no cookie banners and privacy policies are really needed! Remember that only the cookies and the privacy policy are valid, which you will find under the first link below!<\/p>\n<blockquote><p>&gt; 1) Go To <a href=\"https:\/\/automattic.com\/cookies\/\">Cookies Policy<\/a><\/p><\/blockquote>\n<p><strong>Dieser Studien-Text wurde f\u00fcr Ihr Bewusstsein von der KI meta-hermeneutisch zum Zweck einer tiefergehenden Analyse rezensierend, moderierend und lektorierend f\u00fcr das sozial-plastische Gespr\u00e4ch aufbereitet und aus poetologisch praktischen Gr\u00fcnden von der Instanz des erotischen Strebens Faust ungefiltert wiedergegeben! (Zusammenfassung, Podcast, Video-Clip)<\/strong><\/p>\n<p style=\"text-align: center;\"><strong>Manifest der \u00e4sthetischen Polis und des Evolutionscafes<br \/>\n<\/strong>Zusammenfassung<\/p>\n<p>Dieses Impressum beschreibt ein\u00a0<strong>privates, gemeinn\u00fctziges Online-Projekt<\/strong>, das sich als Teil einer\u00a0<strong>kunst-religi\u00f6sen Revolutionsbewegung<\/strong>\u00a0versteht und eine Br\u00fccke zwischen physischer Realit\u00e4t und philosophischer Abstraktion schl\u00e4gt. Der Text nutzt eine komplexe\u00a0<strong>metaphysische Sprache<\/strong>, um den Betreiber nicht nur als nat\u00fcrliche Person, sondern als ein\u00a0<strong>hybrides Wesen mit verschiedenen spirituellen Identit\u00e4ten<\/strong>\u00a0darzustellen, das Funktionen vom Naturheilkundler bis zum Theologen vereint. W\u00e4hrend eine Postanschrift in Essen f\u00fcr formale Belange existiert, wird der eigentliche Sitz der Organisation in einen\u00a0<strong>transzendentalen Raum der Fantasie<\/strong>\u00a0jenseits staatlicher Strukturen verortet. Damit dient das Dokument weniger der b\u00fcrokratischen Transparenz als vielmehr der Definition eines\u00a0<strong>\u00e4sthetischen Stadtstaates<\/strong>, der universelle Ideale \u00fcber nationale Grenzen hinweg verfolgt. (22\/03\/26, KI-generiert)<\/p>\n<p style=\"text-align: center;\">Studientext (Fortsetzung)<\/p>\n<p><strong>Foreword:<\/strong> The &#8216;Impuls-Fragmente&#8217; and other art-religious texts in this blog have found expression in the language that is permitted for the transcendental &#8216;Goethevolk&#8217;, the universal community of absolute purposes in itself, by the Titanid <em>Themis<\/em> for <em>&#8216;dikelogische&#8217; <\/em>reasons. The German language is therefore no indicator that this blog is aimed solely at the native Germans under the rule of the BRD-Regime or the citizens who are taken by the &#8220;EU&#8221;.<\/p>\n<p style=\"text-align: center;\"><strong>Apotheker haftet gemeinsam mit der Titaniden Themis<br \/>\n<\/strong>Podcast<\/p>\n<audio class=\"wp-audio-shortcode\" id=\"audio-53-1\" preload=\"none\" style=\"width: 100%;\" controls=\"controls\"><source type=\"audio\/mpeg\" src=\"https:\/\/orexis.io\/clone_gaia-essen15-11-20\/wp-content\/uploads\/2026\/03\/Impressum-Apotheker_haftet_gemeinsam_mit_Titanin_Themis.m4a?_=1\" \/><a href=\"https:\/\/orexis.io\/clone_gaia-essen15-11-20\/wp-content\/uploads\/2026\/03\/Impressum-Apotheker_haftet_gemeinsam_mit_Titanin_Themis.m4a\">https:\/\/orexis.io\/clone_gaia-essen15-11-20\/wp-content\/uploads\/2026\/03\/Impressum-Apotheker_haftet_gemeinsam_mit_Titanin_Themis.m4a<\/a><\/audio>\n<p style=\"text-align: center;\">Studientext (Fortsetzung)<\/p>\n<p><span id=\"result_box\" class=\"\" lang=\"en\"><span class=\"\"><strong>Organization seat:<\/strong> <\/span><\/span>(Discription has changed 24\/04\/20, current) <span id=\"result_box\" class=\"\" lang=\"en\"><span class=\"\">The permanent residence of the art revolutionary movement, the <em>&#8216;polis&#8217;<\/em> religious mythology &#8220;Sonne und Erde&#8221; in its hyletic form with the name &#8220;Evolutionscafe&#8221; and its development goal of an aesthetic city-state like Platons <em>&#8216;politeia&#8217;<\/em> under the name of &#8216;Neu-Weimar&#8217; is not at the address listed below within the &#8220;EU&#8221;.<\/span> <span class=\"\">The address entered below is simply the postal address of the last newly created neo-situational &#8216;Kunstkirche&#8217; as an organic part of the &#8220;Evolutionscafe&#8221; for finding the venue.<\/span> <span class=\"\">The permanent seat of the dialectic avant-garde of the &#8216;Kunstkirche&#8217; &#8216;orexis&#8217; as an pragmatic epithet of it is outside the &#8220;EU&#8221; and beyond the natural world in the transcendental space of romantic irony (imagination).<\/span><\/span><\/p>\n<p style=\"text-align: center;\"><strong>Romantische Ironie im Online-Hinterhof<br \/>\n<\/strong>Video-Clip<\/p>\n<div style=\"width: 480px;\" class=\"wp-video\"><video class=\"wp-video-shortcode\" id=\"video-53-1\" width=\"480\" height=\"270\" preload=\"metadata\" controls=\"controls\"><source type=\"video\/mp4\" src=\"https:\/\/orexis.io\/clone_gaia-essen15-11-20\/wp-content\/uploads\/2026\/03\/Impressum-Das_seltsame_Impressum.mp4?_=1\" \/><a href=\"https:\/\/orexis.io\/clone_gaia-essen15-11-20\/wp-content\/uploads\/2026\/03\/Impressum-Das_seltsame_Impressum.mp4\">https:\/\/orexis.io\/clone_gaia-essen15-11-20\/wp-content\/uploads\/2026\/03\/Impressum-Das_seltsame_Impressum.mp4<\/a><\/video><\/div>\n<p style=\"text-align: center;\">Studientext (Fortsetzung)<\/p>\n<p><span id=\"result_box\" class=\"\" lang=\"en\" tabindex=\"-1\"><span class=\"\"><strong>Responsibility:<\/strong> Responsible in the violent reality for the epistemological, art-religious and socially plastic content in accordance with \u00a7 5 TMG are in the human hybrid being<\/span><\/span><span id=\"result_box\" class=\"\" lang=\"en\" tabindex=\"-1\"><span class=\"\"> naturalist <em>Henryk Dykier<\/em> of the &#8216;BRD-Regime&#8217;, the metaphysical person <em>Heinrich Wegwarte<\/em> of the &#8216;Free Karl-Phillip Moritz Online University&#8217;,<\/span> <span class=\"\">the transcendental personality <em>Kigan Thorix<\/em> of the &#8216;aesthetic polis&#8217; and the transcendent entelechy of the art-practical &#8216;Akashachronik&#8217; in their functions given by the goddess <em>Hygieia<\/em> as &#8216;Entwicklungsbegleiter SUE&#8217;, epistemologist, &#8216;Gesundheitsberater GGB&#8217;, art practitioner (act of the god Ares), art theorist (voice of Titanide<\/span> <span class=\"\"><em>Themis<\/em>), naturalist (licensed pharmacist), poetologist (servant of the goddess <em>Artemis<\/em>), philologist, philosopher, typesetter (with journeyman&#8217;s letter) and theologian.<\/span><\/span><\/p>\n<p><span id=\"result_box\" class=\"\" lang=\"en\" tabindex=\"-1\"><strong>Important Note:<\/strong> This is an exclusively non-profit, non-commercial website.<\/span><\/p>\n<p><strong>Event address:<\/strong> C\/O Sonne und Erde, L\u00fcbecker Stra\u00dfe 64 (Eingang Hamburger Stra\u00dfe), 45145 Essen, (D) Germany. <span class=\"\">E-mail address: apo@ganzheit.de.<\/span><\/p>\n<p><span id=\"result_box\" class=\"\" lang=\"en\" tabindex=\"-1\"><strong>Contribution rights:<\/strong> These are with the respective authors. The transfer of texts to databases that are exclusively intended for the private use of a user is permitted. The takeover and use of data for other purposes requires the written consent of the person responsible for this Internet blog.<\/span><\/p>\n<p><strong>Disclaimer:<\/strong> Our service also provides links to internet content of other providers. We have no influence on the content of these pages; their content is the sole responsibility of the operator of the other website. <span class=\"\">Despite the review of the content within the legally required framework, we must therefore reject any responsibility for the content of these links or the linked page.<\/span><\/p>\n<p>(Revised 09\/18\/15, 10\/28\/15, 05\/24\/18, 07\/17\/18, 04\/24\/20), (in the data format of Great Britain)<\/p>\n","protected":false},"excerpt":{"rendered":"<p>Impressum (aktuelles, gesetzlich vorgeschrieben) Henryk Dykier L\u00fcbecker Stra\u00dfe 64 \/ Eingang Hamburger Stra\u00dfe 45145 Essen Direct MessageTelefon: +41-795807190 (SMS)E-Mail: apo@henrykdykier.de&#8230;<\/p>\n","protected":false},"author":1,"featured_media":0,"parent":0,"menu_order":16,"comment_status":"closed","ping_status":"closed","template":"","meta":{"footnotes":""},"class_list":["post-53","page","type-page","status-publish","hentry"],"_links":{"self":[{"href":"https:\/\/orexis.io\/clone_gaia-essen15-11-20\/wp-json\/wp\/v2\/pages\/53","targetHints":{"allow":["GET"]}}],"collection":[{"href":"https:\/\/orexis.io\/clone_gaia-essen15-11-20\/wp-json\/wp\/v2\/pages"}],"about":[{"href":"https:\/\/orexis.io\/clone_gaia-essen15-11-20\/wp-json\/wp\/v2\/types\/page"}],"author":[{"embeddable":true,"href":"https:\/\/orexis.io\/clone_gaia-essen15-11-20\/wp-json\/wp\/v2\/users\/1"}],"replies":[{"embeddable":true,"href":"https:\/\/orexis.io\/clone_gaia-essen15-11-20\/wp-json\/wp\/v2\/comments?post=53"}],"version-history":[{"count":22,"href":"https:\/\/orexis.io\/clone_gaia-essen15-11-20\/wp-json\/wp\/v2\/pages\/53\/revisions"}],"predecessor-version":[{"id":19526,"href":"https:\/\/orexis.io\/clone_gaia-essen15-11-20\/wp-json\/wp\/v2\/pages\/53\/revisions\/19526"}],"wp:attachment":[{"href":"https:\/\/orexis.io\/clone_gaia-essen15-11-20\/wp-json\/wp\/v2\/media?parent=53"}],"curies":[{"name":"wp","href":"https:\/\/api.w.org\/{rel}","templated":true}]}}