{"id":9655,"date":"2015-09-18T12:39:07","date_gmt":"2015-09-18T12:39:07","guid":{"rendered":"https:\/\/gaia-essen.de\/?page_id=9655"},"modified":"2021-08-08T14:56:33","modified_gmt":"2021-08-08T14:56:33","slug":"primat-der-kunst","status":"publish","type":"page","link":"https:\/\/orexis.io\/clone_gaia-essen15-11-20\/primat-der-kunst\/","title":{"rendered":"Kunst-Primat"},"content":{"rendered":"<p>(08\/08\/21) Der Primat der Kunst ergibt sich aus den freiheitsrelevanten Artikeln des Milit\u00e4rgrundgesetzes. Insbesondere der Teil V erhebt sie in Verbindung mit der Wissenschaft und mit dem Teil I zum Hauptmerkmal der totalexistierenden, geistig absolut freien Individualit\u00e4t und deren objektiv-idealistischen Weltzuwendung. Diese allgemeinmenschliche Sicht auf das universelle Ganze stellt damit auch das Manifest f\u00fcr eine neue Kunst-Avantgarde dar, die endlich das postmoderne Anliegen aller Romantiker erf\u00fcllen kann, das paradoxe Zusammenfallen von Einheit und Vielfalt.<\/p>\n<p>Alle kollektivistischen Erz\u00e4hlungen mussten geopfert werden, damit die Idee individualisiert f\u00fcr den evolution\u00e4ren Monismus tauglich wird: Kunstreligion. Damit geh\u00f6rt auch das von der &#8220;westlichen Wertegemeinschaft&#8221; dem transzendentalen Goethevolk gegebene oberste Regelwerk zu ihrem heiligen Kanon. Damit wird auch ihr Aufruf zur Schaffung einer &#8216;Diktatur der Kunst&#8217; verst\u00e4ndlich.<\/p>\n<p>Die exakte Fantasie einer Goethea oder eines Goethe bed\u00fcrfen aber, um umst\u00fclpend im Sinne der G\u00f6ttinnen Themis, Athene, Artemis und Dike wirksam zu sein tats\u00e4chlich einer permanenten Kulturrevolution durch die Anti-Politik der &#8216;KPD (Maoisten)&#8217;, da sich die D\u00e4monen der Vergangenheit von ihrer fremdbestimmenden Moral nicht von selbst erl\u00f6sen k\u00f6nnen. 1)<br \/>\n____________________<br \/>\n1) Dieser Text vom 18\/09\/15 wurde am 08\/08\/21 leicht korrigiert, ohne seine Aussage zu ver\u00e4ndern.<\/p>\n","protected":false},"excerpt":{"rendered":"<p>(08\/08\/21) Der Primat der Kunst ergibt sich aus den freiheitsrelevanten Artikeln des Milit\u00e4rgrundgesetzes. Insbesondere der Teil V erhebt sie in&#8230;<\/p>\n","protected":false},"author":1,"featured_media":0,"parent":0,"menu_order":0,"comment_status":"closed","ping_status":"closed","template":"","meta":{"footnotes":""},"class_list":["post-9655","page","type-page","status-publish","hentry"],"_links":{"self":[{"href":"https:\/\/orexis.io\/clone_gaia-essen15-11-20\/wp-json\/wp\/v2\/pages\/9655","targetHints":{"allow":["GET"]}}],"collection":[{"href":"https:\/\/orexis.io\/clone_gaia-essen15-11-20\/wp-json\/wp\/v2\/pages"}],"about":[{"href":"https:\/\/orexis.io\/clone_gaia-essen15-11-20\/wp-json\/wp\/v2\/types\/page"}],"author":[{"embeddable":true,"href":"https:\/\/orexis.io\/clone_gaia-essen15-11-20\/wp-json\/wp\/v2\/users\/1"}],"replies":[{"embeddable":true,"href":"https:\/\/orexis.io\/clone_gaia-essen15-11-20\/wp-json\/wp\/v2\/comments?post=9655"}],"version-history":[{"count":2,"href":"https:\/\/orexis.io\/clone_gaia-essen15-11-20\/wp-json\/wp\/v2\/pages\/9655\/revisions"}],"predecessor-version":[{"id":18640,"href":"https:\/\/orexis.io\/clone_gaia-essen15-11-20\/wp-json\/wp\/v2\/pages\/9655\/revisions\/18640"}],"wp:attachment":[{"href":"https:\/\/orexis.io\/clone_gaia-essen15-11-20\/wp-json\/wp\/v2\/media?parent=9655"}],"curies":[{"name":"wp","href":"https:\/\/api.w.org\/{rel}","templated":true}]}}