{"id":9745,"date":"2015-09-22T11:30:17","date_gmt":"2015-09-22T11:30:17","guid":{"rendered":"https:\/\/gaia-essen.de\/?page_id=9745"},"modified":"2015-09-22T11:30:17","modified_gmt":"2015-09-22T11:30:17","slug":"gaia","status":"publish","type":"page","link":"https:\/\/orexis.io\/clone_gaia-essen15-11-20\/gaia\/","title":{"rendered":"GAIA"},"content":{"rendered":"<p style=\"text-align: left;\">(27\/07\/18) Die erkenntnistheoretisch im Geiste des objektiven Idealismus weiterentwickelte neo-situationistische Kunstavantgarde, die &#8220;Goetheanistisch Autonome Intuitive Aktion&#8221; (GAIA), betrachtet sich als eine Sachverwalterin des europ\u00e4ischen Kulturerbes. Die berechtigten Erneuerungvorst\u00f6\u00dfe von au\u00dfen (objektiv) und innen (subjektiv) m\u00fcssen von dieser \u00dcberlieferung aufgenommen und zu einer moralischen Evolution des Menschenbildes der geistig absolut freien Individualit\u00e4t beitragen, eine &#8220;II. Reformation&#8221; der &#8220;Sozialen Plastik&#8221; <em>(Beuys)<\/em> herbeif\u00fchren. Die Siegesg\u00f6ttin <em>Nike,<\/em> deren Tempel an den <em>Propyl\u00e4en<\/em> steht (Vorhalle zur Akropolis von Athen), wird von dieser transzendentalen &#8220;W\u00e4hlergruppe&#8221; von &#8216;Neu-Weimar&#8217;, einer Erkenntnisgemeinschaft der &#8220;absoluten Zwecke an sich&#8221;<em> (Kant)<\/em>, dem universalen und gleichzeitig auch indigenen &#8220;Goethevolk&#8221;, als das hohe Wesen angerufen, das uns nach Befreiung Strebenden die T\u00fcr heraus aus dem Denkverlies der mi\u00dfbrauchten Intellektualit\u00e4t zeigt. Sie ruft alle verantwortungsbewu\u00dften Pers\u00f6nlichkeiten dazu auf, mit ihr die Flu\u00dfg\u00f6ttin <em>Styx<\/em> zu \u00fcberqueren, um das Leben im &#8220;ewigen Augenblick&#8221; <em>(Goethe)<\/em> zu gewinnen, aus dem heraus das &#8220;zyklische Kunstwerk&#8221; der jeweiligen selbstbildungsf\u00e4higen <em>Morphe<\/em> m\u00f6glich ist. Schon die Trennung vom Althergebrachten, das Verlassen der &#8216;BRD-Matrix&#8217;, der &#8220;Vorh\u00f6lle&#8221;, schon das Versagen der Gefolgschaft dem gegen\u00fcber, der die Naturgewalt darstellt und in der Verg\u00f6tterung der Geschichte verherrlicht wird, <em>Pluto,<\/em> bedarf einer unerschrockenen Seelenhaltung. <em>Nike<\/em> steht f\u00fcr den Sieg \u00fcber die Barbarei, \u00fcber die unkontrollierte Macht, das radikaldemokratische Denken, das Recht, die \u00e4sthetisierende Anarchie des transzendentalen Ich, die metaphysische Ordnung des objektiven Ich und weil auf Kunst sich beziehend, ist sie auch ein Symbol f\u00fcr das poetologische Ich, die <em>Quintessenz.<\/em> Letztendlich ist sie sogar das Sinnbild f\u00fcr die reine Empfindung in der reinen Bewegung und erwirbt sich damit das \u00e4sthetische Recht die &#8216;Kunstkirche&#8217; in der Welt der Erscheinungen zu vertreten. Ganzheitlich betrachtet ist sie nur ein Attribut der von der GAIA haupts\u00e4chlich angerufenen Olympier-innen: <em>Aphrodite, Apollon, Ares, Artemis, Athene.<\/em> Die G\u00f6ttin Dike aber, eine Hore, eine Tochter des Gottes <em>Zeus<\/em> und der Titaniden <em>Themis<\/em>, ist die Hauptg\u00f6ttin der GAIA und ihr Vollstrecker ist der Halbgott <em>Dionysos,<\/em> der bekanntlich den &#8216;Rathschlu\u00df&#8217; aller Gottheiten pl\u00f6tzlich zur Erscheinung bringt. (Erstellt am 22\/11\/15. Letzte \u00c4nderung am 27\/07\/18), (wird fortgesetzt)<\/p>\n","protected":false},"excerpt":{"rendered":"<p>(27\/07\/18) Die erkenntnistheoretisch im Geiste des objektiven Idealismus weiterentwickelte neo-situationistische Kunstavantgarde, die &#8220;Goetheanistisch Autonome Intuitive Aktion&#8221; (GAIA), betrachtet sich als&#8230;<\/p>\n","protected":false},"author":1,"featured_media":0,"parent":0,"menu_order":0,"comment_status":"closed","ping_status":"closed","template":"","meta":{"footnotes":""},"class_list":["post-9745","page","type-page","status-publish","hentry"],"_links":{"self":[{"href":"https:\/\/orexis.io\/clone_gaia-essen15-11-20\/wp-json\/wp\/v2\/pages\/9745","targetHints":{"allow":["GET"]}}],"collection":[{"href":"https:\/\/orexis.io\/clone_gaia-essen15-11-20\/wp-json\/wp\/v2\/pages"}],"about":[{"href":"https:\/\/orexis.io\/clone_gaia-essen15-11-20\/wp-json\/wp\/v2\/types\/page"}],"author":[{"embeddable":true,"href":"https:\/\/orexis.io\/clone_gaia-essen15-11-20\/wp-json\/wp\/v2\/users\/1"}],"replies":[{"embeddable":true,"href":"https:\/\/orexis.io\/clone_gaia-essen15-11-20\/wp-json\/wp\/v2\/comments?post=9745"}],"version-history":[{"count":0,"href":"https:\/\/orexis.io\/clone_gaia-essen15-11-20\/wp-json\/wp\/v2\/pages\/9745\/revisions"}],"wp:attachment":[{"href":"https:\/\/orexis.io\/clone_gaia-essen15-11-20\/wp-json\/wp\/v2\/media?parent=9745"}],"curies":[{"name":"wp","href":"https:\/\/api.w.org\/{rel}","templated":true}]}}