{"id":2,"date":"2021-10-19T12:45:08","date_gmt":"2021-10-19T12:45:08","guid":{"rendered":"https:\/\/orexis.io\/erste-nation\/?page_id=2"},"modified":"2024-11-16T10:47:01","modified_gmt":"2024-11-16T10:47:01","slug":"sample-page","status":"publish","type":"page","link":"https:\/\/orexis.io\/erste-nation\/index.php\/sample-page\/","title":{"rendered":"\u00dcber uns"},"content":{"rendered":"\r\n<p>(19\/10\/21) Die kunstrevolution\u00e4re Partei Deutschlands (Goetheanisten-Maoisten) f\u00fchlt sich nur zust\u00e4ndig f\u00fcr die Transzendentalie der Andersheit und dort auch nur f\u00fcr den Bereich der praktischen Freiheit, der in der Mythologie &#8220;Sonne und Erde&#8221; identisch ist mit dem Enso-Symbol im Zen-Buddhismus!<\/p>\r\n<p>Die hier auf dem Erdenplan stattfindende Politik, als Vermittlung von subjektiver \u00c4sthetik und objektiver Ethik tr\u00e4gt mit ihrer Rechtsetzung dazu bei, dass auch die Br\u00fcderlichkeit als die dritte politische Kraft ihrem Auftrag gem\u00e4\u00df zum Zuge kommt! Ein freies Geistesleben, freies Rechtsleben und freies Wirtschaftsleben bringen also ein Gemeinwesen hervor, das die Wohlfahrt aller garantiert!<\/p>\r\n<p>(wird fortgesetzt)<\/p>\r\n<p>Henryk Dykier. Copyright (C)! Alle Rechte vorbehalten!<\/p>\r\n","protected":false},"excerpt":{"rendered":"<p>(19\/10\/21) Die kunstrevolution\u00e4re Partei Deutschlands (Goetheanisten-Maoisten) f\u00fchlt sich nur zust\u00e4ndig f\u00fcr die Transzendentalie der Andersheit und dort auch nur f\u00fcr den Bereich der praktischen Freiheit, der in der Mythologie &#8220;Sonne und Erde&#8221; identisch ist mit dem Enso-Symbol im Zen-Buddhismus! Die &hellip; <a href=\"https:\/\/orexis.io\/erste-nation\/index.php\/sample-page\/\">Continue reading <span class=\"meta-nav\">&rarr;<\/span><\/a><\/p>\n","protected":false},"author":1,"featured_media":0,"parent":0,"menu_order":0,"comment_status":"closed","ping_status":"closed","template":"","meta":{"advanced_seo_description":"","jetpack_seo_html_title":"","jetpack_seo_noindex":false,"footnotes":""},"class_list":["post-2","page","type-page","status-publish","hentry"],"jetpack-related-posts":[],"jetpack_sharing_enabled":true,"jetpack_likes_enabled":true,"_links":{"self":[{"href":"https:\/\/orexis.io\/erste-nation\/index.php\/wp-json\/wp\/v2\/pages\/2","targetHints":{"allow":["GET"]}}],"collection":[{"href":"https:\/\/orexis.io\/erste-nation\/index.php\/wp-json\/wp\/v2\/pages"}],"about":[{"href":"https:\/\/orexis.io\/erste-nation\/index.php\/wp-json\/wp\/v2\/types\/page"}],"author":[{"embeddable":true,"href":"https:\/\/orexis.io\/erste-nation\/index.php\/wp-json\/wp\/v2\/users\/1"}],"replies":[{"embeddable":true,"href":"https:\/\/orexis.io\/erste-nation\/index.php\/wp-json\/wp\/v2\/comments?post=2"}],"version-history":[{"count":8,"href":"https:\/\/orexis.io\/erste-nation\/index.php\/wp-json\/wp\/v2\/pages\/2\/revisions"}],"predecessor-version":[{"id":82,"href":"https:\/\/orexis.io\/erste-nation\/index.php\/wp-json\/wp\/v2\/pages\/2\/revisions\/82"}],"wp:attachment":[{"href":"https:\/\/orexis.io\/erste-nation\/index.php\/wp-json\/wp\/v2\/media?parent=2"}],"curies":[{"name":"wp","href":"https:\/\/api.w.org\/{rel}","templated":true}]}}