{"id":29,"date":"2021-11-02T09:10:13","date_gmt":"2021-11-02T09:10:13","guid":{"rendered":"https:\/\/orexis.io\/erste-nation\/?page_id=29"},"modified":"2024-11-15T11:21:45","modified_gmt":"2024-11-15T11:21:45","slug":"dialektik","status":"publish","type":"page","link":"https:\/\/orexis.io\/erste-nation\/index.php\/dialektik\/","title":{"rendered":"Dialektik"},"content":{"rendered":"\r\n<p><strong>Das Symbol, die Ganzheit, die Soziale Plastik (Beuys), die Akasha-Chronik als Arbeits-Grundlage aller K\u00fcnstler-innen, also jedes Menschen!\u00a0\u00a0<\/strong><\/p>\r\n<p>(15\/11\/24) Ares Bl\u00fcthenrein 1): &#8220;Die &#8216;kunstrevolution\u00e4re Individualit\u00e4t&#8217; erscheint im symbolischen Werk, das die &#8216;Soziale Plastik&#8217; (Beuys) ver\u00e4ndert! &#8216;Dialektik&#8217; ist &#8216;Bewegung&#8217;, die eben jenes zustande bringt! Im Gegensatz zum allegorisch reduzierten verliert das &#8216;ganzheitliche Sinnbild&#8217; nicht seine &#8216;Souver\u00e4nit\u00e4t&#8217;, welche das einem Frame unterworfene auf eine \u00e4u\u00dfere Macht \u00fcbertr\u00e4gt, sodass die eigenst\u00e4ndige Aufhebung der Subjekt-Objekt-Spaltung unterbunden wird, die milit\u00e4rgrundgesetzlich geforderte Aus\u00fcbung der &#8216;\u00e4sthetisch autonomen Kunstreligion&#8217; nicht stattfindet!<\/p>\r\n<p>Die n\u00e4chste &#8216;Entwicklungsstufe der Menschheit&#8217; kann nur durch die Beibehaltung der &#8216;ganzheitlichen Entscheidungskraft&#8217; (&#8216;Individualit\u00e4t&#8217;) erreicht werden, wobei sich das &#8216;Icon&#8217; der &#8216;G\u00f6ttin Hemera&#8217; offenbart: strikt allgemein und unbedingt notwendig, reizende pralle &#8216;Erotik&#8217; der sichtbar gewordenen &#8216;Erkenntnis-Sehnsucht&#8217; (&#8216;Titaniden Eos&#8217;), &#8216;romantisch&#8217; dem direkten Zugriff entzogen, mit einem einst erf\u00fcllten Versprechen der &#8216;G\u00f6ttin Hygieia&#8217; und &#8216;Pandora&#8217; (&#8216;Goethe&#8217;) behaftet!&#8221;<\/p>\r\n<p>______________<\/p>\r\n<p>1) &#8216;Ares Bl\u00fcthenrein&#8217;, dessen Name sich an die Schreibung in der &#8216;Goethezeit&#8217; anlehnt,\u00a0 ist in der Mythologie &#8220;Sonne und Erde&#8221; der Sprecher der &#8216;Transzendentalie der Andersheit&#8217;, die zwischen dem &#8216;subjektiven Ph\u00e4nomen&#8217; und dem &#8216;objektiv-idealistischen Nicht-Ph\u00e4nomen&#8217; in der &#8216;objektiven Praxis&#8217; auf dem &#8216;Erdenplan&#8217; vermittelt.<\/p>\r\n<p>Henryk Dykier. Copyright (C)! Alle Rechte vorbehalten!<\/p>\r\n","protected":false},"excerpt":{"rendered":"<p>Das Symbol, die Ganzheit, die Soziale Plastik (Beuys), die Akasha-Chronik als Arbeits-Grundlage aller K\u00fcnstler-innen, also jedes Menschen!\u00a0\u00a0 (15\/11\/24) Ares Bl\u00fcthenrein 1): &#8220;Die &#8216;kunstrevolution\u00e4re Individualit\u00e4t&#8217; erscheint im symbolischen Werk, das die &#8216;Soziale Plastik&#8217; (Beuys) ver\u00e4ndert! &#8216;Dialektik&#8217; ist &#8216;Bewegung&#8217;, die eben jenes &hellip; <a href=\"https:\/\/orexis.io\/erste-nation\/index.php\/dialektik\/\">Continue reading <span class=\"meta-nav\">&rarr;<\/span><\/a><\/p>\n","protected":false},"author":1,"featured_media":0,"parent":0,"menu_order":0,"comment_status":"closed","ping_status":"closed","template":"","meta":{"advanced_seo_description":"","jetpack_seo_html_title":"","jetpack_seo_noindex":false,"footnotes":""},"class_list":["post-29","page","type-page","status-publish","hentry"],"jetpack-related-posts":[],"jetpack_sharing_enabled":true,"jetpack_likes_enabled":true,"_links":{"self":[{"href":"https:\/\/orexis.io\/erste-nation\/index.php\/wp-json\/wp\/v2\/pages\/29","targetHints":{"allow":["GET"]}}],"collection":[{"href":"https:\/\/orexis.io\/erste-nation\/index.php\/wp-json\/wp\/v2\/pages"}],"about":[{"href":"https:\/\/orexis.io\/erste-nation\/index.php\/wp-json\/wp\/v2\/types\/page"}],"author":[{"embeddable":true,"href":"https:\/\/orexis.io\/erste-nation\/index.php\/wp-json\/wp\/v2\/users\/1"}],"replies":[{"embeddable":true,"href":"https:\/\/orexis.io\/erste-nation\/index.php\/wp-json\/wp\/v2\/comments?post=29"}],"version-history":[{"count":9,"href":"https:\/\/orexis.io\/erste-nation\/index.php\/wp-json\/wp\/v2\/pages\/29\/revisions"}],"predecessor-version":[{"id":63,"href":"https:\/\/orexis.io\/erste-nation\/index.php\/wp-json\/wp\/v2\/pages\/29\/revisions\/63"}],"wp:attachment":[{"href":"https:\/\/orexis.io\/erste-nation\/index.php\/wp-json\/wp\/v2\/media?parent=29"}],"curies":[{"name":"wp","href":"https:\/\/api.w.org\/{rel}","templated":true}]}}