{"id":34,"date":"2021-11-02T09:53:26","date_gmt":"2021-11-02T09:53:26","guid":{"rendered":"https:\/\/orexis.io\/erste-nation\/?page_id=34"},"modified":"2024-11-16T10:43:36","modified_gmt":"2024-11-16T10:43:36","slug":"asthetik","status":"publish","type":"page","link":"https:\/\/orexis.io\/erste-nation\/index.php\/asthetik\/","title":{"rendered":"\u00c4sthetik"},"content":{"rendered":"<p>(02\/11\/21) Das &#8216;Gute&#8217; ist ein Resultat der Kardinaltugend der naturhaften, artverbundenen 1) Gerechtigkeit, ein &#8216;dionysischer Ratschluss der Gottheiten&#8217;, die &#8216;Dikelogie&#8217;, die in der Mythologie &#8220;Sonne und Erde&#8221; in der Figur des &#8216;<em>Solon&#8217;<\/em> verk\u00f6rpert ist, die praktische \u00c4sthetik der Weisheit, der wahrnehmenden Theorie der &#8216;Erkenntniskunst&#8217;, der nicht z\u00e4hlbaren &#8216;Individualit\u00e4t&#8217;!<\/p>\n<p>Die Ethik ist in diesem Zusammenhang nichts anderes als die \u00c4sthetik, da jene die Anschauung des gleichen Erscheinungsbildes ist! Diese rechtsgutachtliche Aussage ist von der Titaniden &#8216;<em>Themis&#8217;<\/em> unterschrieben und beim &#8216;Areopag&#8217; in den &#8216;Plejaden&#8217; hinterlegt!<\/p>\n<p>Die \u00c4sthetik der transzendentalen Bewegung, der Dialektik <em>(Hegel)<\/em> ist die &#8216;erkenntnisgeleitete Tat&#8217; der &#8216;genealogisch kritischen Wahrnehmung&#8217; und ihre &#8216;Tugend&#8217;, <em>&#8216;arete&#8217;<\/em> stimmt mit der &#8216;objektiven Handlung&#8217; \u00fcberein, die von der &#8216;Legitimit\u00e4t&#8217; unterst\u00fctzt wird, wenn sich diese nicht der &#8216;volksverhetzenden Legalit\u00e4t (BRD-Matrix)&#8217; unterwirft! (wird fortgesetzt)<br \/>\n___________________________<br \/>\n1) Art nicht essentialistisch biologisch im Sinne von <em>Platon<\/em> verstanden, sondern substanzhaft bezogen auf die &#8216;Letztbegr\u00fcndungsinstanz&#8217; der &#8216;singul\u00e4ren Individualit\u00e4t&#8217;, dem &#8216;<em>synholon&#8217;<\/em> nach <em>Aristoteles<\/em>!<\/p>\n<p>Henryk Dykier. Copyright (C)! Alle Rechte vorbehalten!<\/p>\n","protected":false},"excerpt":{"rendered":"<p>(02\/11\/21) Das &#8216;Gute&#8217; ist ein Resultat der Kardinaltugend der naturhaften, artverbundenen 1) Gerechtigkeit, ein &#8216;dionysischer Ratschluss der Gottheiten&#8217;, die &#8216;Dikelogie&#8217;, die in der Mythologie &#8220;Sonne und Erde&#8221; in der Figur des &#8216;Solon&#8217; verk\u00f6rpert ist, die praktische \u00c4sthetik der Weisheit, der &hellip; <a href=\"https:\/\/orexis.io\/erste-nation\/index.php\/asthetik\/\">Continue reading <span class=\"meta-nav\">&rarr;<\/span><\/a><\/p>\n","protected":false},"author":1,"featured_media":0,"parent":0,"menu_order":0,"comment_status":"closed","ping_status":"closed","template":"","meta":{"advanced_seo_description":"","jetpack_seo_html_title":"","jetpack_seo_noindex":false,"footnotes":""},"class_list":["post-34","page","type-page","status-publish","hentry"],"jetpack-related-posts":[],"jetpack_sharing_enabled":true,"jetpack_likes_enabled":true,"_links":{"self":[{"href":"https:\/\/orexis.io\/erste-nation\/index.php\/wp-json\/wp\/v2\/pages\/34","targetHints":{"allow":["GET"]}}],"collection":[{"href":"https:\/\/orexis.io\/erste-nation\/index.php\/wp-json\/wp\/v2\/pages"}],"about":[{"href":"https:\/\/orexis.io\/erste-nation\/index.php\/wp-json\/wp\/v2\/types\/page"}],"author":[{"embeddable":true,"href":"https:\/\/orexis.io\/erste-nation\/index.php\/wp-json\/wp\/v2\/users\/1"}],"replies":[{"embeddable":true,"href":"https:\/\/orexis.io\/erste-nation\/index.php\/wp-json\/wp\/v2\/comments?post=34"}],"version-history":[{"count":6,"href":"https:\/\/orexis.io\/erste-nation\/index.php\/wp-json\/wp\/v2\/pages\/34\/revisions"}],"predecessor-version":[{"id":78,"href":"https:\/\/orexis.io\/erste-nation\/index.php\/wp-json\/wp\/v2\/pages\/34\/revisions\/78"}],"wp:attachment":[{"href":"https:\/\/orexis.io\/erste-nation\/index.php\/wp-json\/wp\/v2\/media?parent=34"}],"curies":[{"name":"wp","href":"https:\/\/api.w.org\/{rel}","templated":true}]}}