{"id":40,"date":"2021-11-02T13:37:48","date_gmt":"2021-11-02T13:37:48","guid":{"rendered":"https:\/\/orexis.io\/erste-nation\/?page_id=40"},"modified":"2024-11-16T10:44:13","modified_gmt":"2024-11-16T10:44:13","slug":"metamorphose","status":"publish","type":"page","link":"https:\/\/orexis.io\/erste-nation\/index.php\/metamorphose\/","title":{"rendered":"Metamorphose"},"content":{"rendered":"<p>(02\/11\/21) Nachdem der Goethe das Sch\u00f6ne, Wahre und Gute, also den Weg, die Erkenntnisidee und das Leben zu einem sinnlichen Symbol ganzheitlich vereint, der allgemein gute Wille seine Eigenschaften, seinen Charakter im Sinne seines Entwicklungszieles in der Transzendentalie der \u00e4sthetischen polis zu Beginn des Erdenplanes optimiert hat, sichtbar an seiner Selbstbildungsgestalt, Morphe, Stil, inh\u00e4riert die maoistische Rotgardist-in diese naturrechtliche Verfassungs\u00e4nderung in die &#8220;Soziale Plastik&#8221; (Beuys), welche dadurch von ihren revisionistischen, sozialfaschistischen und b\u00fcrokratischen D\u00e4monen befreit wird!<\/p>\n<p>Damit ist die Metamorphose des wahlverwandtschaftlich organisierten Gemeinwesens in der Mitte der Welt des Gottes Pluto aber noch nicht ganz vollendet! Erst wenn sie beim Gang durch den ENSO-Kreis erkenntnisk\u00fcnstlerisch objektiv-idealistisch, also erneut \u00e4sthetisch autonom im Zwangsverrichtungsraum der BRD-Matrix in Augenschein genommen wird, im letzten Abschnitt der irdenen Endlichkeit, dort wo die Vorh\u00f6lle und die Sch\u00f6nheit sich den gleichen Ort teilen m\u00fcssen, erst dann entspricht das soziale Kunstwerk dem sonnenhaften Zeitgeist Michael. (wird fortgesetzt)<\/p>\n<p>Henryk Dykier. Copyright (C)! Alle Rechte vorbehalten!<\/p>\n","protected":false},"excerpt":{"rendered":"<p>(02\/11\/21) Nachdem der Goethe das Sch\u00f6ne, Wahre und Gute, also den Weg, die Erkenntnisidee und das Leben zu einem sinnlichen Symbol ganzheitlich vereint, der allgemein gute Wille seine Eigenschaften, seinen Charakter im Sinne seines Entwicklungszieles in der Transzendentalie der \u00e4sthetischen &hellip; <a href=\"https:\/\/orexis.io\/erste-nation\/index.php\/metamorphose\/\">Continue reading <span class=\"meta-nav\">&rarr;<\/span><\/a><\/p>\n","protected":false},"author":1,"featured_media":0,"parent":0,"menu_order":0,"comment_status":"closed","ping_status":"closed","template":"","meta":{"advanced_seo_description":"","jetpack_seo_html_title":"","jetpack_seo_noindex":false,"footnotes":""},"class_list":["post-40","page","type-page","status-publish","hentry"],"jetpack-related-posts":[],"jetpack_sharing_enabled":true,"jetpack_likes_enabled":true,"_links":{"self":[{"href":"https:\/\/orexis.io\/erste-nation\/index.php\/wp-json\/wp\/v2\/pages\/40","targetHints":{"allow":["GET"]}}],"collection":[{"href":"https:\/\/orexis.io\/erste-nation\/index.php\/wp-json\/wp\/v2\/pages"}],"about":[{"href":"https:\/\/orexis.io\/erste-nation\/index.php\/wp-json\/wp\/v2\/types\/page"}],"author":[{"embeddable":true,"href":"https:\/\/orexis.io\/erste-nation\/index.php\/wp-json\/wp\/v2\/users\/1"}],"replies":[{"embeddable":true,"href":"https:\/\/orexis.io\/erste-nation\/index.php\/wp-json\/wp\/v2\/comments?post=40"}],"version-history":[{"count":4,"href":"https:\/\/orexis.io\/erste-nation\/index.php\/wp-json\/wp\/v2\/pages\/40\/revisions"}],"predecessor-version":[{"id":79,"href":"https:\/\/orexis.io\/erste-nation\/index.php\/wp-json\/wp\/v2\/pages\/40\/revisions\/79"}],"wp:attachment":[{"href":"https:\/\/orexis.io\/erste-nation\/index.php\/wp-json\/wp\/v2\/media?parent=40"}],"curies":[{"name":"wp","href":"https:\/\/api.w.org\/{rel}","templated":true}]}}