{"id":48,"date":"2021-11-02T14:50:58","date_gmt":"2021-11-02T14:50:58","guid":{"rendered":"https:\/\/orexis.io\/erste-nation\/?page_id=48"},"modified":"2024-11-16T10:48:11","modified_gmt":"2024-11-16T10:48:11","slug":"wachsamkeitskomitee","status":"publish","type":"page","link":"https:\/\/orexis.io\/erste-nation\/index.php\/wachsamkeitskomitee\/","title":{"rendered":"Wachsamkeitskomitee"},"content":{"rendered":"<p>(02\/11\/21) Kommunale B\u00fcnde, die dem hier vermittelten Ethos sich \u00fcberpr\u00fcfbar verpflichtet f\u00fchlen, organisieren sich in buddhistischen (Rinzai-Zen) &#8216;Wachsamkeitskomitees&#8217;, die aus der Leere heraus goetheanistisch und maoistisch die Struktur der &#8220;Sozialen Plastik&#8221; <em>(Beuys)<\/em> sinnlich und praktisch \u00e4sthetisieren. Mehrere dieser in Manipel-Gr\u00f6\u00dfe entstehenden untersten Einheiten einer <em>&#8216;polis&#8217;<\/em> formieren sich dann zu einer &#8216;Periagoge&#8217;, die, falls sie auch die entsprechenden Ressourcen dazu aufbringt, sich in eine <a href=\"https:\/\/myartemision.wordpress.com\">Baugemeinschaft<\/a> verwandeln kann.<\/p>\n<p>Der oben unterlegte Link f\u00fchrt zu einem architektonisch realisierbaren Mythologem, das in der Imagination als alleinstehendes Heiligtum der G\u00f6ttin <em>Artemis<\/em> symbolisiert ist. Die erste &#8216;Periagoge&#8217; muss aber auch ein &#8216;Artemision&#8217; sein! Erst auf l\u00e4ngere Sicht, wenn die Polis in der &#8216;Transzendentalie der Andersheit&#8217; sich materiell verankert hat, wird der Tempel der &#8216;Mondg\u00f6ttin&#8217; und der &#8216;Herrin der Nymphen&#8217; seinen im geb\u00fchrenden Platz in der &#8216;BRD-Matrix&#8217; erhalten!<\/p>\n<p>(wird fortgesetzt)<\/p>\n<p>Henryk Dykier. Copyright (C)! Alle Rechte vorbehalten!<\/p>\n","protected":false},"excerpt":{"rendered":"<p>(02\/11\/21) Kommunale B\u00fcnde, die dem hier vermittelten Ethos sich \u00fcberpr\u00fcfbar verpflichtet f\u00fchlen, organisieren sich in buddhistischen (Rinzai-Zen) &#8216;Wachsamkeitskomitees&#8217;, die aus der Leere heraus goetheanistisch und maoistisch die Struktur der &#8220;Sozialen Plastik&#8221; (Beuys) sinnlich und praktisch \u00e4sthetisieren. Mehrere dieser in Manipel-Gr\u00f6\u00dfe &hellip; <a href=\"https:\/\/orexis.io\/erste-nation\/index.php\/wachsamkeitskomitee\/\">Continue reading <span class=\"meta-nav\">&rarr;<\/span><\/a><\/p>\n","protected":false},"author":1,"featured_media":0,"parent":0,"menu_order":0,"comment_status":"closed","ping_status":"closed","template":"","meta":{"advanced_seo_description":"","jetpack_seo_html_title":"","jetpack_seo_noindex":false,"footnotes":""},"class_list":["post-48","page","type-page","status-publish","hentry"],"jetpack-related-posts":[],"jetpack_sharing_enabled":true,"jetpack_likes_enabled":true,"_links":{"self":[{"href":"https:\/\/orexis.io\/erste-nation\/index.php\/wp-json\/wp\/v2\/pages\/48","targetHints":{"allow":["GET"]}}],"collection":[{"href":"https:\/\/orexis.io\/erste-nation\/index.php\/wp-json\/wp\/v2\/pages"}],"about":[{"href":"https:\/\/orexis.io\/erste-nation\/index.php\/wp-json\/wp\/v2\/types\/page"}],"author":[{"embeddable":true,"href":"https:\/\/orexis.io\/erste-nation\/index.php\/wp-json\/wp\/v2\/users\/1"}],"replies":[{"embeddable":true,"href":"https:\/\/orexis.io\/erste-nation\/index.php\/wp-json\/wp\/v2\/comments?post=48"}],"version-history":[{"count":2,"href":"https:\/\/orexis.io\/erste-nation\/index.php\/wp-json\/wp\/v2\/pages\/48\/revisions"}],"predecessor-version":[{"id":83,"href":"https:\/\/orexis.io\/erste-nation\/index.php\/wp-json\/wp\/v2\/pages\/48\/revisions\/83"}],"wp:attachment":[{"href":"https:\/\/orexis.io\/erste-nation\/index.php\/wp-json\/wp\/v2\/media?parent=48"}],"curies":[{"name":"wp","href":"https:\/\/api.w.org\/{rel}","templated":true}]}}