{"id":240,"date":"2016-06-06T15:33:42","date_gmt":"2016-06-06T15:33:42","guid":{"rendered":"http:\/\/evolutionscafe.de\/?page_id=240"},"modified":"2026-02-12T07:33:08","modified_gmt":"2026-02-12T07:33:08","slug":"autonomer-kulturraum-in-re","status":"publish","type":"page","link":"https:\/\/orexis.io\/evolutionscafe\/?page_id=240","title":{"rendered":"Autonomer Kulturraum (in re)"},"content":{"rendered":"<p>(10\/07\/25) Jedes Update der Seite wird unten akribisch beschrieben!<\/p>\n<p>(15\/10\/16) Im laufe des III. Quartals 2016 wurde der Attribut-Seite im Auffindebereich der Titel &#8220;Autonomer Kulturraum (in re)&#8221; hinzugef\u00fcgt. Anfang Oktober 2016 dann der Zusatz &#8216;realistisch&#8217;. Dieser wurde am 15\/10\/16 in &#8216;real&#8217; ver\u00e4ndert.<\/p>\n<p>06\/06\/16. Das Evolutionscafe ist die Einrichtung des Hypatianums (Museion), die das Gute anhand seiner Attribute ohne moralische Vorurteile benennt, beschreibt und verwirklicht. In immer neuen rituellen Wiederholungen sollen sie von den dazu bereiten geistigen Nachfahren von Karl-Philipp Moritz, Goethe, Nietzsche, Rudolf Steiner und Joseph Beuys dionysisch ins Werk gesetzt werden.\u00a0\u00a0 \u00b6\u00a0\u00a0 Im Gegensatz zu den Modulen und den Mythologemen werden sie nicht alphabetisch geordnet, da es hier auf die Reihenfolge der Eintr\u00e4ge in die Akashachronik ankommt. Entsprechend der Zen-Vorgabe hat jede Kunstwahrheit (Goethe) nur eine M\u00f6glichkeit durch eine Handlung rein in der Naturwirklichkeit (Goethe) zu erscheinen.<\/p>\n<p>Attribute:<br \/>\n(016) Kunstkirche<br \/>\n(015) Nationaler Sicherheitsrat<br \/>\n(014) Quadrat der unbekannten Herzog-in<br \/>\n(013) Wachsamkeitskomitee<br \/>\n(012) Hochzeit, k\u00f6nigliche<br \/>\n(011) Wachku\u00df<br \/>\n(010) Reinheit<br \/>\n(009) Re-Inkarnation<br \/>\n(008) Individualit\u00e4t<br \/>\n(007) Urbild<br \/>\n(006) Paradox<br \/>\n(005) Gestalt<br \/>\n(004) Metamorphose<br \/>\n(003) Autonomie, \u00e4sthetische<br \/>\n(002) Arete<br \/>\n(001) Einheit<\/p>\n<p>Henryk Dykier. Copyright (C). Alle Rechte ohne Ausnahmen vorbehalten!<br \/>\n________________________<br \/>\nVer\u00e4nderungen am 10\/07\/25:<br \/>\n1*) Die beiden ersten Abs\u00e4tze wurden durch eine Leerzeile getrennt.<br \/>\n2*) Das Wort Attribut wurde hinzugef\u00fcgt.<br \/>\n3*) Update-Hinweis eingesetzt.<br \/>\n4*) Das Widget zu dieser Seite unter der Kartei-Karte &#8220;Home&#8221; oben rechts unter dem Header-Image wurde vervollst\u00e4ndigt und so angepasst wie es urspr\u00fcnglich aussah, bevor die Website, wohl durch einen Hacker-Angriff lahmgelegt, f\u00fcr Sie nicht mehr zur Verf\u00fcgung stand.<br \/>\n5*) Die rechtlichen Hinweise zum Text wurden ganz unten eingef\u00fcgt.<br \/>\n6*) Das Text-Widget unter 4* wurde mit &#8216;ganzheitliche&#8217; und &#8216;entfaltet&#8217; erg\u00e4nzt und vor &#8216;\u00e4sthetische&#8217; ein Komma gesetzt.<br \/>\nVer\u00e4nderungen am 27\/01\/26:<br \/>\n7*) Die Attribute &#8216;Nationaler Sicherheitsrat&#8217; und &#8216;Kunstkirche&#8217; wurden hinzugef\u00fcgt.<\/p>\n","protected":false},"excerpt":{"rendered":"<p>(10\/07\/25) Jedes Update der Seite wird unten akribisch beschrieben! (15\/10\/16) Im laufe des III. Quartals 2016 wurde der Attribut-Seite im Auffindebereich der Titel &#8220;Autonomer Kulturraum (in re)&#8221; hinzugef\u00fcgt. Anfang Oktober 2016 dann der Zusatz &#8216;realistisch&#8217;. Dieser wurde am 15\/10\/16 in &hellip; <a href=\"https:\/\/orexis.io\/evolutionscafe\/?page_id=240\">Continue reading <span class=\"meta-nav\">&rarr;<\/span><\/a><\/p>\n","protected":false},"author":2,"featured_media":0,"parent":0,"menu_order":0,"comment_status":"closed","ping_status":"closed","template":"","meta":{"footnotes":""},"class_list":["post-240","page","type-page","status-publish","hentry"],"_links":{"self":[{"href":"https:\/\/orexis.io\/evolutionscafe\/index.php?rest_route=\/wp\/v2\/pages\/240","targetHints":{"allow":["GET"]}}],"collection":[{"href":"https:\/\/orexis.io\/evolutionscafe\/index.php?rest_route=\/wp\/v2\/pages"}],"about":[{"href":"https:\/\/orexis.io\/evolutionscafe\/index.php?rest_route=\/wp\/v2\/types\/page"}],"author":[{"embeddable":true,"href":"https:\/\/orexis.io\/evolutionscafe\/index.php?rest_route=\/wp\/v2\/users\/2"}],"replies":[{"embeddable":true,"href":"https:\/\/orexis.io\/evolutionscafe\/index.php?rest_route=%2Fwp%2Fv2%2Fcomments&post=240"}],"version-history":[{"count":8,"href":"https:\/\/orexis.io\/evolutionscafe\/index.php?rest_route=\/wp\/v2\/pages\/240\/revisions"}],"predecessor-version":[{"id":422,"href":"https:\/\/orexis.io\/evolutionscafe\/index.php?rest_route=\/wp\/v2\/pages\/240\/revisions\/422"}],"wp:attachment":[{"href":"https:\/\/orexis.io\/evolutionscafe\/index.php?rest_route=%2Fwp%2Fv2%2Fmedia&parent=240"}],"curies":[{"name":"wp","href":"https:\/\/api.w.org\/{rel}","templated":true}]}}