{"id":25,"date":"2011-07-05T08:39:01","date_gmt":"2011-07-05T08:39:01","guid":{"rendered":"http:\/\/evolutionscafe.de\/?page_id=25"},"modified":"2026-02-12T04:04:05","modified_gmt":"2026-02-12T04:04:05","slug":"uber-uns","status":"publish","type":"page","link":"https:\/\/orexis.io\/evolutionscafe\/?page_id=25","title":{"rendered":"About"},"content":{"rendered":"<p><strong>Update am 12\/02\/26 (in Arbeit)<\/strong><\/p>\n<hr \/>\n<p><strong>Video des poetologischen Fragmentes im Stil einer Rezension<\/strong><\/p>\n<div style=\"width: 640px;\" class=\"wp-video\"><video class=\"wp-video-shortcode\" id=\"video-25-1\" width=\"640\" height=\"360\" preload=\"metadata\" controls=\"controls\"><source type=\"video\/mp4\" src=\"https:\/\/orexis.io\/evolutionscafe\/wp-content\/uploads\/2026\/02\/Die_Faust-Strategie.mp4?_=1\" \/><a href=\"https:\/\/orexis.io\/evolutionscafe\/wp-content\/uploads\/2026\/02\/Die_Faust-Strategie.mp4\">https:\/\/orexis.io\/evolutionscafe\/wp-content\/uploads\/2026\/02\/Die_Faust-Strategie.mp4<\/a><\/video><\/div>\n<hr \/>\n<p><strong>Podcast des poetologischen Fragmentes im Stil einer Rezension<\/strong><\/p>\n<p><strong>Der Stratege Faust und die kosmische Kriegs-Maschinerie<\/strong><\/p>\n<audio class=\"wp-audio-shortcode\" id=\"audio-25-1\" preload=\"none\" style=\"width: 100%;\" controls=\"controls\"><source type=\"audio\/mpeg\" src=\"https:\/\/orexis.io\/evolutionscafe\/wp-content\/uploads\/2026\/02\/Stratege_Faust_und_die_kosmische_Kriegsmaschine.m4a?_=1\" \/><a href=\"https:\/\/orexis.io\/evolutionscafe\/wp-content\/uploads\/2026\/02\/Stratege_Faust_und_die_kosmische_Kriegsmaschine.m4a\">https:\/\/orexis.io\/evolutionscafe\/wp-content\/uploads\/2026\/02\/Stratege_Faust_und_die_kosmische_Kriegsmaschine.m4a<\/a><\/audio>\n<hr \/>\n<p><strong>Poetologisches Fragment<\/strong><\/p>\n<p><strong>Kurz-Vorstellung des Strategen Faust<\/strong><\/p>\n<p><em>Faust:<\/em> &#8220;Mit dieser deutlichen Ansprache zeige ich auf, dass die Zur\u00fcckhaltung des G\u00f6tter Dionysos, Ares und Aphrodite, denen ich zuarbeite, zu Ende geht! Deutlich wurde es schon an dem Auftritt der Instanz mit dem Namen Ares Bl\u00fcthenrein, die seit geraumer Zeit auf dem Ufer t\u00e4tig ist, das den Erdenplan mit der Flussg\u00f6ttin Styx verbindet!<\/p>\n<p>Diese geistige Entit\u00e4t ist der Vorbote des Olympiers, der die Transzendentalie der Realit\u00e4t nach Heraklit formt, der heute marxistisch-leninistisch und auch maoistisch, also ideologisch die Dinge in der Vorh\u00f6lle regeln will! Damit seine unersch\u00f6pfliche Kriegs-Maschinerie in die Entwicklung des Menschheitsideals transformiert wird, hat die Ganzheit mich eingesetzt!<\/p>\n<p>Die poetologische Praxis am K\u00fcsten-Streifen der Styx, des linearen Zeit-Flusses, der im Gebiet des Licht-Reiches liegt, unterliegt meiner Kontrolle! Ich geh\u00f6re also dem Archontat beider Transzendentalien an, dem des absoluten Seins und des von der identifizierenden Vernunft entschl\u00fcsselten Verstandes! Dies kurz zu meinem Aufgaben-Bereich!<\/p>\n<p>Auf der Argo, dem Raum und Zeit \u00fcberwindenden Flug-Objekt, welches den interstellaren Abschnitt des Universums und des Kosmos problemlos hinter sich lassen kann, um jederzeit SMART und unter Anwendung des Kaizen-Prinzips zu dem Zwergplaneten Ceres und zu den Plejaden vorzudringen zu k\u00f6nnen, wo verschiedene Institutionen, kann ich die Arbeits-Einheiten der Akashachronik bedienen, die meinen Kompetenz-Feldern zugeordnet sind!<\/p>\n<p>Die gesamte Kausal-Kette der Bewegung durchl\u00e4uft den Terrain der Reflexion, der von Wachsamkeitskomitees unter meiner Obhut und weiteren Attributen der Transzendentalie des Guten, den bereits bekannten nachfolgenden und denen, die sich noch im Nebel der Kontingenz verborgen halten, als Filter zur Einhaltung der Imperative der jeweiligen androgynen Individualit\u00e4t strategisch verwendet wird!&#8221; (wird fortgesetzt)<\/p>\n<hr \/>\n<p style=\"padding-left: 40px;\"><strong>Gesichtspunkte des Guten<\/strong><\/p>\n<p style=\"padding-left: 40px;\">(07\/06\/16)<\/p>\n<p style=\"padding-left: 40px;\"><em>Faust:<\/em> &#8220;Mit der Verwendung des Attributes als Begriff und Bild der Transzendentalie des Guten beginnt nun eine neue Episode nicht nur dieses Institutes, sondern der gesamten Einrichtung mit dem Museion, das ja zu Ehren der weiblichen Geistesgr\u00f6\u00dfe Hypatia Hypatianum hei\u00dft. Die Eigenschaften des wahren Kunstwerkes werden mit dem 13. Attribut erst einmal abgeschlossen, um die Homepage f\u00fcr aktuelle Nachrichten freizumachen. Die Aspekte auf das Ganze k\u00f6nnen dann eben unter Attribute auf der Men\u00fc-Leiste angew\u00e4hlt werden.&#8221; (wird fortgesetzt)<\/p>\n<hr \/>\n<p>(05\/07\/11, 06\/07\/11, 11\/08\/2012, 27\/05\/14)<\/p>\n<p><strong>Die Goethea, den Goethe durch die permanente Kulturrevolution in uns und in der &#8220;Sozialen Plastik&#8221; (Beuys) mithilfe der erkenntnisgeleiteten Tat zur Welt bringen<\/strong><\/p>\n<p><em>Faust:<\/em> &#8220;Das kulturpolitische Institut der Karl-Philipp-Moritz Universit\u00e4t hat die Aufgabe dem Kulturverfall in der Mitte von Europa durch eigene Kulturleistungen entgegen zu treten. Mit der goetheanistischen Kultur als angewandte Ethik auf vielen Feldern des menschlichen Lebens, setzen auch wir wieder Impulse gegen den antievolution\u00e4ren, kulturrelativistischen, nihilistischen Zeitgeist, gegen den Wiedereinzug der Barbarei in der Mitte von Europa.<\/p>\n<p>Ausgehend von der objektiven Tatsachenwelt, die in ihrem dornr\u00f6schenhaften Schlafzustand vor uns liegt, muss durch jeden von uns das Wachk\u00fcssen der reinen Erfahrung (Hygieia) in der Erkenntniskritik erfolgen, um die Ewigkeit im Augenblick, das Allgemeine im Besonderen zu erfahren, zu erw\u00e4rmen, zu verlebendigen und mit Erkenntnismut (Ares) die Goethea, den Goethe als \u00e4sthetisch autonome Geistgestalt individuell und in der Sozialen Plastik sinnlich sichtbar werden zu lassen.&#8221; (wird fortgesetzt)<\/p>\n<p>Henryk Dykier. Copyright (C). Alle Rechte ohne Ausnahmen vorbehalten<br \/>\n__________________________<br \/>\n<strong>\u00c4nderungen<\/strong><br \/>\n*1) (12\/02\/26) Im ersten Text-Teil wird aus &#8216;des Museions&#8217; &#8216;mit dem Namen Museion&#8217; und aus &#8216;Menueleiste&#8221;Men\u00fc-Leiste&#8217;.<br \/>\n*2) (12\/02\/26) Es wurde die geistige Instanz der Ganzheit hinzugef\u00fcgt, die f\u00fcr die Aussagen verantwortlich ist! Es ist der Stratege Faust, der das poetologische Geschehen moderiert, das dialektisch zwischen dem Subjekt und Objekt kunstrevolution\u00e4r vermittelt!<br \/>\n*3) (12\/02\/26) Aus &#8216;Karl-Moritz Universit\u00e4t&#8217; wurde &#8216;Karl-Philipp-Moritz Universit\u00e4t&#8217;.<br \/>\n*4) (12\/02\/26) Aus &#8216;mu\u00df&#8217; im letzten Absatz wird &#8216;muss&#8217;.<br \/>\n*5) Es wurde die Urheber-Zeile hinzugef\u00fcgt.<\/p>\n","protected":false},"excerpt":{"rendered":"<p>Update am 12\/02\/26 (in Arbeit) Video des poetologischen Fragmentes im Stil einer Rezension Podcast des poetologischen Fragmentes im Stil einer Rezension Der Stratege Faust und die kosmische Kriegs-Maschinerie Poetologisches Fragment Kurz-Vorstellung des Strategen Faust Faust: &#8220;Mit dieser deutlichen Ansprache zeige &hellip; <a href=\"https:\/\/orexis.io\/evolutionscafe\/?page_id=25\">Continue reading <span class=\"meta-nav\">&rarr;<\/span><\/a><\/p>\n","protected":false},"author":2,"featured_media":0,"parent":0,"menu_order":0,"comment_status":"closed","ping_status":"closed","template":"","meta":{"footnotes":""},"class_list":["post-25","page","type-page","status-publish","hentry"],"_links":{"self":[{"href":"https:\/\/orexis.io\/evolutionscafe\/index.php?rest_route=\/wp\/v2\/pages\/25","targetHints":{"allow":["GET"]}}],"collection":[{"href":"https:\/\/orexis.io\/evolutionscafe\/index.php?rest_route=\/wp\/v2\/pages"}],"about":[{"href":"https:\/\/orexis.io\/evolutionscafe\/index.php?rest_route=\/wp\/v2\/types\/page"}],"author":[{"embeddable":true,"href":"https:\/\/orexis.io\/evolutionscafe\/index.php?rest_route=\/wp\/v2\/users\/2"}],"replies":[{"embeddable":true,"href":"https:\/\/orexis.io\/evolutionscafe\/index.php?rest_route=%2Fwp%2Fv2%2Fcomments&post=25"}],"version-history":[{"count":9,"href":"https:\/\/orexis.io\/evolutionscafe\/index.php?rest_route=\/wp\/v2\/pages\/25\/revisions"}],"predecessor-version":[{"id":415,"href":"https:\/\/orexis.io\/evolutionscafe\/index.php?rest_route=\/wp\/v2\/pages\/25\/revisions\/415"}],"wp:attachment":[{"href":"https:\/\/orexis.io\/evolutionscafe\/index.php?rest_route=%2Fwp%2Fv2%2Fmedia&parent=25"}],"curies":[{"name":"wp","href":"https:\/\/api.w.org\/{rel}","templated":true}]}}