{"id":290,"date":"2016-06-28T13:13:45","date_gmt":"2016-06-28T13:13:45","guid":{"rendered":"http:\/\/evolutionscafe.de\/?page_id=290"},"modified":"2026-02-14T18:58:14","modified_gmt":"2026-02-14T18:58:14","slug":"studienstaette","status":"publish","type":"page","link":"https:\/\/orexis.io\/evolutionscafe\/?page_id=290","title":{"rendered":"Studienst\u00e4tte"},"content":{"rendered":"<p><em>(14\/02\/26) Update in Arbeit<\/em><\/p>\n<p>28\/08\/16. In einem Segment der versteckt liegenden avantgardistischen Polis findet die Erkenntnissucher-in auch den eidetischen Teil des Kulturimpulses &#8220;Sonne und Erde&#8221;, der sich wie auch die anderen Verk\u00f6rperungen mit der Hyle verbunden hat, der aber weder einer therapeutisch wirksamen, noch eine blo\u00df meditativen, noch einer kunstrevolution\u00e4ren, noch einer sozialplastischen im engeren Sinne, sondern einer selbstbildenden praktischen \u00c4sthetik, die sich ja ihrer \u00e4sthetischen Autonomie absolut verpflichtet hat, den Raum zur Verf\u00fcgung stellt. Der analytisch hervorgebrachte Inhalt ist der, den die Institute der ganzheitlichen &#8220;Freien Karl-Philipp Moritz Online-Universit\u00e4t&#8221; erarbeitet haben. \u00dcberhaupt ist dieser Zweig des &#8220;Hypatianums&#8221;, des materialisierten geistigen Einschlages aus &#8220;Neu-Weimar&#8221;, der propyl\u00e4enhafte Begegnungsort f\u00fcr alle zum indigenen Goethevolk konvertierten Pers\u00f6nlichkeiten.<\/p>\n","protected":false},"excerpt":{"rendered":"<p>(14\/02\/26) Update in Arbeit 28\/08\/16. In einem Segment der versteckt liegenden avantgardistischen Polis findet die Erkenntnissucher-in auch den eidetischen Teil des Kulturimpulses &#8220;Sonne und Erde&#8221;, der sich wie auch die anderen Verk\u00f6rperungen mit der Hyle verbunden hat, der aber weder &hellip; <a href=\"https:\/\/orexis.io\/evolutionscafe\/?page_id=290\">Continue reading <span class=\"meta-nav\">&rarr;<\/span><\/a><\/p>\n","protected":false},"author":2,"featured_media":0,"parent":0,"menu_order":0,"comment_status":"closed","ping_status":"closed","template":"","meta":{"footnotes":""},"class_list":["post-290","page","type-page","status-publish","hentry"],"_links":{"self":[{"href":"https:\/\/orexis.io\/evolutionscafe\/index.php?rest_route=\/wp\/v2\/pages\/290","targetHints":{"allow":["GET"]}}],"collection":[{"href":"https:\/\/orexis.io\/evolutionscafe\/index.php?rest_route=\/wp\/v2\/pages"}],"about":[{"href":"https:\/\/orexis.io\/evolutionscafe\/index.php?rest_route=\/wp\/v2\/types\/page"}],"author":[{"embeddable":true,"href":"https:\/\/orexis.io\/evolutionscafe\/index.php?rest_route=\/wp\/v2\/users\/2"}],"replies":[{"embeddable":true,"href":"https:\/\/orexis.io\/evolutionscafe\/index.php?rest_route=%2Fwp%2Fv2%2Fcomments&post=290"}],"version-history":[{"count":1,"href":"https:\/\/orexis.io\/evolutionscafe\/index.php?rest_route=\/wp\/v2\/pages\/290\/revisions"}],"predecessor-version":[{"id":565,"href":"https:\/\/orexis.io\/evolutionscafe\/index.php?rest_route=\/wp\/v2\/pages\/290\/revisions\/565"}],"wp:attachment":[{"href":"https:\/\/orexis.io\/evolutionscafe\/index.php?rest_route=%2Fwp%2Fv2%2Fmedia&parent=290"}],"curies":[{"name":"wp","href":"https:\/\/api.w.org\/{rel}","templated":true}]}}