{"id":33,"date":"2011-07-06T10:29:04","date_gmt":"2011-07-06T10:29:04","guid":{"rendered":"http:\/\/evolutionscafe.de\/?page_id=33"},"modified":"2026-02-14T18:52:58","modified_gmt":"2026-02-14T18:52:58","slug":"seminare","status":"publish","type":"page","link":"https:\/\/orexis.io\/evolutionscafe\/?page_id=33","title":{"rendered":"Dionysia"},"content":{"rendered":"<p><em>(14\/02\/26) Update in Arbeit<\/em><\/p>\n<p>(27\/05\/14 ) Die Festspiele, die zu Ehren des Gottes der Freude, Dionysos, aufgef\u00fchrt werden, machen nicht nur Spa\u00df, sondern bereichern auch lebenspraktisch. Lassen Sie sich in das Reich der Einbildungskraft entf\u00fchren und vergessen Sie einfach den immer gleichen Alltag. Das Evolutionscafe bietet Ihnen in den Dionysien, als Teil einer starken Gemeinschaft, dem Goethevolk, das erhabene Gef\u00fchl, da\u00df au\u00dferhalb des Erdenplanes auch noch nichtgekannte Freir\u00e4ume sind f\u00fcr Sie ganz pers\u00f6nlich und individuell.<\/p>\n","protected":false},"excerpt":{"rendered":"<p>(14\/02\/26) Update in Arbeit (27\/05\/14 ) Die Festspiele, die zu Ehren des Gottes der Freude, Dionysos, aufgef\u00fchrt werden, machen nicht nur Spa\u00df, sondern bereichern auch lebenspraktisch. Lassen Sie sich in das Reich der Einbildungskraft entf\u00fchren und vergessen Sie einfach den &hellip; <a href=\"https:\/\/orexis.io\/evolutionscafe\/?page_id=33\">Continue reading <span class=\"meta-nav\">&rarr;<\/span><\/a><\/p>\n","protected":false},"author":2,"featured_media":0,"parent":0,"menu_order":0,"comment_status":"closed","ping_status":"closed","template":"","meta":{"footnotes":""},"class_list":["post-33","page","type-page","status-publish","hentry"],"_links":{"self":[{"href":"https:\/\/orexis.io\/evolutionscafe\/index.php?rest_route=\/wp\/v2\/pages\/33","targetHints":{"allow":["GET"]}}],"collection":[{"href":"https:\/\/orexis.io\/evolutionscafe\/index.php?rest_route=\/wp\/v2\/pages"}],"about":[{"href":"https:\/\/orexis.io\/evolutionscafe\/index.php?rest_route=\/wp\/v2\/types\/page"}],"author":[{"embeddable":true,"href":"https:\/\/orexis.io\/evolutionscafe\/index.php?rest_route=\/wp\/v2\/users\/2"}],"replies":[{"embeddable":true,"href":"https:\/\/orexis.io\/evolutionscafe\/index.php?rest_route=%2Fwp%2Fv2%2Fcomments&post=33"}],"version-history":[{"count":2,"href":"https:\/\/orexis.io\/evolutionscafe\/index.php?rest_route=\/wp\/v2\/pages\/33\/revisions"}],"predecessor-version":[{"id":559,"href":"https:\/\/orexis.io\/evolutionscafe\/index.php?rest_route=\/wp\/v2\/pages\/33\/revisions\/559"}],"wp:attachment":[{"href":"https:\/\/orexis.io\/evolutionscafe\/index.php?rest_route=%2Fwp%2Fv2%2Fmedia&parent=33"}],"curies":[{"name":"wp","href":"https:\/\/api.w.org\/{rel}","templated":true}]}}