{"id":35,"date":"2011-07-06T10:35:20","date_gmt":"2011-07-06T10:35:20","guid":{"rendered":"http:\/\/evolutionscafe.de\/?page_id=35"},"modified":"2026-02-14T18:53:59","modified_gmt":"2026-02-14T18:53:59","slug":"ethikabend-mit-goethe","status":"publish","type":"page","link":"https:\/\/orexis.io\/evolutionscafe\/?page_id=35","title":{"rendered":"Ethikabend"},"content":{"rendered":"<p><em>(14\/02\/26) Update in Arbeit<\/em><\/p>\n<p>(29\/05\/14) Der <span style=\"text-decoration: underline;\">Ethikabend mit Goethe<\/span> f\u00fchrt Sie im Vorbeigehen in einem zwanglosen Gespr\u00e4ch, bei einem Getr\u00e4nk Ihrer Wahl oder auch Geb\u00e4ck, vielleicht auch Imbi\u00df, wenn Sie es w\u00fcnschen, die Ihnen selbstverst\u00e4ndlich w\u00e4hrend der Begegnung angeboten werden, in die Weltanschauung Goethes und anderer Geistesgr\u00f6\u00dfen ein, deren best\u00e4ndige Aufrechterhaltung f\u00fcr die Zukunft des sch\u00f6pfungsgem\u00e4\u00dfen Menschenbildes absolut notwendig ist. Wenn Sie ein Mitglied des Goethevolkes geworden sind, dann steht Ihrem Besuch bei uns nichts mehr im Wege. Die genauen \u00d6ffnungszeiten sind hier f\u00fcr Sie einsehbar.<\/p>\n","protected":false},"excerpt":{"rendered":"<p>(14\/02\/26) Update in Arbeit (29\/05\/14) Der Ethikabend mit Goethe f\u00fchrt Sie im Vorbeigehen in einem zwanglosen Gespr\u00e4ch, bei einem Getr\u00e4nk Ihrer Wahl oder auch Geb\u00e4ck, vielleicht auch Imbi\u00df, wenn Sie es w\u00fcnschen, die Ihnen selbstverst\u00e4ndlich w\u00e4hrend der Begegnung angeboten werden, &hellip; <a href=\"https:\/\/orexis.io\/evolutionscafe\/?page_id=35\">Continue reading <span class=\"meta-nav\">&rarr;<\/span><\/a><\/p>\n","protected":false},"author":2,"featured_media":0,"parent":0,"menu_order":0,"comment_status":"closed","ping_status":"closed","template":"","meta":{"footnotes":""},"class_list":["post-35","page","type-page","status-publish","hentry"],"_links":{"self":[{"href":"https:\/\/orexis.io\/evolutionscafe\/index.php?rest_route=\/wp\/v2\/pages\/35","targetHints":{"allow":["GET"]}}],"collection":[{"href":"https:\/\/orexis.io\/evolutionscafe\/index.php?rest_route=\/wp\/v2\/pages"}],"about":[{"href":"https:\/\/orexis.io\/evolutionscafe\/index.php?rest_route=\/wp\/v2\/types\/page"}],"author":[{"embeddable":true,"href":"https:\/\/orexis.io\/evolutionscafe\/index.php?rest_route=\/wp\/v2\/users\/2"}],"replies":[{"embeddable":true,"href":"https:\/\/orexis.io\/evolutionscafe\/index.php?rest_route=%2Fwp%2Fv2%2Fcomments&post=35"}],"version-history":[{"count":1,"href":"https:\/\/orexis.io\/evolutionscafe\/index.php?rest_route=\/wp\/v2\/pages\/35\/revisions"}],"predecessor-version":[{"id":560,"href":"https:\/\/orexis.io\/evolutionscafe\/index.php?rest_route=\/wp\/v2\/pages\/35\/revisions\/560"}],"wp:attachment":[{"href":"https:\/\/orexis.io\/evolutionscafe\/index.php?rest_route=%2Fwp%2Fv2%2Fmedia&parent=35"}],"curies":[{"name":"wp","href":"https:\/\/api.w.org\/{rel}","templated":true}]}}