{"id":131,"date":"2012-08-17T12:44:58","date_gmt":"2012-08-17T12:44:58","guid":{"rendered":"http:\/\/fryheit.de\/?page_id=131"},"modified":"2012-08-17T12:44:58","modified_gmt":"2012-08-17T12:44:58","slug":"martyrer","status":"publish","type":"page","link":"https:\/\/orexis.io\/fryheit\/?page_id=131","title":{"rendered":"Martyrium"},"content":{"rendered":"<p>27\/10\/15<br \/>\nWas hei\u00dft es, ein Zeugnis abzulegen? Wer in Wort und Tat seiner \u00e4sthetischen Autonomie treu bleibt, sich mit dem von der G\u00f6ttin Hygieia Gegebenen selbstlos identifiziert, f\u00fcr die Ich-Entwicklung sein ganzes Leben und den Tod bewu\u00dft einsetzt, der oder die lebt das neuverstandene Martyrium im kommenden romantischen Zeitalter der michaelischen Ganzheit (Primat der Kunst), lebt jetzt schon in der 6. Kulturepoche.<\/p>\n<p>22\/08\/12<br \/>\n<span style=\"text-decoration: underline;\">Hypatia: <\/span>Tod im M\u00e4rz 415. Wissenschaftlerin, Politikerin, Vorsteherin des Museions in Alexandria. Quellenbelegter offenbarungsgl\u00e4ubiger Hintergrund des t\u00f6dlichen Anschlages.<\/p>\n<p>17\/08\/12<br \/>\n<span style=\"text-decoration: underline;\">Andenken:<\/span> Die M\u00e4rtyrerinnen und M\u00e4rtyrer der Evolution sind die wahre politische Minderheit ohne F\u00fcrsprecher im Machtbereich der heutigen BRD. Hiermit wird an diejenigen Menschen erinnert, die durch ihren tragischen Tod oder ihre menschenunw\u00fcrdige Behandlungsweise an der freien Entfaltung ihrer Pers\u00f6nlichkeit gehindert wurden und die gleichzeitig auf dem leuchtenden Pfad der sch\u00f6pfungsgem\u00e4\u00dfen Evolution eine herausragende Rolle gespielt haben. Ebenfalls wird an alle geistige Entit\u00e4ten gedacht, die sich auf dem Weg der Inkarnation befanden und gezeugt oder auch nicht gezeugt wieder unverrichteter Dinge nach Neu-Weimar zur\u00fcckkehren mu\u00dften. Wird der Weg nach Neu-Weimar auf der Erde nicht immer wieder neu eingeleitet, dann geht die Kultur verloren und der Mensch ger\u00e4t in das her\u00e4tische Abseits der Evolution.<\/p>\n","protected":false},"excerpt":{"rendered":"<p>27\/10\/15 Was hei\u00dft es, ein Zeugnis abzulegen? Wer in Wort und Tat seiner \u00e4sthetischen Autonomie treu bleibt, sich mit dem von der G\u00f6ttin Hygieia Gegebenen selbstlos identifiziert, f\u00fcr die Ich-Entwicklung sein ganzes Leben und den Tod bewu\u00dft einsetzt, der oder &hellip; <a href=\"https:\/\/orexis.io\/fryheit\/?page_id=131\">Continue reading <span class=\"meta-nav\">&rarr;<\/span><\/a><\/p>\n","protected":false},"author":1,"featured_media":0,"parent":0,"menu_order":0,"comment_status":"closed","ping_status":"closed","template":"","meta":{"footnotes":""},"class_list":["post-131","page","type-page","status-publish","hentry"],"_links":{"self":[{"href":"https:\/\/orexis.io\/fryheit\/index.php?rest_route=\/wp\/v2\/pages\/131","targetHints":{"allow":["GET"]}}],"collection":[{"href":"https:\/\/orexis.io\/fryheit\/index.php?rest_route=\/wp\/v2\/pages"}],"about":[{"href":"https:\/\/orexis.io\/fryheit\/index.php?rest_route=\/wp\/v2\/types\/page"}],"author":[{"embeddable":true,"href":"https:\/\/orexis.io\/fryheit\/index.php?rest_route=\/wp\/v2\/users\/1"}],"replies":[{"embeddable":true,"href":"https:\/\/orexis.io\/fryheit\/index.php?rest_route=%2Fwp%2Fv2%2Fcomments&post=131"}],"version-history":[{"count":0,"href":"https:\/\/orexis.io\/fryheit\/index.php?rest_route=\/wp\/v2\/pages\/131\/revisions"}],"wp:attachment":[{"href":"https:\/\/orexis.io\/fryheit\/index.php?rest_route=%2Fwp%2Fv2%2Fmedia&parent=131"}],"curies":[{"name":"wp","href":"https:\/\/api.w.org\/{rel}","templated":true}]}}