{"id":403,"date":"2014-05-27T21:58:02","date_gmt":"2014-05-27T21:58:02","guid":{"rendered":"http:\/\/fryheit.de\/?page_id=403"},"modified":"2014-05-27T21:58:02","modified_gmt":"2014-05-27T21:58:02","slug":"dionysia","status":"publish","type":"page","link":"https:\/\/orexis.io\/fryheit\/?page_id=403","title":{"rendered":"Dionysia"},"content":{"rendered":"<p>27\/10\/15<br \/>\nDas antike Fest, die Dionysia (Nominativ, Singular, weiblich), wurde zu Ehren des olympischen Gottes Dionysos gehalten. Das gr\u00f6\u00dfte dieser Art fand im M\u00e4rz eines jeden Jahres statt. Die Dionysien waren eng mit der Trag\u00f6dienauff\u00fchrung verkn\u00fcpft. Die im Artemis-Institut als poetologisches Set hervorgebrachten Dionysen werden im <a href=\"http:\/\/www.evolutionscafe.de\"><span style=\"text-decoration: underline;\">Evolutionscafe<\/span> <\/a>realisiert. (wird fortgesetzt)<\/p>\n<p>27\/05\/14, 27\/10\/15<br \/>\n<span style=\"text-decoration: underline;\"> PRIMAT DER KUNST:<\/span> Der unten negativ formulierte Einstieg in das Gegenstandsgebiet des Polisgeschehens erf\u00e4hrt eine radikale Wende, eine <span style=\"text-decoration: underline;\">Periagoge<\/span>, dadurch, da\u00df die sogenannte Politik der Kunst untergeordnet wird. Als radikaldemokratische Politik gilt fortan die \u00c4sthetik der Staatspolitik durch die geistig absolut freie Individualit\u00e4t. 1) Es geht fortan nicht mehr um Mahnwachen, sondern nur noch um dionysische Festspiele. Die freie Entfaltung der Pers\u00f6nlichkeit wird nicht mehr beklagt oder eingefordert, sie wird spielend gesetzt. Der Machtbereich der BRD ist der Ort der Bew\u00e4hrung geworden, wo die Freiheit f\u00fcr Wissenschaft und Kunst, die im Grundgesetz nicht nur gestattet ist, sondern absolut gefordert wird. Weiter sollen auch die Themen behandelt werden, in denen die \u00e4lteren und die vom System verarmten B\u00fcrger die Hauptrolle spielen. Kunstpraktisch werden die Fragen von der KPD (Maoisten) beantwortet und methodisch als Performance Art in die &#8220;Soziale Plastik&#8221; (Beuys), in die Akashachronik eingeschrieben.<br \/>\n__________________________________<br \/>\n1) Die geistig absolut freie Individualit\u00e4t zeichnet sich gegen\u00fcber der von antievolution\u00e4ren D\u00e4monen besetzten dadurch aus, da\u00df sie die unbedingte Wahlfreiheit in der Bestimmung der leeren Welterscheinungen hat. Sie geh\u00f6rt zur kunstreligi\u00f6sen Avantgarde der n\u00e4chsten Kulturstufe.<\/p>\n<p>19\/08\/2012, 27\/10\/15<br \/>\n<span style=\"text-decoration: underline;\">Allgemein: <\/span>Auf dieser Seite findet der interessierte Leser Hinweise zu den anstehenden Mahnwachen, die auf die fortgesetzte Unterdr\u00fcckung der Menschenw\u00fcrde der geistig freien Individualit\u00e4t aufmerksam machen sollen. Die freie Entfaltung der Pers\u00f6nlichkeit ist im Sinne Goethes im Machtbereich der BRD nicht mehr m\u00f6glich. Die Freiheit der Wissenschaft und Kunst wird faktisch nur noch im begrenzten von der Politik abgesteckte Rahmen geduldet.<\/p>\n<p>19\/08\/12, 27\/05\/14<br \/>\n<span style=\"text-decoration: underline;\">Das letzte Drittel:<\/span> Eine besondere Aufmerksamkeit wird Sonne und Erde der \u00e4lteren Generation widmen, weil gerade diese in krasser Weise von der Politik vernachl\u00e4ssigt wird. Die Menschenw\u00fcrde geht mit dem Status einer Pension\u00e4rin, eines Pension\u00e4rs, dem Rentnerinnenstatus oder dem Rentnerstatus selbstverst\u00e4ndlich nicht automatisch verloren. Ein selbstbestimmtes Leben ist gerade das evolution\u00e4re Ziel des Lebenslaufes. Die Bildungsphase und das Erwerbsleben sind ganz klar auf einen Zustand ausgerichtet, wo der Einzelne ohne Fremdbestimmung im M\u00fc\u00dfiggang die geistigen und materiellen Fr\u00fcchte seiner Arbeit genie\u00dfen und f\u00fcr das Ganze nutzbar machen will.<\/p>\n","protected":false},"excerpt":{"rendered":"<p>27\/10\/15 Das antike Fest, die Dionysia (Nominativ, Singular, weiblich), wurde zu Ehren des olympischen Gottes Dionysos gehalten. Das gr\u00f6\u00dfte dieser Art fand im M\u00e4rz eines jeden Jahres statt. Die Dionysien waren eng mit der Trag\u00f6dienauff\u00fchrung verkn\u00fcpft. Die im Artemis-Institut als &hellip; <a href=\"https:\/\/orexis.io\/fryheit\/?page_id=403\">Continue reading <span class=\"meta-nav\">&rarr;<\/span><\/a><\/p>\n","protected":false},"author":1,"featured_media":0,"parent":0,"menu_order":0,"comment_status":"closed","ping_status":"closed","template":"","meta":{"footnotes":""},"class_list":["post-403","page","type-page","status-publish","hentry"],"_links":{"self":[{"href":"https:\/\/orexis.io\/fryheit\/index.php?rest_route=\/wp\/v2\/pages\/403","targetHints":{"allow":["GET"]}}],"collection":[{"href":"https:\/\/orexis.io\/fryheit\/index.php?rest_route=\/wp\/v2\/pages"}],"about":[{"href":"https:\/\/orexis.io\/fryheit\/index.php?rest_route=\/wp\/v2\/types\/page"}],"author":[{"embeddable":true,"href":"https:\/\/orexis.io\/fryheit\/index.php?rest_route=\/wp\/v2\/users\/1"}],"replies":[{"embeddable":true,"href":"https:\/\/orexis.io\/fryheit\/index.php?rest_route=%2Fwp%2Fv2%2Fcomments&post=403"}],"version-history":[{"count":0,"href":"https:\/\/orexis.io\/fryheit\/index.php?rest_route=\/wp\/v2\/pages\/403\/revisions"}],"wp:attachment":[{"href":"https:\/\/orexis.io\/fryheit\/index.php?rest_route=%2Fwp%2Fv2%2Fmedia&parent=403"}],"curies":[{"name":"wp","href":"https:\/\/api.w.org\/{rel}","templated":true}]}}