{"id":60,"date":"2011-07-05T09:46:15","date_gmt":"2011-07-05T09:46:15","guid":{"rendered":"http:\/\/fryheit.de\/?page_id=60"},"modified":"2011-07-05T09:46:15","modified_gmt":"2011-07-05T09:46:15","slug":"programm-3","status":"publish","type":"page","link":"https:\/\/orexis.io\/fryheit\/?page_id=60","title":{"rendered":"Programm"},"content":{"rendered":"<p>27\/10\/15<br \/>\nDas demn\u00e4chst als PDF-Datei zum Download angebotene Programm der <a href=\"http:\/\/www.goetheanisten.de\"><span style=\"text-decoration: underline;\">Partei f\u00fcr Kulturgerechtigkeit<\/span><\/a> &#8220;Die Goetheanisten&#8221; ist in erster Linie die begrifflich erfasste restaurierte attische und an die heutige Erlebniswelt angepasste Mythologie. In dieser unterwerfen sich alle geistigen Entit\u00e4ten der Akashachronik (Willenszusammenhang), einschlie\u00dflich der tranzendenten Entelechien, freiwillig dem Primat der Kunst. Das objektive Wissen der Wissenschaft und die subjektive Erkenntnis der Kunsttheorie verbinden sich bezogen auf die reine Erfahrung zur religi\u00f6sen Handlung der Kunstpraxis (angewandte Ethik). Nur diese biodynamische Methode erf\u00fcllt die Vorgaben der romantischen Ironie, der Gleichzeitigkeit von unbedingtem Ideal und bedingtem Kunstwerk. Streben wir die Zen-Individualit\u00e4t an, damit die individuelle Umst\u00fclpung vom Symbolbewu\u00dftsein in die Naturwirklichkeit die noch fehlende Transzendentalie des Guten kollektiv hervorbringt, ohne die \u00e4sthetische Autonomie des Sch\u00f6nen und die Transzendentalie des Wahren in ihr Gegenteil zu verkehren, wie es derzeit pausenlos geschieht durch die gewaltt\u00e4tige Heteronomie und propagandistischen L\u00fcgen der Feudalklasse! Das ist das weiterentwickelte Politikverst\u00e4ndnis auch im Sinne von Joseph Beuys.<\/p>\n<p>27\/10\/15<br \/>\nDer progressive Weg nach Neu-Weimar in den Plejaden darf und kann nicht direkt beschritten werden. Er wird durch die zyklischen Kunstwerke der bildungswilligen Individualit\u00e4t einst vollendet werden. Mit ihrer romantischen \u00c4sthetik als Navigationsmittel wird die Argo &#8220;Sonne und Erde&#8221; im Weltenmeer am Ende der sechsten Kulturepoche bis an die Gestaden von Alcyone gelenkt. Damit es dazu kommt, ist es notwendig die f\u00fcnfte Zeitperiode aktiv zu versiegeln. Der kunsttheoretische Beitrag dazu, wird vom Artemis-Institut geleistet, welches mit der exakten Phantasie die kulturrevolution\u00e4re Poetologie hervorbringt. Ein Mythologem ist das Parteiprogramm. Der in diesem Institut noch keimhaft vorhandene Punktekatalog f\u00fcr die politische <a href=\"http:\/\/www.goetheanisten.de\"><span style=\"text-decoration: underline;\">Partei der Goetheanisten,<\/span><\/a> welches seinen Inhalt aus dem Apollon-Institut bezieht, ist gleichzeitig die Arbeitsgrundlage aller B\u00fcrger-innen der Polis und das Handlungskonzept der anti-politischen KPD (Maoisten), der kunstpraktische Arm des Ares-Institutes. Ihre Webpr\u00e4senz findet die Goethe-Aktivist-in unter <a href=\"http:\/\/www.erste-nation.de\/\"><span style=\"text-decoration: underline;\">www.erste-nation.de.<\/span><\/a><\/p>\n<p>04\/07\/11, 28\/10\/15<br \/>\nHier wird das Programm der transzendentalen W\u00e4hlergruppe (GAIA) entwickelt. 1) Es gilt, obwohl schon ver\u00f6ffentlicht, als experimentell gesetzt und kann sich somit jederzeit, zwar nicht inhaltlich, aber doch schwerpunktm\u00e4\u00dfig wieder \u00e4ndern. Mitglied in der W\u00e4hlergruppe kann nur derjenige sein, der sich vorbehaltlos und \u00f6ffentlich mit der Verfassung des Goethevolkes, der &#8220;Goetheanistichen Plattform&#8221; identifiziert:<\/p>\n<p>(Das Programm wird gerade \u00fcberarbeitet und wird an gleicher Stelle demn\u00e4chst als PDF-Datei zum Download bereit)<br \/>\n________________________________________<br \/>\n1) Bei der transzendentalen W\u00e4hlergruppe GAIA handelt es sich um das kollektive Ich des Menschen, dessen einzelne Auspr\u00e4gungen die Erkenntniskunst vollziehen, die von der jeweiligen transzendenten Entelechie aus den Plejaden \u00fcber den reinen Akt (Stimme der Titanide Themis) in der vorgefundenen Situation als die einzig gute Handlung radikaldemokratisch ausgew\u00e4hlt worden ist.<\/p>\n","protected":false},"excerpt":{"rendered":"<p>27\/10\/15 Das demn\u00e4chst als PDF-Datei zum Download angebotene Programm der Partei f\u00fcr Kulturgerechtigkeit &#8220;Die Goetheanisten&#8221; ist in erster Linie die begrifflich erfasste restaurierte attische und an die heutige Erlebniswelt angepasste Mythologie. In dieser unterwerfen sich alle geistigen Entit\u00e4ten der Akashachronik &hellip; <a href=\"https:\/\/orexis.io\/fryheit\/?page_id=60\">Continue reading <span class=\"meta-nav\">&rarr;<\/span><\/a><\/p>\n","protected":false},"author":1,"featured_media":0,"parent":0,"menu_order":0,"comment_status":"closed","ping_status":"closed","template":"","meta":{"footnotes":""},"class_list":["post-60","page","type-page","status-publish","hentry"],"_links":{"self":[{"href":"https:\/\/orexis.io\/fryheit\/index.php?rest_route=\/wp\/v2\/pages\/60","targetHints":{"allow":["GET"]}}],"collection":[{"href":"https:\/\/orexis.io\/fryheit\/index.php?rest_route=\/wp\/v2\/pages"}],"about":[{"href":"https:\/\/orexis.io\/fryheit\/index.php?rest_route=\/wp\/v2\/types\/page"}],"author":[{"embeddable":true,"href":"https:\/\/orexis.io\/fryheit\/index.php?rest_route=\/wp\/v2\/users\/1"}],"replies":[{"embeddable":true,"href":"https:\/\/orexis.io\/fryheit\/index.php?rest_route=%2Fwp%2Fv2%2Fcomments&post=60"}],"version-history":[{"count":0,"href":"https:\/\/orexis.io\/fryheit\/index.php?rest_route=\/wp\/v2\/pages\/60\/revisions"}],"wp:attachment":[{"href":"https:\/\/orexis.io\/fryheit\/index.php?rest_route=%2Fwp%2Fv2%2Fmedia&parent=60"}],"curies":[{"name":"wp","href":"https:\/\/api.w.org\/{rel}","templated":true}]}}