{"id":83,"date":"2011-07-06T12:40:04","date_gmt":"2011-07-06T12:40:04","guid":{"rendered":"http:\/\/fryheit.de\/?page_id=83"},"modified":"2011-07-06T12:40:04","modified_gmt":"2011-07-06T12:40:04","slug":"pnyx","status":"publish","type":"page","link":"https:\/\/orexis.io\/fryheit\/?page_id=83","title":{"rendered":"Pnyx"},"content":{"rendered":"<p>27\/05\/14, 27\/10\/15<br \/>\n<span style=\"text-decoration: underline;\">Plastik, soziale:<\/span> Die Pnyx ist das universelle Goethevolk in seinem Aspekt der gesetzeannehmenden oder -ablehnenden Volksversammlung. Die Gesetze werden vom Areopag nicht im Hinblick auf das Sein erlassen, sondern auf das Noch-Nicht-Sein. Was tats\u00e4chlich als Gesetze zur Verf\u00fcgung stehen, da\u00df sind die Ideen und das objektive Wissen der bildungswilligen Individualit\u00e4t, die Einfu\u00df auf die Form und den Inhalt der Sozialen Plastik haben. Diese soll den selbstlosen wissenschaftlichen und k\u00fcnstlerischen Entwicklungsstand der Kulturgemeinde als Ganzes, als Abbild der idealen Polis (Neu-Weimar) wiederspiegeln und nicht selbsthafte Rationalisierungen eines irgendwie gearteten Aberglaubens einer Feudalelite.<\/p>\n<p>13\/08\/2012, ge\u00e4ndert am 27\/05\/14<br \/>\n<span style=\"text-decoration: underline;\">Gesundheitsl\u00f6sungen, organische:<\/span> Die antievolution\u00e4re, autogenozidale, kulturimperialistische, neo-feudalistische, neo-rassistische Fremdherrschaft wird nicht durch die Einf\u00fchrung von systemeigenen direkt-demokratischen Elementen in das heutige politische Ganze aufgehoben. Der kulturrevolution\u00e4re Fortschritt, die einzige L\u00f6sung f\u00fcr die Gesundung der politischen Verh\u00e4ltnisse, ist nur organisch, also ganzheitlich m\u00f6glich. Dazu mu\u00df zu allererst die autokratische Parteien- und Verbandsoligarchie aufgebrochen werden.<\/p>\n<p>06\/07\/11, 27\/05\/14, 27\/10\/15<br \/>\n<span style=\"text-decoration: underline;\">Praxis, erkenntnisk\u00fcnstlerische:<\/span> Das Modul Pnyx (lebendige Volksversammlung) entwickelt die erkenntnisk\u00fcnstlerische Praxis in der Hyle, die sich nicht nur durch einstimmige Entscheidungen auf der Grundlage einer Verfassung auszeichnet, sondern auch andere Optionen entwirft, die den Weg nach Neu-Weimar ebnen, beschleunigen, freilegen. Das Prinzip der Mehrheitsentscheidung wird verworfen, weil es zum Machtmi\u00dfbrauch verf\u00fchrt, Minderheitenrechte aushebelt. Zur Machtkontrolle tragen aber noch andere Einrichtungen bei, da neben dem Volk auch der Gesetzgeber durch d\u00e4monische Einfl\u00fcsterungen das Ziel der Evolution aus dem Auge verlieren k\u00f6nnen.<\/p>\n","protected":false},"excerpt":{"rendered":"<p>27\/05\/14, 27\/10\/15 Plastik, soziale: Die Pnyx ist das universelle Goethevolk in seinem Aspekt der gesetzeannehmenden oder -ablehnenden Volksversammlung. Die Gesetze werden vom Areopag nicht im Hinblick auf das Sein erlassen, sondern auf das Noch-Nicht-Sein. Was tats\u00e4chlich als Gesetze zur Verf\u00fcgung &hellip; <a href=\"https:\/\/orexis.io\/fryheit\/?page_id=83\">Continue reading <span class=\"meta-nav\">&rarr;<\/span><\/a><\/p>\n","protected":false},"author":1,"featured_media":0,"parent":0,"menu_order":0,"comment_status":"closed","ping_status":"closed","template":"","meta":{"footnotes":""},"class_list":["post-83","page","type-page","status-publish","hentry"],"_links":{"self":[{"href":"https:\/\/orexis.io\/fryheit\/index.php?rest_route=\/wp\/v2\/pages\/83","targetHints":{"allow":["GET"]}}],"collection":[{"href":"https:\/\/orexis.io\/fryheit\/index.php?rest_route=\/wp\/v2\/pages"}],"about":[{"href":"https:\/\/orexis.io\/fryheit\/index.php?rest_route=\/wp\/v2\/types\/page"}],"author":[{"embeddable":true,"href":"https:\/\/orexis.io\/fryheit\/index.php?rest_route=\/wp\/v2\/users\/1"}],"replies":[{"embeddable":true,"href":"https:\/\/orexis.io\/fryheit\/index.php?rest_route=%2Fwp%2Fv2%2Fcomments&post=83"}],"version-history":[{"count":0,"href":"https:\/\/orexis.io\/fryheit\/index.php?rest_route=\/wp\/v2\/pages\/83\/revisions"}],"wp:attachment":[{"href":"https:\/\/orexis.io\/fryheit\/index.php?rest_route=%2Fwp%2Fv2%2Fmedia&parent=83"}],"curies":[{"name":"wp","href":"https:\/\/api.w.org\/{rel}","templated":true}]}}