{"id":9,"date":"2011-07-04T06:14:21","date_gmt":"2011-07-04T06:14:21","guid":{"rendered":"http:\/\/fryheit.de\/?page_id=9"},"modified":"2011-07-04T06:14:21","modified_gmt":"2011-07-04T06:14:21","slug":"uber-uns","status":"publish","type":"page","link":"https:\/\/orexis.io\/fryheit\/?page_id=9","title":{"rendered":"About"},"content":{"rendered":"<p>20\/08\/2012, ge\u00e4ndert am 22\/08\/2012, ge\u00e4ndert am 29\/05\/14<br \/>\n<span style=\"text-decoration: underline;\">\u00dcber den Kunstbegriff: <\/span>Sonne und Erde ist das erste kunstreligi\u00f6se Zentrum der Gemeinde des Goethevolkes in Essen (Deutschland). Religion und Kunst werden synonym verwendet. Die Inhalte und essayistischen Impulsfragmente dieser, aber auch der unmittelbar zum lebendigen System von Sonne und Erde geh\u00f6renden Netzauftritte stellen keine Meinungs\u00e4u\u00dferungen dar, sondern erkenntnisk\u00fcnstlerische Tatsachen der \u00e4sthetischen Autonomie. Obwohl es sich nur um eine Perspektive auf das Ganze handelt, ist es ganzheitlich gesehen doch das Ganze selbst. Meinungslosigkeit ist hierbei eine Grundvoraussetzung. Der Autor dieses Blogs f\u00fchlt sich nur der absoluten Menschenw\u00fcrde und der Freiheit der Wissenschaft und Kunst verpflichtet. Eine Selbstzensur, um der politischen Klasse zu gefallen, wird nicht ausge\u00fcbt.<\/p>\n<p>13\/08\/2012, ge\u00e4ndert am 29\/05\/14<br \/>\n<span style=\"text-decoration: underline;\">G\u00f6tterkind Goethe:<\/span> Politik, Wirtschaft und Religion werden an der Karl-Philipp Moritz Online-Universit\u00e4t als ein Aspekt von Neu-Weimar nicht behandelt, da diese drei wissenschaftlichen Zweige als Ausformungen der Kunst betrachtet werden. Die Trennung des \u00c4thers in Natur und Geist, in den allgemeinen Willen und in den allgemeinen Eidos mu\u00df \u00fcber die Kunstgeschichte, Kunsttheorie und Kunstpraxis wieder individuell kunstreligi\u00f6s mithilfe von Hygieia und Ares verbunden werden. In der Vorhalle von Neu-Weimar, den Propyl\u00e4en, der anschauenden Urteilskraft des Menschen zeugen sie den Goethe, die kulturrevolution\u00e4re Vorstellung im Willen.\u00a0 Mit dieser ist die menschliche Pers\u00f6nlichkeit der 6. Kulturepoche bef\u00e4higt alles unter dem Blickwinkel der Kunst zu sehen.<\/p>\n<p>11\/08\/2012, ge\u00e4ndert am 13\/08\/2012, ge\u00e4ndert am 29\/05\/14<br \/>\n<span style=\"text-decoration: underline;\">Dreigliederung, Soziale:<\/span> Neu-Weimar ist das Leben, Neu-Weimar ist der Weg, Neu-Weimar ist das Ziel. Das absolute Ziel gibt immer wieder die relativen Ziele vor, mit denen es zu erreichen ist. In der Selbsterkenntnisreligion von &#8220;Sonne und Erde&#8221; zerf\u00e4llt die Bildungsbem\u00fchung in das freie Geistesleben als Wissenschaft, als die Vergangenheit der Kunst, in das freie Rechtsleben als \u00c4sthetik, als die Gegenwart der Kunst und in das freie Wirtschaftsleben als angewandte Ethik, als die Zukunft der Kunst. Mit diesen neuen begrifflichen Zuordnungen kann das Tor zur 6. Kulturepoche aufgesto\u00dfen werden.<\/p>\n<p>04\/07\/11, ge\u00e4ndert am 29\/05\/14<br \/>\n<span style=\"text-decoration: underline;\">Organismus<\/span>: Als ganzheitliche, transzendentale Partei der nicht-instrumentalisierenden direkten, besser radikalen Demokratie (Maoismus) setzen wir uns f\u00fcr einen organischen Aufbau der Polis ein. Alle Organe sind gleichberechtigt und autonom in ihren Entscheidungen. Alle Verabredungen m\u00fcssen einstimmig erfolgen. Da Wissenschaft und Kunst die Grundlage f\u00fcr unser Unternehmen ist, mu\u00df \u00fcberpr\u00fcft werden, ob auch das politische System in Deutschland selbst eine ganzheitliche Verwirklichung dieser Inhalte des Grundgesetzes darstellt.<\/p>\n","protected":false},"excerpt":{"rendered":"<p>20\/08\/2012, ge\u00e4ndert am 22\/08\/2012, ge\u00e4ndert am 29\/05\/14 \u00dcber den Kunstbegriff: Sonne und Erde ist das erste kunstreligi\u00f6se Zentrum der Gemeinde des Goethevolkes in Essen (Deutschland). Religion und Kunst werden synonym verwendet. Die Inhalte und essayistischen Impulsfragmente dieser, aber auch der &hellip; <a href=\"https:\/\/orexis.io\/fryheit\/?page_id=9\">Continue reading <span class=\"meta-nav\">&rarr;<\/span><\/a><\/p>\n","protected":false},"author":1,"featured_media":0,"parent":0,"menu_order":0,"comment_status":"closed","ping_status":"closed","template":"","meta":{"footnotes":""},"class_list":["post-9","page","type-page","status-publish","hentry"],"_links":{"self":[{"href":"https:\/\/orexis.io\/fryheit\/index.php?rest_route=\/wp\/v2\/pages\/9","targetHints":{"allow":["GET"]}}],"collection":[{"href":"https:\/\/orexis.io\/fryheit\/index.php?rest_route=\/wp\/v2\/pages"}],"about":[{"href":"https:\/\/orexis.io\/fryheit\/index.php?rest_route=\/wp\/v2\/types\/page"}],"author":[{"embeddable":true,"href":"https:\/\/orexis.io\/fryheit\/index.php?rest_route=\/wp\/v2\/users\/1"}],"replies":[{"embeddable":true,"href":"https:\/\/orexis.io\/fryheit\/index.php?rest_route=%2Fwp%2Fv2%2Fcomments&post=9"}],"version-history":[{"count":0,"href":"https:\/\/orexis.io\/fryheit\/index.php?rest_route=\/wp\/v2\/pages\/9\/revisions"}],"wp:attachment":[{"href":"https:\/\/orexis.io\/fryheit\/index.php?rest_route=%2Fwp%2Fv2%2Fmedia&parent=9"}],"curies":[{"name":"wp","href":"https:\/\/api.w.org\/{rel}","templated":true}]}}