{"id":10103,"date":"2015-10-12T21:00:54","date_gmt":"2015-10-12T21:00:54","guid":{"rendered":"https:\/\/gaia-essen.de\/?page_id=10103"},"modified":"2015-10-12T21:00:54","modified_gmt":"2015-10-12T21:00:54","slug":"d-e-b-a-t-t-e","status":"publish","type":"page","link":"https:\/\/orexis.io\/gaia-essen\/d-e-b-a-t-t-e\/","title":{"rendered":"Debatte"},"content":{"rendered":"<div id=\"attachment_12362\" style=\"width: 310px\" class=\"wp-caption alignleft\"><a href=\"https:\/\/gaia-essen.de\/wp-content\/uploads\/2017\/11\/Eos.jpg\"><img loading=\"lazy\" decoding=\"async\" aria-describedby=\"caption-attachment-12362\" class=\"wp-image-12362 size-medium\" src=\"https:\/\/gaia-essen.de\/wp-content\/uploads\/2017\/11\/Eos-300x225.jpg\" border=\"0\" alt=\"\" width=\"300\" height=\"225\" \/><\/a><p id=\"caption-attachment-12362\" class=\"wp-caption-text\">Eos: &#8220;Unendliches Gl\u00fcck verspreche ich Dir in Neu-Weimar&#8221;.<\/p><\/div>\n<p>(23\/05\/18) Die Kommentar-Funktion wird von der GAIA am 23\/05\/18 aufgrund des &#8220;Datenschutzgesetzes&#8221; der &#8220;EU&#8221;, das am 25\/05\/18 inkrafttritt, vorerst wieder f\u00fcr alle &#8216;<em>Entelechien&#8217;,<\/em> die nicht Teil der kunstrevolution\u00e4ren Avantgarde sind, geschlossen.<\/p>\n<p>(05\/11\/17) Die Kommentar-Funktion wird versuchsweise f\u00fcr alle selbstbefreiten &#8216;<em>Entelechien&#8217;<\/em> ge\u00f6ffnet. Diese wird bei \u00fcberbordendem Mi\u00dfbrauch der Sprache sofort wieder der \u00d6ffentlichkeit entzogen! Nehmen Sie nun mit Ihrer &#8216;poetologischen <em>Evidenz&#8217;<\/em>, dem &#8220;kunstwahren Ich&#8221;\u00a0<em>(Goethe)<\/em>, an dem &#8216;Propyl\u00e4en-Gespr\u00e4ch&#8217; teil, das unten schon durch zwei &#8216;Geister der Form&#8217; &#8216;<em>(Eidos)&#8217;<\/em> er\u00f6ffnet wurde! Mit den Ergebnissen der Unterhaltung in der &#8216;exakten Phantasie&#8217; <em>&#8216;(Imagination)&#8217;<\/em> wird Sie die &#8216;Titanide <em>Eos&#8217;<\/em> gerne auf ihrem &#8216;zweisp\u00e4nnigen Kampfwagen&#8217; immer wieder zum allt\u00e4glichen <em>&#8216;Armageddon&#8217;<\/em> geleiten, wo in einem inkarnativen Vorgang den Kulturg\u00fctern unter der \u00c4gide des widerwilligen &#8216;<em>Pluto&#8217;<\/em> die neuen oder auch nur zeitgem\u00e4\u00df ver\u00e4nderten &#8216;<em>Inh\u00e4renzen&#8217;<\/em> eingepflanzt werden. 1) (wird fortgesetzt)<\/p>\n<p>__________________<br \/>\n1) Weiterentwickelt am 07\/11\/17.<\/p>\n<p>(12\/10\/15) Es wird gesetzt, da\u00df nur die Kunst der geistig absolut freien Individualit\u00e4t, der eigene &#8216;<em>Buddha&#8217;<\/em>, uns &#8220;hybride Mischwesen&#8221; <em>(Bruno Latour)<\/em> erl\u00f6sen kann, und da\u00df nur die antike &#8216;<em>Polis&#8217;<\/em> im fr\u00fcheren Griechenland die sch\u00f6pfungsgem\u00e4\u00dfe Erscheinungsform eines menschlichen Gemeinwesens ist, nicht die &#8216;<em>Hybris&#8217;<\/em> des heutigen Staates in der Mitte von Europa, seine gefallene Form als &#8216;BRD-Regime&#8217;, die &#8216;despotische Parteienoligarchie&#8217; und noch weniger das imperiale Konstrukt EU 1). Mit der mittelfristigen Einf\u00fchrung eines &#8216;radikaldemokratischen&#8217; &#8216;(maoistischen)&#8217; Forums auf der <a href=\"http:\/\/www.erste-nation.de\/\"><span style=\"text-decoration: underline;\">Webpr\u00e4senz<\/span> <\/a>der &#8220;Ersten Nation&#8221;, eines &#8216;provisorischen Nationalrates&#8217;, eines &#8216;<em>Archontates&#8217;<\/em>, einer Verwaltungseinheit &#8216;<em>(Pnyx)&#8217;<\/em>, wo die Themen zum Aufbau einer \u00e4sthetischen &#8216;<em>Polis&#8217;<\/em> in der Kommune der Stadt Essen dann auch in der &#8216;naturwirklichen&#8217; <em>(Goethe)<\/em> Realit\u00e4t zur <a href=\"https:\/\/de.wikipedia.org\/wiki\/Debatte\"><span style=\"text-decoration: underline;\">Debatte<\/span> <\/a>gestellt werden, wagt die &#8216;GAIA&#8217; (kunstreligi\u00f6se <em>Avantgarde<\/em>) als Sachverwalterin des &#8216;Ganzen&#8217; einen weiteren Schritt hinaus in die &#8220;offene Weite&#8221; <em>(Bodhidharma)<\/em>. Hier, unter dieser Men\u00fc-Taste, k\u00f6nnen Sie jetzt die dazu notwendigen ersten &#8216;polisreligi\u00f6sen&#8217; Aussagen zum Aufbau eben der genannten &#8220;Sozialen Plastik&#8221; <em>(Beuys)<\/em> machen. Angelehnt an die Verfassungen von <a href=\"https:\/\/de.wikipedia.org\/wiki\/Argos_%28Stadt%29\"><span style=\"text-decoration: underline;\">Argos,<\/span><\/a> <a href=\"https:\/\/de.wikipedia.org\/wiki\/Athen\"><span style=\"text-decoration: underline;\">Athen,<\/span><\/a> <a href=\"https:\/\/de.wikipedia.org\/wiki\/Korinth\"><span style=\"text-decoration: underline;\">Korinth,<\/span><\/a> 2) <a href=\"https:\/\/de.wikipedia.org\/wiki\/Sparta\"><span style=\"text-decoration: underline;\">Sparta<\/span><\/a> und <a href=\"https:\/\/de.wikipedia.org\/wiki\/Theben_%28B%C3%B6otien%29\"><span style=\"text-decoration: underline;\">Theben<\/span><\/a> und den Reformen des <a href=\"https:\/\/de.wikipedia.org\/wiki\/Solon\"><em>Solon<\/em><\/a> und des <em><a href=\"https:\/\/de.wikipedia.org\/wiki\/Kleisthenische_Reformen\"><span style=\"text-decoration: underline;\">Kleisthenes,<\/span><\/a> <\/em>sowie den &#8216;geisteswissenschaftlichen&#8217; Vorgaben vieler &#8216;Individualit\u00e4ten&#8217; in der Antike und in den folgenden Epochen wollen wir nach allen Regeln der Debattierkunst die ersten Grundlagen f\u00fcr ein Gemeinwesen schaffen, das aus der Zukunft, der n\u00e4chsten, sechsten Kulturperiode kommt. (wird fortgesetzt)<br \/>\n____________________________________<br \/>\n1) (05\/11\/17) &#8220;Europa&#8221; wurde gegen &#8220;EU&#8221; ersetzt. Es folgten weitere Text\u00e4nderungen, die zum Verst\u00e4ndnis des Anliegens des Kulturimpulses notwendig waren. Die einfachen G\u00e4nsef\u00fc\u00dfchen sind in der &#8220;Neuen Mythologie&#8221; von &#8220;Sonne und Erde&#8221; den <em>Mythologemen<\/em> und anderen romanhaften Elementen vorbehalten, damit mit der Alltagssprache des &#8216;BRD-Regimes&#8217; ein Sprechen in der <em>Imagination<\/em> der &#8216;Goetheanistischen Plattform&#8217; m\u00f6glich wird.<br \/>\n2) Mehr zur <a href=\"https:\/\/books.google.ch\/books?id=D8HmBQAAQBAJ&amp;pg=PA33&amp;lpg=PA33&amp;dq=korinth+verfassung&amp;source=bl&amp;ots=LAqj8jEThq&amp;sig=lsnMlyY9D_ifvBJ4Bx6P8sZq3ik&amp;hl=de&amp;sa=X&amp;ved=0ahUKEwjP8u3ryKfJAhXIVhoKHcKiBXcQ6AEIHjAA#v=onepage&amp;q=korinth%20verfassung&amp;f=false\"><span style=\"text-decoration: underline;\">Verfassung von Korinth<\/span><\/a> in der Antike.<\/p>\n","protected":false},"excerpt":{"rendered":"<p>(23\/05\/18) Die Kommentar-Funktion wird von der GAIA am 23\/05\/18 aufgrund des &#8220;Datenschutzgesetzes&#8221; der &#8220;EU&#8221;, das am 25\/05\/18 inkrafttritt, vorerst wieder&#8230;<\/p>\n","protected":false},"author":1,"featured_media":0,"parent":0,"menu_order":0,"comment_status":"closed","ping_status":"closed","template":"","meta":{"footnotes":""},"class_list":["post-10103","page","type-page","status-publish","hentry"],"_links":{"self":[{"href":"https:\/\/orexis.io\/gaia-essen\/wp-json\/wp\/v2\/pages\/10103","targetHints":{"allow":["GET"]}}],"collection":[{"href":"https:\/\/orexis.io\/gaia-essen\/wp-json\/wp\/v2\/pages"}],"about":[{"href":"https:\/\/orexis.io\/gaia-essen\/wp-json\/wp\/v2\/types\/page"}],"author":[{"embeddable":true,"href":"https:\/\/orexis.io\/gaia-essen\/wp-json\/wp\/v2\/users\/1"}],"replies":[{"embeddable":true,"href":"https:\/\/orexis.io\/gaia-essen\/wp-json\/wp\/v2\/comments?post=10103"}],"version-history":[{"count":0,"href":"https:\/\/orexis.io\/gaia-essen\/wp-json\/wp\/v2\/pages\/10103\/revisions"}],"wp:attachment":[{"href":"https:\/\/orexis.io\/gaia-essen\/wp-json\/wp\/v2\/media?parent=10103"}],"curies":[{"name":"wp","href":"https:\/\/api.w.org\/{rel}","templated":true}]}}