{"id":11618,"date":"2017-01-26T11:03:54","date_gmt":"2017-01-26T11:03:54","guid":{"rendered":"https:\/\/gaia-essen.de\/?page_id=11618"},"modified":"2020-02-18T17:28:46","modified_gmt":"2020-02-18T17:28:46","slug":"kommunistischer-bund-essen","status":"publish","type":"page","link":"https:\/\/orexis.io\/gaia-essen\/kommunistischer-bund-essen\/","title":{"rendered":"Kommunistischer Bund Essen"},"content":{"rendered":"<p>(26\/01\/17, aktuell) <strong>Der Einstieg in den Kommunismus: <\/strong>Wirtschaftordung, Entfremdung, Sozialismus, Konzentrationstheorie und Liberalismus.<br \/>\nDie KPD (Maoisten) organisiert sich in kommunalen B\u00fcnden, die auf den entelechischen Wachsamkeitskomitees aufgebaut sind. Das aus den jeweiligen Letztbegr\u00fcndungsinstanzen heraus wirksame \u201eStreben&#8221; (Goethe), der \u201etotalexistierenden Individualit\u00e4t&#8221; (Rudolf Steiner) erreicht im Gebrauch seines Verstandes f\u00fcr den \u00dcberlebenskampf sein erstes Entzwicklungsziel. Das Tier im Menschen ist aber nicht der Hauptzweck seines irdischen Daseins! Es mu\u00df sich noch mit der Sonne vereinigen, und zwar mit der, die mittags weit oben steht (Nietzsche)! Gr\u00f6\u00dfte W\u00e4rme, reine Selbsturspr\u00fcnlichkeit! Der Zarathustra, die ungest\u00f6rte Selbstbewegung kann auf diese Weise vom transzendentalen Ich beobachtet werden.\u00a0\u00a0 \u00b6\u00a0\u00a0 Zwar kann der allgemeine Begriff bei Platon abgetrennt auch rassistisch als Gattungsbezeichnung gelesen werden, aber schon Aristoteles l\u00e4\u00dft ihn nur in Verbindung mit dem Besonderen zu. Hier aber besteht die Gefahr des monolithischen Mi\u00dfbrauches jenes \u00fcbergreifenden Gedankens, wenn er nicht prozesshaft eingesetzt wird. Er kann als Modellbegriff in Seinsgebiete eingreifen, wo er nur begrenzt zust\u00e4ndig ist. Er kann als Vernunftschlu\u00df f\u00fcr das Toleranzgebot in der Politik zur blo\u00dfen Machtstabilisierung eingesetzt werden. Er kann als lebendige Idee in der nicht mehr zeitgem\u00e4\u00dfen Ideologie erstarren.\u00a0\u00a0 \u00b6\u00a0\u00a0 Immer wieder wird dem \u201eabsolut guten Willen&#8221; (Kant) in der individuellen Verk\u00f6rperung sein sinnlich-sittliches Wollen heteronom gewaltt\u00e4tig oder auch nur verf\u00fchrerisch verzweckt und damit der kulturrevolution\u00e4ren Kunst entzogen. In besonders krassen F\u00e4llen wird er komplett zerst\u00f6rt und das allein \u00fcbrigbleibende tierische Wesen h\u00f6llenhaft zur Sklavenarbeit verdammt.\u00a0\u00a0 \u00b6\u00a0\u00a0 Ein Wirtschaftslexikon im Netz bringt den Kommunismus in einer ersten Ann\u00e4herung auf die oben genannten f\u00fcnf Hauptpunkte in einer <a href=\"http:\/\/wirtschaftslexikon.gabler.de\/Archiv\/5306\/kommunismus-v8.html\">Mindmap-Vollansicht.<\/a> Danach bestehen Wechselwirkungen zwischen der Wirtschaftsordnung und dem Sozialismus, besteht eine einseitige Einwirkung der Entfremdung auf die Entstehung des Kommunismus, wozu auch die Konzentrationstheorie geh\u00f6rt und eine Sto\u00dfrichtung vom Kommunismus aus in Richtung des Liberalismus.\u00a0\u00a0 \u00b6\u00a0\u00a0 Zu dieser ersten \u00dcbersicht mit ihren f\u00fcnf Feldern kann knapp im ersten Anlauf folgendens gesagt werden: F\u00fcr unser Vorhaben wichtig ist die \u00dcberschneidung der Interessen des Kapitalismus und des Kommunismus im Liberalismus, was die Ausbildung einer oligarchischen Despotie beg\u00fcnstigt. Auch Mao tse-tung warnte vor b\u00fcrgerlichen Rechtsabweichler-innen, aber auch vor ultralinken. Das untr\u00fcgliche Zeichen der Einrichtung eines konterrevolution\u00e4ren Systems ist eine Apartheid, die sich hinter unz\u00e4hligen Masken verstecken kann. \u00a0\u00a0\u00b6 Deshalb mu\u00df wieder eine Renaissance der kommunistischen Idee her, die das Gemeinsame nicht ohne das Besondere erneut verteidigt, die Feudalbourgoisie entmachtet, denn die wahre Ursache f\u00fcr das Verfehlen der &#8220;Arbeiteridylle&#8221; ist die von jener Erzreaktion stur beibehaltene \u201elaboristische Unternehmensverfassung&#8221;. Es ist der Objektivismus unter Ausschaltung des subjektiven Strebens, der letztendlich zum Kulturabbruch trotz Anfangserfolge f\u00fchrt, was jede aufmerksame B\u00fcrger-in zur Zeit in Deutschland beobachten kann. (wird fortgesetzt)<\/p>\n","protected":false},"excerpt":{"rendered":"<p>(26\/01\/17, aktuell) Der Einstieg in den Kommunismus: Wirtschaftordung, Entfremdung, Sozialismus, Konzentrationstheorie und Liberalismus. Die KPD (Maoisten) organisiert sich in kommunalen&#8230;<\/p>\n","protected":false},"author":1,"featured_media":0,"parent":0,"menu_order":0,"comment_status":"closed","ping_status":"closed","template":"","meta":{"footnotes":""},"class_list":["post-11618","page","type-page","status-publish","hentry"],"_links":{"self":[{"href":"https:\/\/orexis.io\/gaia-essen\/wp-json\/wp\/v2\/pages\/11618","targetHints":{"allow":["GET"]}}],"collection":[{"href":"https:\/\/orexis.io\/gaia-essen\/wp-json\/wp\/v2\/pages"}],"about":[{"href":"https:\/\/orexis.io\/gaia-essen\/wp-json\/wp\/v2\/types\/page"}],"author":[{"embeddable":true,"href":"https:\/\/orexis.io\/gaia-essen\/wp-json\/wp\/v2\/users\/1"}],"replies":[{"embeddable":true,"href":"https:\/\/orexis.io\/gaia-essen\/wp-json\/wp\/v2\/comments?post=11618"}],"version-history":[{"count":2,"href":"https:\/\/orexis.io\/gaia-essen\/wp-json\/wp\/v2\/pages\/11618\/revisions"}],"predecessor-version":[{"id":17729,"href":"https:\/\/orexis.io\/gaia-essen\/wp-json\/wp\/v2\/pages\/11618\/revisions\/17729"}],"wp:attachment":[{"href":"https:\/\/orexis.io\/gaia-essen\/wp-json\/wp\/v2\/media?parent=11618"}],"curies":[{"name":"wp","href":"https:\/\/api.w.org\/{rel}","templated":true}]}}