{"id":12,"date":"2012-12-20T18:59:40","date_gmt":"2012-12-20T18:59:40","guid":{"rendered":"http:\/\/gaia-essen.de\/?page_id=12"},"modified":"2020-02-18T18:29:22","modified_gmt":"2020-02-18T18:29:22","slug":"uber-uns","status":"publish","type":"page","link":"https:\/\/orexis.io\/gaia-essen\/uber-uns\/","title":{"rendered":"About"},"content":{"rendered":"<p>(16\/02\/20, aktuell). Rope Xidap, die Entwicklungsbegleiter-in in der Mythologie &#8220;Sonne und Erde&#8221;, die Mondg\u00f6ttin der Geburt, die ununterbrochen mit dem Symbol der Wahrheit schwanger ist, bereitet ebenfalls mit ihren silbernen Pfeilen den herannahenden, Leichengeruch verstr\u00f6menden Todesengeln aus den Konzentrationslagern des sozialfaschistischen BRD-Regimes st\u00e4ndig eine verherrende Niederlage, soda\u00df ihre Hilfe bei der Niederkunft der goetheanistischen Politen in der polis genau ihrem Namen entspricht. Sie ist eine wahre Therapeutin, die das Unm\u00f6gliche m\u00f6glich macht, die dem Logos ohne Unterlass zur Seite steht, damit er auch den letzten Teil seiner Ist-Aussage erf\u00fcllen kann: sein Wiedereintritt in das irdische Leben, verh\u00fcllt im zyklischen Kunstwerk.<\/p>\n<p>Doch soweit waren wir schon, wir kunstrevolution\u00e4ren Avantgardisten. Wir haben das Wort &#8216;\u00c4sthetik&#8217; schon l\u00e4ngst mit dem Adjektiv &#8216;praktisch&#8217; n\u00e4her bestimmt und befinden uns deshalb nicht mehr in der Tranzendentalie der Gerechtigkeit. Wir haben den Ausnahmezustand in der an diese angrenzende Eigenschaft des Ganzen, der Praxis, nicht ausgerufen, sondern als Tatsache erkannt und leisten nun Widerstand wie es die Titanide Themis befielt. In der Provinz Deutschland herrscht B\u00fcrgerkrieg und das passende Mittel dazu ist die von Goethe und Mao zedong geschaffene Volksbefreiungsarmee. Wir haben also die liebliche polis und das benachbarte Elysium, unsere wahre Wirklichkeit verlassen, unsere Einheit in der Vielfalt aufgegeben, um im tragischen Armageddon und der folgenden Apokalypse die Sch\u00f6nheit wiederzufinden aus der die Pandora uns verwegene Charaktere zu Fahrt \u00fcber die Styx als Vorraussetzung f\u00fcr die n\u00e4chste Episode im G\u00f6ttergeschehen aufruft. (wird fortgesetzt)<\/p>\n<p>07\/10\/15. Der Titel &#8220;Der Entwicklungsbegleiter&#8221; wurde in &#8220;Die Entwicklungsbegleiter-in&#8221; umbenannt. Damit will das Autorenkollektiv, welches unter dem Pseudonym &#8220;Butterblume&#8221; in diesem Blog auftritt, nicht nur der G\u00f6ttin Aphrodite huldigen, die f\u00fcr die \u00c4sthetik besonders wichtig ist, sondern auch die Frau an sich, die als das Ich der poetologische Evidenz im mythologischen Geschehen von &#8220;Sonne und Erde&#8221; verehrt wird, \u00e4sthetisierend hervorheben, befreien. Das lebendige Bild hierf\u00fcr sind die metaphysischen Ereignisse, die mit dem Wirken der G\u00f6ttin Artemis verkn\u00fcpft sind.<\/p>\n<p>20\/09\/15. Der Blog der GAIA-Essen hat sich weiter verwandelt und erscheint nun im Kleid einer Zeitschrift. Ihr Name &#8220;Der Entwicklungsbegleiter&#8221; weist einmal auf das evolution\u00e4re Ziel des jeweiligen Menschen hin, sein eigenes Leben immer mehr kulturautonomer zu f\u00fchren, sich selbst zu \u00e4sthetisieren. Zum anderen zeigt der gew\u00e4hlte Titel auch auf den jenseits von Raum und Zeit agierenden D\u00e4mon hin, der uns in jedem wahren Kunstprozess, aber nur in diesem, durch seine Blicklenkung leitet, wenn wir f\u00fcr diese transparent werden, die Religion der Leerheit praktisch vollziehen. Jede erkenntnisgeleitetet Tat wird in die Akashachronik eingeschrieben und verhilft uns bei der n\u00e4chsten Inkarnation zu einem noch wohlgeformteren Leben f\u00fcr das Ganze.<\/p>\n<p>06\/04\/14. Die Webpr\u00e4senz GAIA &#8211; Essen stellt die weltb\u00fcrgerliche Seite der Polis dar, w\u00e4hrend ihr kommualpolitischer Teil demn\u00e4chst\u00a0 unter <a href=\"http:\/\/www.polisgemeinde.de\"><span style=\"text-decoration: underline;\">www.polisgemeinde.de<\/span><\/a> zu finden sein wird. Diese Website bietet den ersten und einf\u00fchrenden Zugang zu einem Denken, das letztendlich wieder die sch\u00f6pfungsgem\u00e4\u00dfen Lebensumst\u00e4nde herbeif\u00fchrt, wie sie in der griechischen Antike geherrscht haben.<\/p>\n<p>15\/02\/14. Die GAIA, ist das spontan auftretende Kommandounternehmen der Evolution. Unser Ziel ist die Verlebendigung des erstarrten, zum Stillstand gekommenen Denkens. Dar\u00fcber hinaus kommt es zu einem freiwilligen Zusammenschlu\u00df von geistig Aufbruchswilligen zu einer \u00e4sthetisch &#8211; universellen Polis in naher Zukunft. Es begann 1989 mit der Selbsterkenntnis der Idee und dem darauf folgenden praktisch werden dieser als Ideal: Ganzheit im Sinne Goethes.<\/p>\n<p>08\/10\/13. Der WordPress &#8211; Blog der geistig absolut freien Individualit\u00e4ten <span style=\"text-decoration: underline;\">gaia-essen.de<\/span> ist das <strong>Zentralorgan<\/strong> im Weltnetz von &#8220;Sonne und Erde &#8211; Goetheanistische Plattform&#8221;. Hier finden Sie alle aktuellen Nachrichten oder wenigstens Kurzhinweise auf Ver\u00e4nderungen, die sich auf anderen Au\u00dfendarstellungen weiterer Organe ergeben haben. Eine Auflistung aller Zug\u00e4nge finden Sie weiter unten rechts auf der Homepage.<\/p>\n<p>20\/12\/12. GAIA ist die Abk\u00fcrzung f\u00fcr Goetheanistisch Autonome Intuitive Aktion. Die kommunale W\u00e4hlergruppe GAIA setzt sich f\u00fcr die politische Minderheit der geistig absolut freien Individualit\u00e4ten ein. Hierbei handelt es sich um metaphysische, transzendentale und transzendente Entit\u00e4ten, um unterschiedliche Ausformungen des Ich im Erkenntnisfortschritt der menschlichen Einzelpers\u00f6nlichkeit. Es ist das Allgemeine, was sich im Besonderen als Symbol verwirklicht, kulturell diversifiziert. Verantwortlich f\u00fcr diesen Entfaltungsprozess ist die pro-evolution\u00e4re poetologische Evidenz.<\/p>\n","protected":false},"excerpt":{"rendered":"<p>(16\/02\/20, aktuell). Rope Xidap, die Entwicklungsbegleiter-in in der Mythologie &#8220;Sonne und Erde&#8221;, die Mondg\u00f6ttin der Geburt, die ununterbrochen mit dem&#8230;<\/p>\n","protected":false},"author":1,"featured_media":0,"parent":0,"menu_order":14,"comment_status":"closed","ping_status":"closed","template":"","meta":{"footnotes":""},"class_list":["post-12","page","type-page","status-publish","hentry"],"_links":{"self":[{"href":"https:\/\/orexis.io\/gaia-essen\/wp-json\/wp\/v2\/pages\/12","targetHints":{"allow":["GET"]}}],"collection":[{"href":"https:\/\/orexis.io\/gaia-essen\/wp-json\/wp\/v2\/pages"}],"about":[{"href":"https:\/\/orexis.io\/gaia-essen\/wp-json\/wp\/v2\/types\/page"}],"author":[{"embeddable":true,"href":"https:\/\/orexis.io\/gaia-essen\/wp-json\/wp\/v2\/users\/1"}],"replies":[{"embeddable":true,"href":"https:\/\/orexis.io\/gaia-essen\/wp-json\/wp\/v2\/comments?post=12"}],"version-history":[{"count":4,"href":"https:\/\/orexis.io\/gaia-essen\/wp-json\/wp\/v2\/pages\/12\/revisions"}],"predecessor-version":[{"id":17737,"href":"https:\/\/orexis.io\/gaia-essen\/wp-json\/wp\/v2\/pages\/12\/revisions\/17737"}],"wp:attachment":[{"href":"https:\/\/orexis.io\/gaia-essen\/wp-json\/wp\/v2\/media?parent=12"}],"curies":[{"name":"wp","href":"https:\/\/api.w.org\/{rel}","templated":true}]}}