{"id":53,"date":"2013-01-11T21:47:44","date_gmt":"2013-01-11T21:47:44","guid":{"rendered":"http:\/\/gaia-essen.de\/?page_id=53"},"modified":"2020-01-29T11:49:32","modified_gmt":"2020-01-29T11:49:32","slug":"impressum","status":"publish","type":"page","link":"https:\/\/orexis.io\/gaia-essen\/impressum\/","title":{"rendered":"Impressum"},"content":{"rendered":"<p>Remember that only the cookie and the privacy policy are valid, which you will find under the first link below!<\/p>\n<p>&gt;&gt; 1) Go To <a href=\"https:\/\/automattic.com\/cookies\/\">Cookies Policy<\/a><br \/>\n_______________<br \/>\n<strong>Foreword:<\/strong> The &#8216;Impuls-Fragmente&#8217; and other art-religious texts in this blog have found expression in the language that is permitted for the transcendental &#8216;Goethevolk&#8217;, the universal community of absolute purposes in itself, by the Titanid <em>Themis<\/em> for <em>&#8216;dikelogische&#8217; <\/em>reasons. The German language is therefore no indicator that this blog is aimed solely at the native Germans under the rule of the BRD-Regime or the citizens who are taken by the &#8220;EU&#8221;.<br \/>\n_______________<br \/>\n<span id=\"result_box\" class=\"\" lang=\"en\"><span class=\"\"><strong>Organization seat:<\/strong> The permanent residence of the Art Revolutionary NPO 1) &#8220;Sonne und Erde &#8211; Entwicklungsbegleitung&#8221; is not at the address listed below within the &#8220;EU&#8221;.<\/span> <span class=\"\">The address entered below is simply the postal address of the &#8216;Kunstkirche&#8217; for finding the venue.<\/span> <span class=\"\">The permanent seat of the NPO is outside the &#8220;EU&#8221; and beyond the natural world in the transcendental space of romantic irony (imagination).<\/span><\/span><br \/>\n_____________________<br \/>\n1) = Non Political Organisation.<\/p>\n<p><span id=\"result_box\" class=\"\" lang=\"en\" tabindex=\"-1\"><span class=\"\"><strong>Responsibility:<\/strong> Responsible in the violent reality for the epistemological, art-religious and socially plastic content in accordance with \u00a7 5 TMG are in the human hybrid being<\/span><\/span><span id=\"result_box\" class=\"\" lang=\"en\" tabindex=\"-1\"><span class=\"\"> naturalist <em>Henryk Dykier<\/em> of the &#8216;BRD-Regime&#8217;, the metaphysical person <em>Heinrich Wegwarte<\/em> of the &#8216;Free Karl-Phillip Moritz Online University&#8217;,<\/span> <span class=\"\">the transcendental personality <em>Kigan Thorix<\/em> of the &#8216;aesthetic polis&#8217; and the transcendent entelechy of the art-practical &#8216;Akashachronik&#8217; in their functions given by the goddess <em>Hygieia<\/em> as &#8216;Entwicklungsbegleiter SUE&#8217;, epistemologist, &#8216;Gesundheitsberater GGB&#8217;, art practitioner (act of the god Ares), art theorist (voice of Titanide<\/span> <span class=\"\"><em>Themis<\/em>), naturalist (licensed pharmacist), poetologist (servant of the goddess <em>Artemis<\/em>), philologist, philosopher, typesetter (with journeyman&#8217;s letter) and theologian.<\/span><\/span><\/p>\n<p><span id=\"result_box\" class=\"\" lang=\"en\" tabindex=\"-1\"><strong>Important Note:<\/strong> This is an exclusively non-profit, non-commercial website.<\/span><\/p>\n<p><strong>Event address:<\/strong> C\/O Sonne und Erde, Goetheanistische Plattform, L\u00fcbecker Stra\u00dfe 64, Eingang Hamburger Stra\u00dfe, 45145 Essen, (D) Germany. <span class=\"\">E-mail address: apo@ganzheit.de.<\/span><\/p>\n<p><span id=\"result_box\" class=\"\" lang=\"en\" tabindex=\"-1\"><strong>Contribution rights:<\/strong> These are with the respective authors. The transfer of texts to databases that are exclusively intended for the private use of a user is permitted. The takeover and use of data for other purposes requires the written consent of the person responsible for this Internet blog.<\/span><\/p>\n<p><strong>Disclaimer:<\/strong> Our service also provides links to internet content of other providers. We have no influence on the content of these pages; their content is the sole responsibility of the operator of the other website. <span class=\"\">Despite the review of the content within the legally required framework, we must therefore reject any responsibility for the content of these links or the linked page.<\/span><\/p>\n<p>(Revised 09\/18\/15, 10\/28\/15, 05\/24\/18, 07\/17\/18), (in the data format of Great Britain)<\/p>\n<p>&nbsp;<\/p>\n","protected":false},"excerpt":{"rendered":"<p>Remember that only the cookie and the privacy policy are valid, which you will find under the first link below!&#8230;<\/p>\n","protected":false},"author":1,"featured_media":0,"parent":0,"menu_order":16,"comment_status":"closed","ping_status":"closed","template":"","meta":{"footnotes":""},"class_list":["post-53","page","type-page","status-publish","hentry"],"_links":{"self":[{"href":"https:\/\/orexis.io\/gaia-essen\/wp-json\/wp\/v2\/pages\/53","targetHints":{"allow":["GET"]}}],"collection":[{"href":"https:\/\/orexis.io\/gaia-essen\/wp-json\/wp\/v2\/pages"}],"about":[{"href":"https:\/\/orexis.io\/gaia-essen\/wp-json\/wp\/v2\/types\/page"}],"author":[{"embeddable":true,"href":"https:\/\/orexis.io\/gaia-essen\/wp-json\/wp\/v2\/users\/1"}],"replies":[{"embeddable":true,"href":"https:\/\/orexis.io\/gaia-essen\/wp-json\/wp\/v2\/comments?post=53"}],"version-history":[{"count":3,"href":"https:\/\/orexis.io\/gaia-essen\/wp-json\/wp\/v2\/pages\/53\/revisions"}],"predecessor-version":[{"id":16248,"href":"https:\/\/orexis.io\/gaia-essen\/wp-json\/wp\/v2\/pages\/53\/revisions\/16248"}],"wp:attachment":[{"href":"https:\/\/orexis.io\/gaia-essen\/wp-json\/wp\/v2\/media?parent=53"}],"curies":[{"name":"wp","href":"https:\/\/api.w.org\/{rel}","templated":true}]}}