{"id":9655,"date":"2015-09-18T12:39:07","date_gmt":"2015-09-18T12:39:07","guid":{"rendered":"https:\/\/gaia-essen.de\/?page_id=9655"},"modified":"2015-09-18T12:39:07","modified_gmt":"2015-09-18T12:39:07","slug":"primat-der-kunst","status":"publish","type":"page","link":"https:\/\/orexis.io\/gaia-essen\/primat-der-kunst\/","title":{"rendered":"KunstPrimat"},"content":{"rendered":"<p>18\/09\/15. Der Primat der Kunst ergibt sich aus den freiheitsrelevanten Artikeln im Milit\u00e4rgrundgesetz. Insbesondere der Teil V erhebt sie in Verbindung mit der Wissenschaft und mit dem Teil I zum Hauptmerkmal der geistig absolut freien Individualit\u00e4t und deren objektiv-idealistischen Weltzuwendung. Diese allgemeinmenschliche Sicht auf das universelle Ganze stellt damit auch das Manifest f\u00fcr eine neue Kunstavantgarde dar, die endlich das postmoderne Anliegen aller Romantiker erf\u00fcllen kann, das paradoxe Zusammenfallen von Einheit und Vielfalt. Alle kollektivistischen Erz\u00e4hlungen mu\u00dften geopfert werden, damit die Idee individualisiert f\u00fcr den evolution\u00e4ren Monismus tauglich wird: Kunstreligion. Damit geh\u00f6rt das von der sogenannten westlichen Wertegemeinschaft der deutschen Ethnie in Europa gegebene oberste Regelwerk zu ihrem heiligen Kanon. Damit wird auch ihr Aufruf zur Schaffung einer Diktatur der Kunst verst\u00e4ndlich. Die exakte Phantasie einer Goethea oder eines Goethe bed\u00fcrfen aber, um umst\u00fclpend wirksam zu sein einer permanenten Kulturrevolution durch die Anti-Politik der KPD (Maoisten), da sich die D\u00e4monen der Vergangenheit von ihrer fremdbestimmenden Moral nicht von selbst erl\u00f6sen k\u00f6nnen.<\/p>\n","protected":false},"excerpt":{"rendered":"<p>18\/09\/15. Der Primat der Kunst ergibt sich aus den freiheitsrelevanten Artikeln im Milit\u00e4rgrundgesetz. Insbesondere der Teil V erhebt sie in&#8230;<\/p>\n","protected":false},"author":1,"featured_media":0,"parent":0,"menu_order":0,"comment_status":"closed","ping_status":"closed","template":"","meta":{"footnotes":""},"class_list":["post-9655","page","type-page","status-publish","hentry"],"_links":{"self":[{"href":"https:\/\/orexis.io\/gaia-essen\/wp-json\/wp\/v2\/pages\/9655","targetHints":{"allow":["GET"]}}],"collection":[{"href":"https:\/\/orexis.io\/gaia-essen\/wp-json\/wp\/v2\/pages"}],"about":[{"href":"https:\/\/orexis.io\/gaia-essen\/wp-json\/wp\/v2\/types\/page"}],"author":[{"embeddable":true,"href":"https:\/\/orexis.io\/gaia-essen\/wp-json\/wp\/v2\/users\/1"}],"replies":[{"embeddable":true,"href":"https:\/\/orexis.io\/gaia-essen\/wp-json\/wp\/v2\/comments?post=9655"}],"version-history":[{"count":0,"href":"https:\/\/orexis.io\/gaia-essen\/wp-json\/wp\/v2\/pages\/9655\/revisions"}],"wp:attachment":[{"href":"https:\/\/orexis.io\/gaia-essen\/wp-json\/wp\/v2\/media?parent=9655"}],"curies":[{"name":"wp","href":"https:\/\/api.w.org\/{rel}","templated":true}]}}