{"id":9684,"date":"2015-09-19T15:42:13","date_gmt":"2015-09-19T15:42:13","guid":{"rendered":"https:\/\/gaia-essen.de\/?page_id=9684"},"modified":"2015-09-19T15:42:13","modified_gmt":"2015-09-19T15:42:13","slug":"grundeinkommen","status":"publish","type":"page","link":"https:\/\/orexis.io\/gaia-essen\/grundeinkommen\/","title":{"rendered":"Grundeinkommen"},"content":{"rendered":"<p>19\/09\/15. Steuergeld ist f\u00fcr unproduktive, kulturelle Substanz verbrauchende T\u00e4tigkeiten in H\u00fclle und F\u00fclle vorhanden, f\u00fcr die Kunst nicht. Hier soll das bedingungslose Grundeinkommen helfen. Es wird aber von der politischen Klasse aus Gr\u00fcnden der Destabilisierung des Systems abgelehnt.\u00a0 Die GAIA und ihre Organe werden die Geldwirtschaft total umgestalten. Dazu geh\u00f6rt auch das bGe f\u00fcr alle, nicht nur wie heute, f\u00fcr sogenannte sozial relevante Gruppen, also f\u00fcr die Nieten der despotischen Oligarchie, die nach der Machtergreifung den gesamten politischen Apparat besetzt haben. (wird fortgesetzt)<\/p>\n","protected":false},"excerpt":{"rendered":"<p>19\/09\/15. Steuergeld ist f\u00fcr unproduktive, kulturelle Substanz verbrauchende T\u00e4tigkeiten in H\u00fclle und F\u00fclle vorhanden, f\u00fcr die Kunst nicht. Hier soll&#8230;<\/p>\n","protected":false},"author":1,"featured_media":0,"parent":0,"menu_order":0,"comment_status":"closed","ping_status":"closed","template":"","meta":{"footnotes":""},"class_list":["post-9684","page","type-page","status-publish","hentry"],"_links":{"self":[{"href":"https:\/\/orexis.io\/gaia-essen\/wp-json\/wp\/v2\/pages\/9684","targetHints":{"allow":["GET"]}}],"collection":[{"href":"https:\/\/orexis.io\/gaia-essen\/wp-json\/wp\/v2\/pages"}],"about":[{"href":"https:\/\/orexis.io\/gaia-essen\/wp-json\/wp\/v2\/types\/page"}],"author":[{"embeddable":true,"href":"https:\/\/orexis.io\/gaia-essen\/wp-json\/wp\/v2\/users\/1"}],"replies":[{"embeddable":true,"href":"https:\/\/orexis.io\/gaia-essen\/wp-json\/wp\/v2\/comments?post=9684"}],"version-history":[{"count":0,"href":"https:\/\/orexis.io\/gaia-essen\/wp-json\/wp\/v2\/pages\/9684\/revisions"}],"wp:attachment":[{"href":"https:\/\/orexis.io\/gaia-essen\/wp-json\/wp\/v2\/media?parent=9684"}],"curies":[{"name":"wp","href":"https:\/\/api.w.org\/{rel}","templated":true}]}}