{"id":14,"date":"2015-09-22T16:34:09","date_gmt":"2015-09-22T16:34:09","guid":{"rendered":"http:\/\/goetheanisten.de\/?page_id=14"},"modified":"2015-09-22T16:34:09","modified_gmt":"2015-09-22T16:34:09","slug":"impressum","status":"publish","type":"page","link":"https:\/\/orexis.io\/goetheanisten\/impressum\/","title":{"rendered":"Impressum"},"content":{"rendered":"<p>[tabby title=&#8221;Fragment&#8221;]<br \/>\nVerantwortlich f\u00fcr den Inhalt gem\u00e4\u00df \u00a7 5 TMG ist die Person <em>Henryk Dykier<\/em> in seiner Funktion als &#8216;kleinb\u00fcrgerlicher&#8217; Schriftsetzer mit Gesellenbrief, Entwicklungsbegleiter SUE, Gesundheitsberater GGB und Naturwissenschaftler (Apotheker).<\/p>\n<p>Wichtiger Hinweis: Dies ist ein ausschlie\u00dflich gemeinn\u00fctziger, nicht kommerzieller und erkenntnisk\u00fcnstlerischer Webauftritt.<\/p>\n<p>Veranstaltungsadresse: C\/O Sonne und Erde, Goetheanum-Essen, L\u00fcbecker Stra\u00dfe 64, Eingang Hamburger Stra\u00dfe, 45145 Essen, (D) Deutschland.<\/p>\n<p>E-Postadresse: apo@ganzheit.de.<\/p>\n<p>Alle Rechte liegen bei den jeweiligen Autoren.<\/p>\n<p>Die \u00dcbernahme von Texten in Datenbest\u00e4nden, die ausschlie\u00dflich f\u00fcr den privaten Gebrauch eines Nutzers bestimmt sind, ist gestattet. Die \u00dcbernahme und Nutzung der Daten zu anderen Zwecken bedarf der schriftlichen Zustimmung des Verantwortlichen dieses Internetblogs.<\/p>\n<p>Haftungsausschlu\u00df: Im Rahmen unseres Dienstes werden auch Links zu Internetinhalten anderer Anbieter bereitgestellt. Auf den Inhalt dieser Seiten haben wir keinen Einflu\u00df; f\u00fcr den Inhalt ist ausschlie\u00dflich der Betreiber der anderen Website verantwortlich. Trotz der \u00dcberpr\u00fcfung der Inhalte im gesetzlich gebotenen Rahmen, m\u00fcssen wir daher jede Verantwortung f\u00fcr den Inhalt dieser Links, bzw. der verlinkten Seite ablehnen.<br \/>\n[tabby title=&#8221;Kategorien&#8221;]<br \/>\nAdresse, Apotheker, Autor, Datenbestand, Entwicklungsbegleiter, Erkenntniskunst, Gemeinn\u00fctzigkeit, Gesellenbrief, Gesundheitsberater, Kleinb\u00fcrger, Kommerz, Internetinhalte, Haftungsausschlu\u00df, Naturwissenschaftler, Nutzer, Nutzung, Person, Postadresse, Privatgebrauch, Recht, Schriftsetzer, \u00dcbernahme, Verantwortung, Website,Zweck, Zustimmung.<br \/>\n[tabbyending]<\/p>\n","protected":false},"excerpt":{"rendered":"<p>[tabby title=&#8221;Fragment&#8221;] Verantwortlich f\u00fcr den Inhalt gem\u00e4\u00df \u00a7 5 TMG ist die Person Henryk Dykier in seiner Funktion als &#8216;kleinb\u00fcrgerlicher&#8217; Schriftsetzer mit Gesellenbrief, Entwicklungsbegleiter SUE, Gesundheitsberater GGB und Naturwissenschaftler (Apotheker). Wichtiger Hinweis: Dies ist ein ausschlie\u00dflich gemeinn\u00fctziger, nicht kommerzieller und &hellip; <a href=\"https:\/\/orexis.io\/goetheanisten\/impressum\/\">Continue reading <span class=\"meta-nav\">&rarr;<\/span><\/a><\/p>\n","protected":false},"author":2,"featured_media":0,"parent":0,"menu_order":0,"comment_status":"closed","ping_status":"closed","template":"","meta":{"footnotes":""},"class_list":["post-14","page","type-page","status-publish","hentry"],"_links":{"self":[{"href":"https:\/\/orexis.io\/goetheanisten\/wp-json\/wp\/v2\/pages\/14","targetHints":{"allow":["GET"]}}],"collection":[{"href":"https:\/\/orexis.io\/goetheanisten\/wp-json\/wp\/v2\/pages"}],"about":[{"href":"https:\/\/orexis.io\/goetheanisten\/wp-json\/wp\/v2\/types\/page"}],"author":[{"embeddable":true,"href":"https:\/\/orexis.io\/goetheanisten\/wp-json\/wp\/v2\/users\/2"}],"replies":[{"embeddable":true,"href":"https:\/\/orexis.io\/goetheanisten\/wp-json\/wp\/v2\/comments?post=14"}],"version-history":[{"count":0,"href":"https:\/\/orexis.io\/goetheanisten\/wp-json\/wp\/v2\/pages\/14\/revisions"}],"wp:attachment":[{"href":"https:\/\/orexis.io\/goetheanisten\/wp-json\/wp\/v2\/media?parent=14"}],"curies":[{"name":"wp","href":"https:\/\/api.w.org\/{rel}","templated":true}]}}