{"id":20,"date":"2015-09-22T16:45:57","date_gmt":"2015-09-22T16:45:57","guid":{"rendered":"http:\/\/goetheanisten.de\/?page_id=20"},"modified":"2015-09-22T16:45:57","modified_gmt":"2015-09-22T16:45:57","slug":"empfangsseite","status":"publish","type":"page","link":"https:\/\/orexis.io\/goetheanisten\/empfangsseite\/","title":{"rendered":"Empfangsseite"},"content":{"rendered":"<p>[tabby title=&#8221;Fragment&#8221;]<br \/>\n(Zuerst publiziert am 22\/09\/2015)<\/p>\n<p>Sch\u00f6n, da\u00df Sie zu uns gefunden haben, und im besten Fall w\u00fcnschen Sie eine noch bessere &#8216;B\u00fcrger-in&#8217; zu werden oder ein &#8216;B\u00fcrger&#8217;, der &#8220;Kunst als Widerstand&#8221; <em>(Ranciere)<\/em> denken kann. Das Wohl der &#8216;\u00e4sthetischen Polis&#8217; rufen Sie \u00fcber die eigene bildungsabh\u00e4ngige Selbstvervollkommnung hervor. Sie machen sich durch permanent &#8220;strebendes Bem\u00fchen&#8221; <em>(Goethe)<\/em> w\u00fcrdig f\u00fcr das &#8216;dionysische Festspiel&#8217;, das einst in &#8216;Neu-Weimar&#8217; st\u00e4ndig gefeiert wird. Sie suchen die &#8216;Gl\u00fcckseligkeit&#8217; nicht um ihrer selbst willen, sondern nur \u00fcber das &#8216;individuelle Kunstwerk&#8217; zu gewinnen, da\u00df Sie dann zur Qualifizierung der &#8220;Sozialen Plastik&#8221; <em>(Beuys)<\/em> einsetzen. (wird fortgesetzt) 1)<\/p>\n<p>1) Dieser Text wurde am 05\/08\/19 \u00fcberarbeitet.<\/p>\n<p>[tabby title=&#8221;Kategorien&#8221;]<br \/>\n\u00c4sthetik, B\u00fcrger, B\u00fcrger-in, Dionysos, dionysisches Festspiel, Gl\u00fcckseligkeit, Joseph Beuys, Kunstwerk, Neu-Weimar, Performance Art, Polis, Qualifizierung, Reinheit, Selbstbildung, Soziale Plastik, Streben, Vervollkommnung, Wohl.<\/p>\n<p>[tabbyending]<\/p>\n","protected":false},"excerpt":{"rendered":"<p>[tabby title=&#8221;Fragment&#8221;] (Zuerst publiziert am 22\/09\/2015) Sch\u00f6n, da\u00df Sie zu uns gefunden haben, und im besten Fall w\u00fcnschen Sie eine noch bessere &#8216;B\u00fcrger-in&#8217; zu werden oder ein &#8216;B\u00fcrger&#8217;, der &#8220;Kunst als Widerstand&#8221; (Ranciere) denken kann. Das Wohl der &#8216;\u00e4sthetischen Polis&#8217; &hellip; <a href=\"https:\/\/orexis.io\/goetheanisten\/empfangsseite\/\">Continue reading <span class=\"meta-nav\">&rarr;<\/span><\/a><\/p>\n","protected":false},"author":2,"featured_media":0,"parent":0,"menu_order":0,"comment_status":"closed","ping_status":"closed","template":"","meta":{"footnotes":""},"class_list":["post-20","page","type-page","status-publish","hentry"],"_links":{"self":[{"href":"https:\/\/orexis.io\/goetheanisten\/wp-json\/wp\/v2\/pages\/20","targetHints":{"allow":["GET"]}}],"collection":[{"href":"https:\/\/orexis.io\/goetheanisten\/wp-json\/wp\/v2\/pages"}],"about":[{"href":"https:\/\/orexis.io\/goetheanisten\/wp-json\/wp\/v2\/types\/page"}],"author":[{"embeddable":true,"href":"https:\/\/orexis.io\/goetheanisten\/wp-json\/wp\/v2\/users\/2"}],"replies":[{"embeddable":true,"href":"https:\/\/orexis.io\/goetheanisten\/wp-json\/wp\/v2\/comments?post=20"}],"version-history":[{"count":0,"href":"https:\/\/orexis.io\/goetheanisten\/wp-json\/wp\/v2\/pages\/20\/revisions"}],"wp:attachment":[{"href":"https:\/\/orexis.io\/goetheanisten\/wp-json\/wp\/v2\/media?parent=20"}],"curies":[{"name":"wp","href":"https:\/\/api.w.org\/{rel}","templated":true}]}}