{"id":266,"date":"2014-05-28T08:37:13","date_gmt":"2014-05-28T08:37:13","guid":{"rendered":"http:\/\/goethevolk.de\/?page_id=266"},"modified":"2026-02-11T13:28:45","modified_gmt":"2026-02-11T13:28:45","slug":"about-3","status":"publish","type":"page","link":"https:\/\/orexis.io\/goethevolk\/?page_id=266","title":{"rendered":"About"},"content":{"rendered":"<p><strong>Update am 11\/02\/26<\/strong><br \/>\n<em>Faust:<\/em> &#8220;Ver\u00e4nderte Bedingungen auf dem Erdenplan und in den verschiedenen \u00c4ther-Welten haben die Instanz der hybriden Individualit\u00e4t, die ich symbolisiere erneut zum Handeln unter der \u00c4gide der G\u00f6ttin <em>Artemis<\/em> aufgerufen! Gemeinsam mit anderen Figuren des verk\u00f6rperten Ganzen erm\u00f6glichen wir Strategen der sieben Transzendentalien die Kunstrevolution in ihrem Hain am Ufer der <em>Styx,<\/em> dort wo die poetologische Evidenz, wo die Werkstatt f\u00fcr ein ganzheitliches Bewusstsein, wo die Neue Mythologie &#8216;Sonne und Erde&#8217; ihr eigentliches Zuhause haben! Das vorzeigbare Ergebnis ist in der Nachhaltigkeit (SMART) und Erneuerung (Kaizen) dieser Website zu erkennen!&#8221; (wird fortgesetzt)<\/p>\n<p><strong>Zusammenfassung des unten stehenden poetologischen Fragmentes<\/strong><\/p>\n<p>Dieser Text stellt eine philosophische Reflexion dar, die das Konzept der\u00a0<strong>\u201eSozialen Plastik\u201c<\/strong>\u00a0als treibende Kraft einer kulturellen Evolution beschreibt. Der Autor nutzt eine hochtrabende, fast esoterische Sprache, um die\u00a0<strong>Freie Universit\u00e4t<\/strong>\u00a0als eine Gemeinschaft zu definieren, die durch den gezielten Einsatz von\u00a0<strong>Kunsttheorie<\/strong>\u00a0die Gesellschaft aktiv umgestaltet. Im Zentrum steht dabei die Idee, dass das Studium der Kunstgeschichte den Einzelnen dazu bef\u00e4higt, als sch\u00f6pferischer Lenker einer\u00a0<strong>radikalen Kulturrevolution<\/strong>\u00a0aufzutreten. Letztlich dient das Werk dazu, die Verbindung zwischen individueller geistiger Erkenntnis und der\u00a0<strong>kollektiven Formung der Wirklichkeit<\/strong> als einen quasi-spirituellen Prozess darzustellen. (11\/02\/26, KI-generiert)<\/p>\n<hr \/>\n<p><strong>Video des poetologischen Fragmentes im Stil einer Rezension<\/strong><\/p>\n<div style=\"width: 640px;\" class=\"wp-video\"><video class=\"wp-video-shortcode\" id=\"video-266-1\" width=\"640\" height=\"360\" preload=\"metadata\" controls=\"controls\"><source type=\"video\/mp4\" src=\"https:\/\/orexis.io\/goethevolk\/wp-content\/uploads\/2026\/02\/Kartei-karte-about-goethevolk-Den_Code_knacken__Eine_Analyse.mp4?_=1\" \/><a href=\"https:\/\/orexis.io\/goethevolk\/wp-content\/uploads\/2026\/02\/Kartei-karte-about-goethevolk-Den_Code_knacken__Eine_Analyse.mp4\">https:\/\/orexis.io\/goethevolk\/wp-content\/uploads\/2026\/02\/Kartei-karte-about-goethevolk-Den_Code_knacken__Eine_Analyse.mp4<\/a><\/video><\/div>\n<p><strong>Podcast des poetologischen Fragmentes im Stil einer Rezension<\/strong><\/p>\n<hr \/>\n<p><strong>Kunst-Theorie als Software der Revolution<\/strong><\/p>\n<audio class=\"wp-audio-shortcode\" id=\"audio-266-1\" preload=\"none\" style=\"width: 100%;\" controls=\"controls\"><source type=\"audio\/mpeg\" src=\"https:\/\/orexis.io\/goethevolk\/wp-content\/uploads\/2026\/02\/kartei-karte-about-goethevolk-Kunsttheorie_als_Software_der_Revolution.m4a?_=1\" \/><a href=\"https:\/\/orexis.io\/goethevolk\/wp-content\/uploads\/2026\/02\/kartei-karte-about-goethevolk-Kunsttheorie_als_Software_der_Revolution.m4a\">https:\/\/orexis.io\/goethevolk\/wp-content\/uploads\/2026\/02\/kartei-karte-about-goethevolk-Kunsttheorie_als_Software_der_Revolution.m4a<\/a><\/audio>\n<hr \/>\n<p><strong>Poetologisches Fragment<\/strong><\/p>\n<p>28\/05\/14<br \/>\n<em>Faust:<\/em> &#8220;Die Gemeinschaft der absoluten Zwecke an sich, das Goethevolk, hat sich die Form der Freien Universit\u00e4t gegeben, weil der nat\u00fcrlich veranlagte allgemeine uneingeschr\u00e4nkt gute Wille sein evolution\u00e4res Verm\u00f6gen auf den besonderen der jeweiligen \u00e4thergest\u00fctzen Entelechie \u00fcbertragen hat. Das Organ aber, was diesen dazu bef\u00e4higt, die Evolution eigenm\u00e4chtig kunstpraktisch voranzutreiben, die &#8216;Soziale Plastik&#8217; <em>(Beuys)<\/em> radikal kulturrevolution\u00e4r zu gestalten, ist die Kunsttheorie, welche wiederum sich selbst durch das analytische Studium der Kunstgeschichte entwickelt. Der Wagenlenker des animalischen Gef\u00e4hrtes ist die als poetologische Evidenz in Erscheinung tretende Substanz der aktivierten Akashachronik in einem ihrer m\u00f6glicherweise epiph\u00e4nomenal als Tautropfen niedergeschlagenen Individualit\u00e4t.&#8221; (wird fortgesetzt)<\/p>\n<p><em>Henryk Dykier.<\/em> Copyright (C). Alle Rechte ohne Ausnahmen vorbehalten!<br \/>\n___________________<br \/>\n<strong>\u00c4nderungen<\/strong><br \/>\n*1) (11\/02\/26) Dem Text wurde die dazugeh\u00f6rige Instanz der hybriden Individualit\u00e4t hinzugef\u00fcgt.<br \/>\n*2) (11\/02\/26) dem Begriff &#8216;Soziale Plastik&#8217; wurde deren Erfinder hinzugef\u00fcgt.<br \/>\n*3) (11\/02\/26) Die Urheber-Zeile mit dazugeh\u00f6rigen Rechten wurde eingef\u00fcgt.<\/p>\n","protected":false},"excerpt":{"rendered":"<p>Update am 11\/02\/26 Faust: &#8220;Ver\u00e4nderte Bedingungen auf dem Erdenplan und in den verschiedenen \u00c4ther-Welten haben die Instanz der hybriden Individualit\u00e4t, die ich symbolisiere erneut zum Handeln unter der \u00c4gide der G\u00f6ttin Artemis aufgerufen! Gemeinsam mit anderen Figuren des verk\u00f6rperten Ganzen &hellip; <a href=\"https:\/\/orexis.io\/goethevolk\/?page_id=266\">Continue reading <span class=\"meta-nav\">&rarr;<\/span><\/a><\/p>\n","protected":false},"author":2,"featured_media":0,"parent":0,"menu_order":0,"comment_status":"closed","ping_status":"closed","template":"","meta":{"footnotes":""},"class_list":["post-266","page","type-page","status-publish","hentry"],"_links":{"self":[{"href":"https:\/\/orexis.io\/goethevolk\/index.php?rest_route=\/wp\/v2\/pages\/266","targetHints":{"allow":["GET"]}}],"collection":[{"href":"https:\/\/orexis.io\/goethevolk\/index.php?rest_route=\/wp\/v2\/pages"}],"about":[{"href":"https:\/\/orexis.io\/goethevolk\/index.php?rest_route=\/wp\/v2\/types\/page"}],"author":[{"embeddable":true,"href":"https:\/\/orexis.io\/goethevolk\/index.php?rest_route=\/wp\/v2\/users\/2"}],"replies":[{"embeddable":true,"href":"https:\/\/orexis.io\/goethevolk\/index.php?rest_route=%2Fwp%2Fv2%2Fcomments&post=266"}],"version-history":[{"count":9,"href":"https:\/\/orexis.io\/goethevolk\/index.php?rest_route=\/wp\/v2\/pages\/266\/revisions"}],"predecessor-version":[{"id":1202,"href":"https:\/\/orexis.io\/goethevolk\/index.php?rest_route=\/wp\/v2\/pages\/266\/revisions\/1202"}],"wp:attachment":[{"href":"https:\/\/orexis.io\/goethevolk\/index.php?rest_route=%2Fwp%2Fv2%2Fmedia&parent=266"}],"curies":[{"name":"wp","href":"https:\/\/api.w.org\/{rel}","templated":true}]}}