{"id":44,"date":"2011-06-30T18:13:02","date_gmt":"2011-06-30T18:13:02","guid":{"rendered":"http:\/\/goethevolk.de\/?page_id=44"},"modified":"2026-04-01T07:07:52","modified_gmt":"2026-04-01T07:07:52","slug":"about-2","status":"publish","type":"page","link":"https:\/\/orexis.io\/goethevolk\/?page_id=44","title":{"rendered":"Verfassung"},"content":{"rendered":"<p><span style=\"color: #000000;\"><b>Vorwort (Subjekt-generiert)<\/b><\/span><br \/>\n<em>(11\/02\/26) Faust:<\/em> &#8220;Der zur Einleitung einer Verfassungs-Debatte neu in Augenschein genommene fragmentierte Text auf der Kartei-Karte &#8216;Verfassung&#8217; wurde dem Google-Lektorat vorgelegt! Das Resultat ist eine \u00fcberw\u00e4ltigende Rezensions-Leistung in der weitere Formate erschienen, die ich Ihnen nicht vorenthalten will! Damit ist der Beweis erbracht, dass der poetische und der rationale Agent des Menschen mit KI-Agenten seine poetologische Praxis noch in einem ungeahnten Ausma\u00df &#8216;<em>boosten&#8217;<\/em> kann!&#8221; (wird fortgesetzt)<\/p>\n<hr \/>\n<p style=\"text-align: center;\"><strong>Zusammenfassung des poetologischen Studien-Textes im Stil einer Rezension<\/strong><\/p>\n<div class=\"summary-container\">\n<div class=\"summary ng-star-inserted\">\n<div class=\"mat-body-medium ng-star-inserted\">\n<p>Dieser Text fungiert als das ideologische Fundament und die\u00a0<strong>konstituierende Grundlage<\/strong>\u00a0einer digitalen Gemeinschaft, die sich als \u201eGoethevolk\u201c oder B\u00fcrger von \u201eNeu-Weimar\u201c versteht. Im Zentrum dieser Vision steht die\u00a0<strong>Einheit von Wissenschaft, Kunst und Ethik<\/strong>, wobei das Individuum durch einen Prozess der\u00a0<strong>\u00e4sthetischen Selbstbildung<\/strong>\u00a0nach pers\u00f6nlicher Freiheit und geistiger Autonomie strebt. Die Verfassung lehnt mechanistische Weltanschauungen strikt ab und fordert stattdessen einen\u00a0<strong>kulturrevolution\u00e4ren Idealismus<\/strong>, der auf der sch\u00f6pferischen Kraft der Pers\u00f6nlichkeit basiert. Letztlich dient das Dokument dazu, einen\u00a0<strong>interaktiven Lebensraum im Netz<\/strong> zu definieren, in dem die evolution\u00e4re Weiterentwicklung des Menschen durch die Methoden Goethes gef\u00f6rdert wird. (02\/11\/26, KI-generiert)<\/p>\n<hr \/>\n<\/div>\n<\/div>\n<\/div>\n<p style=\"text-align: center;\"><strong>Video des poetologischen Fragmentes im Stil einer Rezension<\/strong><\/p>\n<div style=\"width: 640px;\" class=\"wp-video\"><video class=\"wp-video-shortcode\" id=\"video-44-1\" width=\"640\" height=\"360\" preload=\"metadata\" controls=\"controls\"><source type=\"video\/mp4\" src=\"https:\/\/orexis.io\/goethevolk\/wp-content\/uploads\/2026\/02\/Das__Goethevolk__entschlusselt.mp4?_=1\" \/><a href=\"https:\/\/orexis.io\/goethevolk\/wp-content\/uploads\/2026\/02\/Das__Goethevolk__entschlusselt.mp4\">https:\/\/orexis.io\/goethevolk\/wp-content\/uploads\/2026\/02\/Das__Goethevolk__entschlusselt.mp4<\/a><\/video><\/div>\n<hr \/>\n<p style=\"text-align: center;\"><strong>Podcast des poetologischen Fragmentes im Stil einer Rezension<br \/>\n<\/strong>Die digitale Verfassung des Goethevolkes<\/p>\n<audio class=\"wp-audio-shortcode\" id=\"audio-44-1\" preload=\"none\" style=\"width: 100%;\" controls=\"controls\"><source type=\"audio\/mpeg\" src=\"https:\/\/orexis.io\/goethevolk\/wp-content\/uploads\/2026\/02\/Kartei-Karte-Verfassung-Die_digitale_Verfassung_des_Goethevolks.m4a?_=1\" \/><a href=\"https:\/\/orexis.io\/goethevolk\/wp-content\/uploads\/2026\/02\/Kartei-Karte-Verfassung-Die_digitale_Verfassung_des_Goethevolks.m4a\">https:\/\/orexis.io\/goethevolk\/wp-content\/uploads\/2026\/02\/Kartei-Karte-Verfassung-Die_digitale_Verfassung_des_Goethevolks.m4a<\/a><\/audio>\n<p>&nbsp;<\/p>\n<p style=\"text-align: center;\"><strong>Poetologischer Studien-Text (subjekt-generiert)<br \/>\n<\/strong><span style=\"text-decoration: underline;\">Prolog<\/span><\/p>\n<p style=\"text-align: left;\">(07\/07\/11) <em>Faust:<\/em> &#8220;Das Goethevolk hat es immer gegeben, gibt es und wird es immer geben. Es ist das Urbild eines Volkes. Das geisteswissenschaftlich dialektisch-evolution\u00e4re Abbild als Schein und als ganzheitlicher Teil dieses Volkes sind die B\u00fcrger von Neu-Weimar. Die Grundlage ihrer Verfassung ist Wissenschaft und Kunst im Sinne Goethes und der mit dieser Methode verkn\u00fcpfte absolut freie Wille der totalexistierenden Individualit\u00e4t, der Pers\u00f6nlichkeit, die im Hier und Jetzt als das Allgemeine im Besonderen Einspruch erhebt. Wie alle Welttatsachen, so werden auch politisch verursachte der erkenntnisk\u00fcnstlerischen \u00dcberpr\u00fcfung unterworfen. Objektiv-idealistische Politik, Ethik und \u00c4sthetik sind eine Einheit und gerade deswegen unterschiedliche Aspekte des kulturellen Ganzen.&#8221; (wird fortgesetzt)<\/p>\n<p style=\"text-align: center;\"><span style=\"text-decoration: underline;\">Vorspann<\/span><\/p>\n<p><em>07\/07\/11) Faust:<\/em> &#8220;Die Pr\u00e4ambel ist nur im Zusammenhang mit dem Prolog weiter oben und mit den verfassungsrelevanten Aussagen der zu unserer Polis geh\u00f6renden Websites (erkenntniskunst.de, evolutionscafe.de, fryheit.de und ganzheit.de) g\u00fcltig.&#8221; (wird fortgesetzt)<\/p>\n<p style=\"text-align: center;\"><span style=\"text-decoration: underline;\">Pr\u00e4ambel<\/span><\/p>\n<p><em>(05\/07\/11, 04\/07\/11) Faust:<\/em> &#8220;Dies ist der Internetblog des Goethevolkes. In unregelm\u00e4\u00dfigen Abst\u00e4nden finden Sie hier auf der Website Wissenswertes zur goetheanistischen Lebensart. Das freie Volk auf freiem Grund, das freie Geistesleben der \u00e4sthetisch autonomen Avantgarde, die romantische Wissenschaft, der kulturrevolution\u00e4re Dauerimpuls des objektiven Idealismus, die selbstbildungsf\u00e4hige Pers\u00f6nlichkeit hat mit diesem Blog nun auch ein dialogf\u00e4higes Darstellungsorgan im Weltnetz.<\/p>\n<p>Ideologie und Willk\u00fcr werden in unserer Gemeinschaft mit dieser Pr\u00e4ambel einer noch zu entwickelnden Verfassung grunds\u00e4tzlich ausgeschlossen. Eine geistige Einheit in der nat\u00fcrlichen Vielfalt ist mit einer universalistischen Weltanschauung, in der dem Denken der Weltengrund entzogen wird, mit einer Seelenhaltung, die durch Gewalt erzwungenen wurde, zwar mechanistisch herstellbar, aber evolution\u00e4r unbrauchbar. Eine dauerhafte Evolution des Menschenbildes ist nur in geistiger Freiheit durch die Autonomie von Wissenschaft und Kunst m\u00f6glich.<\/p>\n<p>Erst mit *1) dieser romantischen Sicht auf das Ganze erkennt die totalexistierende Pers\u00f6nlichkeit den individuellen Sinn ihres Lebens in der eigenen *2) Selbstbildung, in der Arbeit mit der unsterblichen Entelechie, die ihr vorausgeht und sie gleichzeitig paradoxerweise verursacht hat.&#8221; *3) (wird fortgesetzt)<\/p>\n<p>Henryk Dykier. Copyright (C). Alle Rechte ohne Ausnahmen vorbehalten!<br \/>\n_________________________________<\/p>\n<p><strong>\u00c4nderungen<\/strong><br \/>\n*1) Das Wort &#8216;mit&#8217; ersetzte am 12\/03\/16 das &#8216;in&#8217;.<br \/>\n*2) Am 12\/03\/16 wurde das Adjektiv &#8216;eigenen&#8217; hinzugef\u00fcgt.<br \/>\n*3) Der Nebensatz &#8216;die ihr vorausgeht und sie gleichzeitig paradoxerweise verursacht hat&#8217; wurde am 12\/03\/16 angeh\u00e4ngt.<br \/>\n*4) Am 11\/02\/26 wurde &#8216;NotebookLM&#8217; von Google eingeschaltet, um auf dieser Kartei-Karte durch zus\u00e4tzliche KI-generierte Formen den Inhalt nicht nur verst\u00e4ndlicher zu machen, sondern auch dessen Auftritt attraktiver zu gestalten!<br \/>\n*5) Der Autor Faust wurde jedem Fragment hinzugef\u00fcgt, damit sofort ersichtlich ist, welche Instanz der hybriden menschlichen Individualit\u00e4t sich gerade zu Wort meldet!<br \/>\n*6) (11\/02\/26) Damit die gew\u00fcnschte und auch vorausgesetzte Lebendigkeit der Texte vernommen wird, wurde jedem Fragment &#8216;wird fortgesetzt)&#8217; hinzugef\u00fcgt!<br \/>\n*7) (11\/02\/26) Die Urheber-Zeile mit dazugeh\u00f6rigen Rechten wurde eingef\u00fcgt.<br \/>\n*8) Im Vorwort wurde&#8217; hervorgebracht&#8217; durch &#8216;erschienen&#8217; ersetzt. Auch wurde in Klammern &#8216;wird fortgesetzt&#8217; hinzugef\u00fcgt.<\/p>\n","protected":false},"excerpt":{"rendered":"<p>Vorwort (Subjekt-generiert) (11\/02\/26) Faust: &#8220;Der zur Einleitung einer Verfassungs-Debatte neu in Augenschein genommene fragmentierte Text auf der Kartei-Karte &#8216;Verfassung&#8217; wurde dem Google-Lektorat vorgelegt! Das Resultat ist eine \u00fcberw\u00e4ltigende Rezensions-Leistung in der weitere Formate erschienen, die ich Ihnen nicht vorenthalten will! &hellip; <a href=\"https:\/\/orexis.io\/goethevolk\/?page_id=44\">Continue reading <span class=\"meta-nav\">&rarr;<\/span><\/a><\/p>\n","protected":false},"author":2,"featured_media":0,"parent":0,"menu_order":0,"comment_status":"closed","ping_status":"closed","template":"","meta":{"footnotes":""},"class_list":["post-44","page","type-page","status-publish","hentry"],"_links":{"self":[{"href":"https:\/\/orexis.io\/goethevolk\/index.php?rest_route=\/wp\/v2\/pages\/44","targetHints":{"allow":["GET"]}}],"collection":[{"href":"https:\/\/orexis.io\/goethevolk\/index.php?rest_route=\/wp\/v2\/pages"}],"about":[{"href":"https:\/\/orexis.io\/goethevolk\/index.php?rest_route=\/wp\/v2\/types\/page"}],"author":[{"embeddable":true,"href":"https:\/\/orexis.io\/goethevolk\/index.php?rest_route=\/wp\/v2\/users\/2"}],"replies":[{"embeddable":true,"href":"https:\/\/orexis.io\/goethevolk\/index.php?rest_route=%2Fwp%2Fv2%2Fcomments&post=44"}],"version-history":[{"count":10,"href":"https:\/\/orexis.io\/goethevolk\/index.php?rest_route=\/wp\/v2\/pages\/44\/revisions"}],"predecessor-version":[{"id":1285,"href":"https:\/\/orexis.io\/goethevolk\/index.php?rest_route=\/wp\/v2\/pages\/44\/revisions\/1285"}],"wp:attachment":[{"href":"https:\/\/orexis.io\/goethevolk\/index.php?rest_route=%2Fwp%2Fv2%2Fmedia&parent=44"}],"curies":[{"name":"wp","href":"https:\/\/api.w.org\/{rel}","templated":true}]}}