{"id":805,"date":"2016-06-06T16:04:34","date_gmt":"2016-06-06T16:04:34","guid":{"rendered":"http:\/\/goethevolk.de\/?page_id=805"},"modified":"2026-04-16T14:33:10","modified_gmt":"2026-04-16T14:33:10","slug":"modul-liste","status":"publish","type":"page","link":"https:\/\/orexis.io\/goethevolk\/?page_id=805","title":{"rendered":"Modulfragmente (Liste)"},"content":{"rendered":"<p>(31\/03\/26) <em>Faust:<\/em> &#8220;Da das Raum-Zeit-Gef\u00fcge in der Neuen Mythologie Sonne und Erde permanent transzendiert wird, k\u00f6nnen gr\u00f6\u00dfere Ausf\u00e4lle in der chronologischen Erfassung von Ver\u00e4nderungen sichtbar werden, in denen nicht nur ein Hinweis auf eine anderweitige Inanspruchnahme des Vernunfttr\u00e4gers in einer anderen Instanz der goetheanistischen Einrichtung des faustischen Goethevolkes zu lesen ist!<\/p>\n<p>Mythologisch oder poetologisch nicht dokumentierte T\u00e4tigkeiten einer androgynen Individualit\u00e4t verweisen auch auf ein objektv-ideelles Kulturerbe im Lichtreich der Wei\u00dfen Lilie, das seine Bedeutung auch jenseits einer geschichtlich bezeugten reinen Gegenwart unter der Herrschaft des Gottes <em>Pluto<\/em> nicht verliert!<\/p>\n<p>Gro\u00dfe Worte, ja, doch diese sollen Sie dazu anspornen, unbedingt ebenfalls Ihr erhabenes Werk auf dem Erdenplan vor aller Augen zu pr\u00e4sentieren, mag es noch so unscheinbar sein! Das ist Ihre kunstrevolution\u00e4re Ma\u00dfnahme, um den Machthaberinnen des BRD-Regimes zu zeigen, dass Sie im Sinne des Goethenisten <em>Joseph Beuys<\/em> immer schon sozial-plastisch t\u00e4tig sind!&#8221;<\/p>\n<p>(15\/10\/16) <em>Faust:<\/em> &#8220;Im laufe des III. Quartals 2016 wurde der Modul-Liste im Auffinde-Bereich der Titel &#8220;Autonomer Kulturraum (post rem)&#8221; hinzugef\u00fcgt. Anfang Oktober 2016 dann der Zusatz &#8216;metaphysisch&#8217;.&#8221;<\/p>\n<p>(11\/05\/16) <em>Faust:<\/em> &#8220;Die unten alphabetisch aufgef\u00fchrten Impulsfragmente f\u00fcr ausgesuchte Bereiche der Ich-Erfahrung stellen trotz ihres in jeder Hinsicht erweiterbaren Charakters jetzt schon einen wertvollen Einstieg in die raum-zeitlichen Zusammenh\u00e4nge dar, die f\u00fcr die Entwicklung der &#8220;Goetheanistischen Studien&#8221; ausschlaggebend sind.&#8221;<\/p>\n<p><strong>D<\/strong>emokratie (I), Apollo-Institut (042) <a href=\"https:\/\/orexis.io\/goethevolk\/?p=1308#more-1308\">&gt;&gt;<\/a><\/p>\n<p><strong>G<\/strong>AIA (I), Artemis-Institut (004)\u00a0 &gt;&gt;<br \/>\nGesellschaft (I), Apollo-Institut (030)\u00a0 &gt;&gt;<br \/>\nGoetheanistik (I), Ares-Institut (001)\u00a0 &gt;&gt;<br \/>\nGoetheanistik (II), Ares-Institut (006)\u00a0 &gt;&gt;<br \/>\nGoethevolk (I), Apollo-Institut (038)\u00a0 &gt;&gt;<br \/>\nGoethevolk (II), Apollo-Institut (039)\u00a0 &gt;&gt;<br \/>\nGrundeinkommen, bedingungsloses (I), Ares-Institut (028)\u00a0 &gt;&gt;<br \/>\nGrundeinkommen, bedingungsloses (II), Ares-Institut (037)\u00a0 &gt;&gt;<\/p>\n<p><strong>H<\/strong>ochschuldidaktik (I), Artemis-Institut (007)\u00a0 &gt;&gt;<br \/>\nHochschuldidaktik (II), Artemis-Institut (010)\u00a0 &gt;&gt;<\/p>\n<p><strong>I<\/strong>dentit\u00e4tspolitik (I), Artemis-Institut (041)\u00a0 <a href=\"https:\/\/orexis.io\/goethevolk\/?p=1249\">&gt;&gt;<\/a><br \/>\nIndividualit\u00e4t (I), Apollon-Institut (014)\u00a0 &gt;&gt;<br \/>\nIndividualit\u00e4t (II), Apollon-Institut (019)\u00a0 &gt;&gt;<br \/>\nIntegrismus (I), Apollon-Institut (005)\u00a0 &gt;&gt;<br \/>\nInterdiction (I), Artemis-Institut (011)\u00a0 &gt;&gt;<\/p>\n<p><strong>K<\/strong>PD-Maoisten (I), Ares-Institut (026)\u00a0 &gt;&gt;<\/p>\n<p><strong>M<\/strong>achtmissbrauch (I), Apollon-Institut (020)\u00a0 &gt;&gt;<\/p>\n<p><strong>N<\/strong>eue Mythologie (I), Athene Institut (040) <a href=\"https:\/\/orexis.io\/goethevolk\/?p=919\">&gt;&gt;<\/a><\/p>\n<p><strong>P<\/strong>aideia (I), Artemis-Institut (008)\u00a0 &gt;&gt;<br \/>\nPaideia (II), Artemis-Institut (009)\u00a0 &gt;&gt;<br \/>\nPandora (I), Artemis-Institut (015)\u00a0 &gt;&gt;<br \/>\nPandora (II), Artemis-Institut (016)\u00a0 &gt;&gt;<br \/>\nPartei f\u00fcr Kulturgerechtigkeit (I), Artemis-Institut (003)\u00a0 &gt;&gt;<br \/>\nPolis, attische (I), Ares-Institut (018)\u00a0 &gt;&gt;<br \/>\n<strong>R<\/strong>oboter- und Alterskultur (I), Apollon-Institut (012)\u00a0 &gt;&gt;<\/p>\n<p>Roboter- und Alterskultur (II), Apollon-Institut (021)\u00a0 &gt;&gt;<\/p>\n<p><strong>S<\/strong>ozialfaschismus (III), Apollo-Institut (035)\u00a0 &gt;&gt;<br \/>\nSozialfaschismus (II), Apollo-Institut (034)\u00a0 &gt;&gt;<br \/>\nSozialfaschismus (I), Apollo-Institut (029)\u00a0 &gt;&gt;<br \/>\nStadtstaat, \u00e4sthetischer (I), Artemis-Institut (013)\u00a0 &gt;&gt;<br \/>\nStadtstaat, \u00e4sthetischer (II), Artemis-Institut (036)\u00a0 &gt;&gt;<\/p>\n<p><strong>V<\/strong>ersammlung, verfassungsgebende (I), Ares-Institut (002)\u00a0 &gt;&gt;<br \/>\nVersammlung, verfassungsgebende (II), Ares-Institut (017)\u00a0 &gt;&gt;<br \/>\nVersammlung, verfassungsgebende (III), Ares-Institut (023)\u00a0 &gt;&gt;<br \/>\nVersammlung, verfassungsgebende (IV), Ares-Institut (025)\u00a0 &gt;&gt;<br \/>\nVorurteil (I), Artemis-Institut (024)\u00a0 &gt;&gt;<\/p>\n<p><strong>W<\/strong>achsamkeitskomitee (III), Ares-Institut (033)\u00a0 &gt;&gt;<br \/>\nWachsamkeitskomitee (II), Ares-Institut (032)\u00a0 &gt;&gt;<br \/>\nWachsamkeitskomitee (I), Ares-Institut (031)\u00a0 &gt;&gt;<\/p>\n<p><strong>Z<\/strong>en-Buddhismus (I), Ares-Institut (022)\u00a0 &gt;&gt;<br \/>\nZen-Buddhismus (II), Ares-Institut (027)\u00a0 &gt;&gt;<br \/>\n________________________<br \/>\n*1) (19\/10\/25) Fehlende Phrase &#8216;Goethevolk (II), Apollo-Institut (039)&#8217; hinzugef\u00fcgt am.<br \/>\n*2) (19\/10\/25) Aus &#8216;Auffindebereich&#8217; wurde &#8216;Auffinde-Bereich&#8217;.<br \/>\n*3) (31\/03\/26) Es wurde die poetologische Instanz &#8216;Faust&#8217; als Textgeber hinzugef\u00fcgt!<\/p>\n","protected":false},"excerpt":{"rendered":"<p>(31\/03\/26) Faust: &#8220;Da das Raum-Zeit-Gef\u00fcge in der Neuen Mythologie Sonne und Erde permanent transzendiert wird, k\u00f6nnen gr\u00f6\u00dfere Ausf\u00e4lle in der chronologischen Erfassung von Ver\u00e4nderungen sichtbar werden, in denen nicht nur ein Hinweis auf eine anderweitige Inanspruchnahme des Vernunfttr\u00e4gers in einer &hellip; <a href=\"https:\/\/orexis.io\/goethevolk\/?page_id=805\">Continue reading <span class=\"meta-nav\">&rarr;<\/span><\/a><\/p>\n","protected":false},"author":2,"featured_media":0,"parent":0,"menu_order":0,"comment_status":"closed","ping_status":"closed","template":"","meta":{"footnotes":""},"class_list":["post-805","page","type-page","status-publish","hentry"],"_links":{"self":[{"href":"https:\/\/orexis.io\/goethevolk\/index.php?rest_route=\/wp\/v2\/pages\/805","targetHints":{"allow":["GET"]}}],"collection":[{"href":"https:\/\/orexis.io\/goethevolk\/index.php?rest_route=\/wp\/v2\/pages"}],"about":[{"href":"https:\/\/orexis.io\/goethevolk\/index.php?rest_route=\/wp\/v2\/types\/page"}],"author":[{"embeddable":true,"href":"https:\/\/orexis.io\/goethevolk\/index.php?rest_route=\/wp\/v2\/users\/2"}],"replies":[{"embeddable":true,"href":"https:\/\/orexis.io\/goethevolk\/index.php?rest_route=%2Fwp%2Fv2%2Fcomments&post=805"}],"version-history":[{"count":20,"href":"https:\/\/orexis.io\/goethevolk\/index.php?rest_route=\/wp\/v2\/pages\/805\/revisions"}],"predecessor-version":[{"id":1334,"href":"https:\/\/orexis.io\/goethevolk\/index.php?rest_route=\/wp\/v2\/pages\/805\/revisions\/1334"}],"wp:attachment":[{"href":"https:\/\/orexis.io\/goethevolk\/index.php?rest_route=%2Fwp%2Fv2%2Fmedia&parent=805"}],"curies":[{"name":"wp","href":"https:\/\/api.w.org\/{rel}","templated":true}]}}