{"id":97,"date":"2011-07-02T11:24:53","date_gmt":"2011-07-02T11:24:53","guid":{"rendered":"http:\/\/goethevolk.de\/?page_id=97"},"modified":"2026-04-01T08:01:02","modified_gmt":"2026-04-01T08:01:02","slug":"einschreibung","status":"publish","type":"page","link":"https:\/\/orexis.io\/goethevolk\/?page_id=97","title":{"rendered":"Einschreibung"},"content":{"rendered":"<p style=\"text-align: left;\"><strong>Vorspann (Subjekt-generiert)<br \/>\n<\/strong><em>(11\/02\/26) Faust:<\/em> &#8220;Mein heutiger Auftritt hier im Frame der Einschreibung hat folgenden Grund: Ich muss Sie als m\u00f6gliche Interessent-in darauf hinweisen, dass das Studium und damit auch die Mitgliedschaft im Goethevolk nur m\u00f6glich ist nach der L\u00f6sung eines Zirkelschlusses! Ich bin gespannt darauf, wie Sie diesen Widerspruch l\u00f6sen!&#8221; (wird fortgesetzt)<\/p>\n<p style=\"text-align: center;\"><strong>Zusammenfassung des unten stehenden poetologischen Fragmentes im Stil einer Rezension<\/strong><\/p>\n<p>Dieser Text beschreibt den Beitrittsprozess zum sogenannten &#8220;Goethevolk&#8221;, einer Gemeinschaft, die sich als <strong>\u00e4sthetischer Stadtstaat<\/strong>\u00a0und zugleich als\u00a0<strong>hochschul\u00e4hnliche Organisation<\/strong>\u00a0versteht. Die Mitgliedschaft ist zwar unentgeltlich, verlangt jedoch eine tiefgreifende Identifikation mit einer\u00a0<strong>kunstreligi\u00f6sen Lebensform<\/strong>, die sich radikal von den bestehenden politischen Strukturen Deutschlands<\/p>\n<p style=\"text-align: center;\"><strong>Video des poetologischen Fragmentes im Stil einer Rezension<\/strong><\/p>\n<div style=\"width: 640px;\" class=\"wp-video\"><video class=\"wp-video-shortcode\" id=\"video-97-1\" width=\"640\" height=\"360\" preload=\"metadata\" controls=\"controls\"><source type=\"video\/mp4\" src=\"https:\/\/orexis.io\/goethevolk\/wp-content\/uploads\/2026\/02\/Das_Goethevolk.mp4?_=1\" \/><a href=\"https:\/\/orexis.io\/goethevolk\/wp-content\/uploads\/2026\/02\/Das_Goethevolk.mp4\">https:\/\/orexis.io\/goethevolk\/wp-content\/uploads\/2026\/02\/Das_Goethevolk.mp4<\/a><\/video><\/div>\n<p style=\"text-align: center;\">Fortsetzung der Zusammenfassung<\/p>\n<p>abgrenzt. Das zentrale Ziel dieser Bewegung ist der\u00a0<strong>Widerstand gegen moderne politische Systeme<\/strong>, die als kulturzerst\u00f6rend wahrgenommen werden, um stattdessen zu einem idealisierten,\u00a0<strong>k\u00f6niglichen Ursprung<\/strong>\u00a0zur\u00fcckzukehren. Formal erfolgt die Aufnahme entweder \u00fcber ein digitales Dokument oder rituell w\u00e4hrend spezieller\u00a0<strong>festlicher Inszenierungen<\/strong>, wodurch der b\u00fcrokratische Akt mit einer mythologischen Bedeutung aufgeladen wird. (11\/02\/26, KI-generiert)<\/p>\n<hr \/>\n<p style=\"text-align: center;\"><strong>Podcast des poetologischen Fragmentes im Stil einer Rezension<br \/>\n<\/strong>Goethevolk zwischen dionysischer Umdeutung und apollinischer Neuordnung<\/p>\n<audio class=\"wp-audio-shortcode\" id=\"audio-97-1\" preload=\"none\" style=\"width: 100%;\" controls=\"controls\"><source type=\"audio\/mpeg\" src=\"https:\/\/orexis.io\/goethevolk\/wp-content\/uploads\/2026\/02\/Goethesvolk_zwischen_Wahnsinn_und_Umsturz.m4a?_=1\" \/><a href=\"https:\/\/orexis.io\/goethevolk\/wp-content\/uploads\/2026\/02\/Goethesvolk_zwischen_Wahnsinn_und_Umsturz.m4a\">https:\/\/orexis.io\/goethevolk\/wp-content\/uploads\/2026\/02\/Goethesvolk_zwischen_Wahnsinn_und_Umsturz.m4a<\/a><\/audio>\n<hr \/>\n<p style=\"text-align: center;\"><strong>Poetologisches Fragment (Subjekt-generiert)<\/strong><\/p>\n<div class=\"entry-content\">\n<p><em>(04\/06\/14, 10\/08\/12,\u00a0 02\/07\/11) Faust:<\/em> &#8220;Die Einschreibung selbst ist kostenlos. Sie ist aber nur als Mitglied des Goethevolkes m\u00f6glich. Auch ist jene die Voraussetzung f\u00fcr die Mitgliedschaft in diesem. Jedes Mitglied ist somit automatisch auch eine Studentin, ein Student der Hochschule.<\/p>\n<p>Alle Organe des \u00e4sthetischen Stadtstaates von Neu-Weimar in seinem irdischen Abbild als &#8216;Sonne und Erde&#8217; sind hochschulm\u00e4\u00dfig organisiert. Das Mitgliedsformular steht demn\u00e4chst zum Download bereit oder kann w\u00e4hrend eines Festspieles zu Ehren des Dionysos und seiner M\u00e4naden zur Verf\u00fcgung gestellt werden.<\/p>\n<p>K\u00e4mpfen Sie mit uns gemeinsam, durch Ihre R\u00fcckkehr zu Ihrem k\u00f6niglichen Ursprung, gegen die gewaltt\u00e4tige, kulturimperialistische, neo-kolonialistische und neo-rassistische Verweigerung der Entwicklungsm\u00f6glichkeiten des kunstreligi\u00f6sen Goethevolkes und seine die Ganzheit l\u00e4sternde Inanspruchnahme durch die Parteienoligarchie im ehemaligen Deutschland f\u00fcr ihre relativen Zwecke.&#8221; (wird fortgesetzt)<\/p>\n<p><em>Henryk Dykier.<\/em> Copyright (C). Alle Rechte ohne Ausnahmen vorbehalten!<\/p>\n<p><strong>\u00c4nderungen<\/strong><br \/>\n______________________<br \/>\n*1) (11\/02\/26) Genereller Umbau ohne Inhalts-Ver\u00e4nderungen.<br \/>\n*2) (11\/02\/26) Einbau neuer Formate und Hinzuf\u00fcgung der poetologischen Instanz &#8216;Faust&#8217; und der Urheber-Zeile.<br \/>\n*2) (01\/04\/26) Im zweiten Absatz des poetologischen Studien-Textes wurde &#8216;demn\u00e4chst&#8217; hinzugef\u00fcgt.<\/p>\n<\/div>\n","protected":false},"excerpt":{"rendered":"<p>Vorspann (Subjekt-generiert) (11\/02\/26) Faust: &#8220;Mein heutiger Auftritt hier im Frame der Einschreibung hat folgenden Grund: Ich muss Sie als m\u00f6gliche Interessent-in darauf hinweisen, dass das Studium und damit auch die Mitgliedschaft im Goethevolk nur m\u00f6glich ist nach der L\u00f6sung eines &hellip; <a href=\"https:\/\/orexis.io\/goethevolk\/?page_id=97\">Continue reading <span class=\"meta-nav\">&rarr;<\/span><\/a><\/p>\n","protected":false},"author":2,"featured_media":0,"parent":0,"menu_order":0,"comment_status":"closed","ping_status":"closed","template":"","meta":{"footnotes":""},"class_list":["post-97","page","type-page","status-publish","hentry"],"_links":{"self":[{"href":"https:\/\/orexis.io\/goethevolk\/index.php?rest_route=\/wp\/v2\/pages\/97","targetHints":{"allow":["GET"]}}],"collection":[{"href":"https:\/\/orexis.io\/goethevolk\/index.php?rest_route=\/wp\/v2\/pages"}],"about":[{"href":"https:\/\/orexis.io\/goethevolk\/index.php?rest_route=\/wp\/v2\/types\/page"}],"author":[{"embeddable":true,"href":"https:\/\/orexis.io\/goethevolk\/index.php?rest_route=\/wp\/v2\/users\/2"}],"replies":[{"embeddable":true,"href":"https:\/\/orexis.io\/goethevolk\/index.php?rest_route=%2Fwp%2Fv2%2Fcomments&post=97"}],"version-history":[{"count":9,"href":"https:\/\/orexis.io\/goethevolk\/index.php?rest_route=\/wp\/v2\/pages\/97\/revisions"}],"predecessor-version":[{"id":1293,"href":"https:\/\/orexis.io\/goethevolk\/index.php?rest_route=\/wp\/v2\/pages\/97\/revisions\/1293"}],"wp:attachment":[{"href":"https:\/\/orexis.io\/goethevolk\/index.php?rest_route=%2Fwp%2Fv2%2Fmedia&parent=97"}],"curies":[{"name":"wp","href":"https:\/\/api.w.org\/{rel}","templated":true}]}}