{"id":2,"date":"2021-11-03T13:12:10","date_gmt":"2021-11-03T13:12:10","guid":{"rendered":"https:\/\/orexis.io\/kunstkirche\/?page_id=2"},"modified":"2021-11-03T16:03:11","modified_gmt":"2021-11-03T16:03:11","slug":"about","status":"publish","type":"page","link":"https:\/\/orexis.io\/kunstkirche\/index.php\/about\/","title":{"rendered":"About"},"content":{"rendered":"<p>(03\/11\/21) Die verschiedenen Facetten der Kunstkirche, die selbst auch nur ein Attribut der &#8220;Sozialen Plastik&#8221;<em> (Beuys)<\/em> ist, k\u00f6nnen nicht alle und nicht gleichzeitig dem geneigten Publikum vorgestellt werden! Auf dieser <em>website <\/em>geht es nicht um das allgemeine Denken, Gef\u00fchl, Wollen, sondern um den Teil der Bewegung, der hochsensibel Lust und Unlust direkt auf der &#8220;Zunge&#8221; schmeckt, der das stoffliche und geistige gemeinsam wahrnehmen muss, damit er auch \u00e4sthetisch autonom sich dem zuk\u00fcnftigen Symbol schon am &#8216;absoluten Anfang&#8217; in der &#8216;reinen Reflexion&#8217;, im Zusammenspiel der G\u00f6tt-innen &#8216;<em>Hemera&#8217;<\/em> und &#8216;<em>Hygieia&#8217;<\/em> hoffnungsfroh <em>(Pandora),<\/em> allein aufgrund der versprochenen Gl\u00fcckseligkeit in der imaginierten Sinnlichkeit, zwar noch opak, aber doch mit &#8216;ersch\u00fctternder Attraktivit\u00e4t&#8217; strebend zuwendet! Ja, so soll es sein! Die &#8216;romantische Ironie&#8217; beginnt ein neues Spiel, nachdem sich in der vorherigen Transzendentalie &#8216;Prinz&#8217; und &#8216;Prinzessin&#8217; haben trennen m\u00fcssen! (wird fortgesetzt)<\/p>\n","protected":false},"excerpt":{"rendered":"<p>(03\/11\/21) Die verschiedenen Facetten der Kunstkirche, die selbst auch nur ein Attribut der &#8220;Sozialen Plastik&#8221; (Beuys) ist, k\u00f6nnen nicht alle und nicht gleichzeitig dem geneigten Publikum vorgestellt werden! Auf dieser website geht es nicht um das allgemeine Denken, Gef\u00fchl, Wollen, &hellip; <a href=\"https:\/\/orexis.io\/kunstkirche\/index.php\/about\/\">Continue reading <span class=\"meta-nav\">&rarr;<\/span><\/a><\/p>\n","protected":false},"author":1,"featured_media":0,"parent":0,"menu_order":0,"comment_status":"closed","ping_status":"open","template":"","meta":{"_monsterinsights_skip_tracking":false,"_monsterinsights_sitenote_active":false,"_monsterinsights_sitenote_note":"","_monsterinsights_sitenote_category":0,"footnotes":""},"class_list":["post-2","page","type-page","status-publish","hentry"],"aioseo_notices":[],"jetpack-related-posts":[],"jetpack_sharing_enabled":true,"jetpack_likes_enabled":true,"_links":{"self":[{"href":"https:\/\/orexis.io\/kunstkirche\/index.php\/wp-json\/wp\/v2\/pages\/2","targetHints":{"allow":["GET"]}}],"collection":[{"href":"https:\/\/orexis.io\/kunstkirche\/index.php\/wp-json\/wp\/v2\/pages"}],"about":[{"href":"https:\/\/orexis.io\/kunstkirche\/index.php\/wp-json\/wp\/v2\/types\/page"}],"author":[{"embeddable":true,"href":"https:\/\/orexis.io\/kunstkirche\/index.php\/wp-json\/wp\/v2\/users\/1"}],"replies":[{"embeddable":true,"href":"https:\/\/orexis.io\/kunstkirche\/index.php\/wp-json\/wp\/v2\/comments?post=2"}],"version-history":[{"count":2,"href":"https:\/\/orexis.io\/kunstkirche\/index.php\/wp-json\/wp\/v2\/pages\/2\/revisions"}],"predecessor-version":[{"id":8,"href":"https:\/\/orexis.io\/kunstkirche\/index.php\/wp-json\/wp\/v2\/pages\/2\/revisions\/8"}],"wp:attachment":[{"href":"https:\/\/orexis.io\/kunstkirche\/index.php\/wp-json\/wp\/v2\/media?parent=2"}],"curies":[{"name":"wp","href":"https:\/\/api.w.org\/{rel}","templated":true}]}}